{"id":10319,"date":"2018-08-21T14:43:09","date_gmt":"2018-08-21T13:43:09","guid":{"rendered":"https:\/\/solcelle.dk\/wordpress\/?post_type=product&#038;p=10319"},"modified":"2024-06-09T15:03:28","modified_gmt":"2024-06-09T14:03:28","slug":"marine-stays-kit-til-rutland-914i-vindmoelle","status":"publish","type":"product","link":"https:\/\/solcelle.dk\/wordpress\/produkt\/marine-stays-kit-til-rutland-914i-vindmoelle\/","title":{"rendered":"Rutland 914i  Marine Stays Kit standard 2&#215;1,2m til b\u00e5d"},"content":{"rendered":"<p>Rutland 914i Marine Stays Kit standard 2&#215;1,2m til b\u00e5d indeholder:<\/p>\n<p>&#8211; 2x 1,2m l\u00e6ngder af poleret rustfrit st\u00e5lr\u00f8r, der kan sk\u00e6res i st\u00f8rrelse, om n\u00f8dvendigt med 4 ende h\u00e6tter.<br \/>\n&#8211; 32mm h\u00e6ngslede klapklemmer med gummiindsatser for at reducere til 25mm.<\/p>\n<p>Dette kit er fleksibelt nok til at passe til de fleste beslag og kan bruges med <a href=\"https:\/\/solcelle.dk\/wordpress\/produkt\/vindmoelle-rutland-914i-til-baad-land\/\">Rutland 914i vindm\u00f8lle<\/a><\/p>\n<p>(Stay kit r\u00f8r er 22mm ekstern diameter).<\/p>\n","protected":false},"excerpt":{"rendered":"<p>Dette kit er fleksibelt nok til at passe til de fleste beslag<br \/>\nDimensioner: 2 x 1,2m mastsektioner<br \/>\nV\u00e6gt: 4 kg<\/p>\n<p>Levering: 5-6 dage<\/p>\n","protected":false},"featured_media":10320,"template":"","meta":{"_predictive_search_focuskw":"","_ps_exclude_item":""},"product_brand":[],"product_cat":[142],"product_tag":[811,144,185,558,157],"class_list":{"0":"post-10319","1":"product","2":"type-product","3":"status-publish","4":"has-post-thumbnail","6":"product_cat-vindmoeller-til-122448v","7":"product_tag-12v-vindmoelle-til-baad","8":"product_tag-kolonihavehus","9":"product_tag-land","10":"product_tag-monterings-system","11":"product_tag-telekommunikation","12":"product_shipping_class-forsendelse","13":"pa_producent-marlec-engineering-co-ltd","14":"post","15":"post-with-thumbnail","16":"post-with-thumbnail-large","18":"first","19":"instock","20":"taxable","21":"shipping-taxable","22":"purchasable","23":"product-type-simple"},"aioseo_notices":[],"_links":{"self":[{"href":"https:\/\/solcelle.dk\/wordpress\/wp-json\/wp\/v2\/product\/10319","targetHints":{"allow":["GET"]}}],"collection":[{"href":"https:\/\/solcelle.dk\/wordpress\/wp-json\/wp\/v2\/product"}],"about":[{"href":"https:\/\/solcelle.dk\/wordpress\/wp-json\/wp\/v2\/types\/product"}],"wp:featuredmedia":[{"embeddable":true,"href":"https:\/\/solcelle.dk\/wordpress\/wp-json\/wp\/v2\/media\/10320"}],"wp:attachment":[{"href":"https:\/\/solcelle.dk\/wordpress\/wp-json\/wp\/v2\/media?parent=10319"}],"wp:term":[{"taxonomy":"product_brand","embeddable":true,"href":"https:\/\/solcelle.dk\/wordpress\/wp-json\/wp\/v2\/product_brand?post=10319"},{"taxonomy":"product_cat","embeddable":true,"href":"https:\/\/solcelle.dk\/wordpress\/wp-json\/wp\/v2\/product_cat?post=10319"},{"taxonomy":"product_tag","embeddable":true,"href":"https:\/\/solcelle.dk\/wordpress\/wp-json\/wp\/v2\/product_tag?post=10319"}],"curies":[{"name":"wp","href":"https:\/\/api.w.org\/{rel}","templated":true}]}}