{"id":10575,"date":"2018-08-17T09:46:13","date_gmt":"2018-08-17T08:46:13","guid":{"rendered":"https:\/\/solcelle.dk\/wordpress\/?post_type=product&#038;p=10575"},"modified":"2025-12-04T10:20:08","modified_gmt":"2025-12-04T09:20:08","slug":"dc-dc-konverter-victron-orion-tr-24-12-ikke-galvanisk-isoleret","status":"publish","type":"product","link":"https:\/\/solcelle.dk\/wordpress\/produkt\/dc-dc-konverter-victron-orion-tr-24-12-ikke-galvanisk-isoleret\/","title":{"rendered":"DC \/ DC konverter Victron Orion-Tr 24\/12 IKKE isoleret"},"content":{"rendered":"<p>DC \/ DC konverter Victron Orion Tr 24 \/ 12 IKKE galvanisk isoleret\u00a0 er udviklet til montering p\u00e5 skibe, k\u00f8ret\u00f8jer, sommerhus, kolonihavehus eller andre steder der kr\u00e6ver DC \/ DC converter. Denne Orion serie leveres uden galvanisk adskillelse. Kan forsynes fra 24 V <a href=\"https:\/\/solcelle.dk\/wordpress\/produkt\/lifepo4-batteri-m-app-overvaagning-bms-24v-100ah\/\">batterier<\/a>.<\/p>\n<p>Ved hj\u00e6lp af synkron udbedring overstiger fuldlasteffektiviteten 95%. Der kr\u00e6ves ingen specielle v\u00e6rkt\u00f8jer til installation.<\/p>\n<p>&#8211; Isolation: ikke isoleret<br \/>\n&#8211; Sp\u00e6nding indgang: 18 til 35 V<br \/>\n&#8211; Sp\u00e6nding udgang: 12,5 V<br \/>\n&#8211; Beskyttelse: IP43<br \/>\n&#8211; V\u00e6gt: 0,2 kg<br \/>\n&#8211; Montering: skruer<\/p>\n<p>V\u00e6lg mellem flere str\u00f8mstyrker p\u00e5 udgangen:<br \/>\n&#8211; 5 A ikke isoleret DC \/ DC-konverter Orion-Tr 24 V til 12 V, 60 W.\u00a0 53 x 51 x 27 mm<br \/>\n&#8211; 10 A ikke isoleret DC \/ DC-konverter Orion-Tr 24 V til 12 V, 120 W. 73 x 94 x 37 mm<br \/>\n&#8211; 15 A ikke isoleret DC \/ DC-konverter Orion-Tr 24 V til 12 V, 180 W. 73 x 94 x 37 mm<br \/>\n&#8211; 20 A ikke isoleret DC \/ DC-konverter Orion-Tr 24 V til 12 V, 240 W. \u00a073 x 94 x 37 mm<\/p>\n<p><img loading=\"lazy\" decoding=\"async\" class=\"size-full wp-image-10576\" src=\"https:\/\/solcelle.dk\/wordpress\/wp-content\/uploads\/2018\/09\/Datasheet-Victron-Orion-Tr-2412-non-isolated.jpg\" alt=\"Datasheet Victron Orion-Tr 2412 non isolated\" width=\"743\" height=\"546\" srcset=\"https:\/\/solcelle.dk\/wordpress\/wp-content\/uploads\/2018\/09\/Datasheet-Victron-Orion-Tr-2412-non-isolated.jpg 743w, https:\/\/solcelle.dk\/wordpress\/wp-content\/uploads\/2018\/09\/Datasheet-Victron-Orion-Tr-2412-non-isolated-500x367.jpg 500w, https:\/\/solcelle.dk\/wordpress\/wp-content\/uploads\/2018\/09\/Datasheet-Victron-Orion-Tr-2412-non-isolated-200x147.jpg 200w\" sizes=\"auto, (max-width: 743px) 100vw, 743px\" \/><\/p>\n","protected":false},"excerpt":{"rendered":"<p>Sp\u00e6nding indgang: 18 &#8211; 35 V<br \/>\nSp\u00e6nding udgang: 12,5 V<br \/>\nDimensioner : 53x51x27 mm \/ 73x94x37mm<br \/>\nLevering:\u00a04-6 dage<\/p>\n<p><span style=\"color: #ff0000;\"><strong>V\u00e6lg effekt, str\u00f8m:<\/strong><\/span><\/p>\n","protected":false},"featured_media":10580,"template":"","meta":{"_predictive_search_focuskw":"","_ps_exclude_item":""},"product_brand":[],"product_cat":[66,990],"product_tag":[152,153,159,977],"class_list":{"0":"post-10575","1":"product","2":"type-product","3":"status-publish","4":"has-post-thumbnail","6":"product_cat-batteri-tilbehoer","7":"product_cat-dc-dc-konverter","8":"product_tag-12v","9":"product_tag-24v","10":"product_tag-batteri","11":"product_tag-konverter","12":"product_shipping_class-forsendelse","13":"pa_producent-victron-energy","14":"post","15":"post-with-thumbnail","16":"post-with-thumbnail-large","18":"first","19":"instock","20":"taxable","21":"shipping-taxable","22":"purchasable","23":"product-type-variable","24":"has-default-attributes"},"aioseo_notices":[],"_links":{"self":[{"href":"https:\/\/solcelle.dk\/wordpress\/wp-json\/wp\/v2\/product\/10575","targetHints":{"allow":["GET"]}}],"collection":[{"href":"https:\/\/solcelle.dk\/wordpress\/wp-json\/wp\/v2\/product"}],"about":[{"href":"https:\/\/solcelle.dk\/wordpress\/wp-json\/wp\/v2\/types\/product"}],"wp:featuredmedia":[{"embeddable":true,"href":"https:\/\/solcelle.dk\/wordpress\/wp-json\/wp\/v2\/media\/10580"}],"wp:attachment":[{"href":"https:\/\/solcelle.dk\/wordpress\/wp-json\/wp\/v2\/media?parent=10575"}],"wp:term":[{"taxonomy":"product_brand","embeddable":true,"href":"https:\/\/solcelle.dk\/wordpress\/wp-json\/wp\/v2\/product_brand?post=10575"},{"taxonomy":"product_cat","embeddable":true,"href":"https:\/\/solcelle.dk\/wordpress\/wp-json\/wp\/v2\/product_cat?post=10575"},{"taxonomy":"product_tag","embeddable":true,"href":"https:\/\/solcelle.dk\/wordpress\/wp-json\/wp\/v2\/product_tag?post=10575"}],"curies":[{"name":"wp","href":"https:\/\/api.w.org\/{rel}","templated":true}]}}