{"id":10597,"date":"2018-08-17T11:58:59","date_gmt":"2018-08-17T10:58:59","guid":{"rendered":"https:\/\/solcelle.dk\/wordpress\/?post_type=product&#038;p=10597"},"modified":"2026-05-07T08:22:22","modified_gmt":"2026-05-07T07:22:22","slug":"dc-dc-konverter-victron-orion-tr-12-24-48v-220-280w-galvanisk-isoleret","status":"publish","type":"product","link":"https:\/\/solcelle.dk\/wordpress\/produkt\/dc-dc-konverter-victron-orion-tr-12-24-48v-220-280w-galvanisk-isoleret\/","title":{"rendered":"DC \/ DC konverter Victron Orion-Tr, 12-48V, 8A, isoleret"},"content":{"rendered":"<p>DC \/ DC konverter Victron Orion-Tr, 12 til 48 V, 8 A, galvanisk isoleret er udviklet til montering p\u00e5 skibe, k\u00f8ret\u00f8jer og andet materiel der kr\u00e6ver DC\/DC converter. <a href=\"https:\/\/solcelle.dk\/wordpress\/woocommerce-search\/keyword\/orion\/search-in\/product\/cat-in\/all\/search-other\/product\">Orion<\/a> serien leveres b\u00e5de med og uden galvanisk adskillelse. <a href=\"https:\/\/kerychip.dk\/Datablad\/Datasheet-Orion-Tr-DC-DC-converters-isolated-100-250-400W-EN.pdf\">Download Datablad<\/a><\/p>\n<p>&#8211; Galvanisk isoleret: Ja<br \/>\n&#8211; Indgangssp\u00e6nding: 8 V\u00a0 til 17 V<br \/>\n&#8211; Udgangssp\u00e6nding: 40 V- 60 V (48,2 V)<br \/>\n&#8211; Udgangsstr\u00f8m: 8 A<br \/>\n&#8211; Udgangseffekt: 380 W<br \/>\n&#8211; M\u00e5l: 130 mm x 186 mm x 70 mm<br \/>\n&#8211; Arbejdstemperatur: &#8211; 20 til + 55 \u00b0C<br \/>\n&#8211; Terminal: Skrue Kabel max: 16 mm\u00b2<br \/>\n&#8211; Kabinet: IP43<\/p>\n","protected":false},"excerpt":{"rendered":"<p>Indgangssp\u00e6nding: 8 V\u00a0 til 17 V<br \/>\nUdgangssp\u00e6nding: 40 V-60 V (48,2V)<br \/>\nUdgangsstr\u00f8m: 8 A<br \/>\nUdgangseffekt: 380 W<br \/>\nM\u00e5l: 130 mm x 186 mm x 70 mm<br \/>\nLevering: 2-3 dage<\/p>\n","protected":false},"featured_media":10607,"template":"","meta":{"_predictive_search_focuskw":"","_ps_exclude_item":""},"product_brand":[],"product_cat":[990],"product_tag":[152,153,376,159,977],"class_list":{"0":"post-10597","1":"product","2":"type-product","3":"status-publish","4":"has-post-thumbnail","6":"product_cat-dc-dc-konverter","7":"product_tag-12v","8":"product_tag-24v","9":"product_tag-48v","10":"product_tag-batteri","11":"product_tag-konverter","12":"product_shipping_class-forsendelse","13":"pa_producent-victron-energy","14":"post","15":"post-with-thumbnail","16":"post-with-thumbnail-large","18":"first","19":"instock","20":"taxable","21":"shipping-taxable","22":"purchasable","23":"product-type-simple"},"aioseo_notices":[],"_links":{"self":[{"href":"https:\/\/solcelle.dk\/wordpress\/wp-json\/wp\/v2\/product\/10597","targetHints":{"allow":["GET"]}}],"collection":[{"href":"https:\/\/solcelle.dk\/wordpress\/wp-json\/wp\/v2\/product"}],"about":[{"href":"https:\/\/solcelle.dk\/wordpress\/wp-json\/wp\/v2\/types\/product"}],"wp:featuredmedia":[{"embeddable":true,"href":"https:\/\/solcelle.dk\/wordpress\/wp-json\/wp\/v2\/media\/10607"}],"wp:attachment":[{"href":"https:\/\/solcelle.dk\/wordpress\/wp-json\/wp\/v2\/media?parent=10597"}],"wp:term":[{"taxonomy":"product_brand","embeddable":true,"href":"https:\/\/solcelle.dk\/wordpress\/wp-json\/wp\/v2\/product_brand?post=10597"},{"taxonomy":"product_cat","embeddable":true,"href":"https:\/\/solcelle.dk\/wordpress\/wp-json\/wp\/v2\/product_cat?post=10597"},{"taxonomy":"product_tag","embeddable":true,"href":"https:\/\/solcelle.dk\/wordpress\/wp-json\/wp\/v2\/product_tag?post=10597"}],"curies":[{"name":"wp","href":"https:\/\/api.w.org\/{rel}","templated":true}]}}