{"id":10746,"date":"2018-09-26T15:38:47","date_gmt":"2018-09-26T14:38:47","guid":{"rendered":"https:\/\/solcelle.dk\/wordpress\/?post_type=product&#038;p=10746"},"modified":"2024-01-02T17:13:45","modified_gmt":"2024-01-02T16:13:45","slug":"dc-dc-konverter-victron-orion-ip67-24-12-med-18m-kabler","status":"publish","type":"product","link":"https:\/\/solcelle.dk\/wordpress\/produkt\/dc-dc-konverter-victron-orion-ip67-24-12-med-18m-kabler\/","title":{"rendered":"DC \/ DC konverter Victron Orion IP67, 24\/12 med 1,8m kabler"},"content":{"rendered":"<p>DC \/ DC konverter Victron Orion IP67 24V\/12V med 1,8m kabler er helt indkapslet. Vandt\u00e6t, st\u00f8dt\u00e6t og ant\u00e6ndelsesbeskyttet. Vand, olie eller snavs vil ikke beskadige Orion IP67 <a href=\"https:\/\/solcelle.dk\/wordpress\/produkt-kategori\/batterier-syre-lithium-agm-gel-og-pakker\/batterioplader-og-konverter-til-12-24-48-v\/\">DC-DC Converter<\/a>. Kasse i lavet af st\u00f8bt aluminium, og elektronikken er st\u00f8bt i harpiks.<\/p>\n<p>Ekstra lang indgangs- og udgangsledninger. Takket v\u00e6re kablerne p\u00e5 1,8 meter i l\u00e6ngden, vil mellemliggende kabelforbindelser for at \u00f8ge l\u00e6ngden endnu mere i de fleste tilf\u00e6lde ikke v\u00e6re n\u00f8dvendige.<\/p>\n<p>Med et inputomr\u00e5de p\u00e5 15 til 40 volt sikres en stabil udgang under overbelastninger eller p\u00e5 grund af andet udstyr forbundet med samme batteri.<br \/>\nBeskyttet mod overophedning. Det kan bruges i et varmt milj\u00f8 som et maskinrum.<\/p>\n<p>&#8211; Isolation mellem indgang og udgang: Ikke-isoleret<br \/>\n&#8211; Sp\u00e6ndingsindgang: 15 &#8211; 40 V<br \/>\n&#8211; Sp\u00e6ndingsudgang: 12 V +\/-3%<\/p>\n<p><strong>V\u00e6lg mellem flere effekter:<\/strong><br \/>\n&#8211; 60 W Victron Orion IP67 24\/12-5 A DC\/DC-konverter\/ 25 x 43 x 20mm \/ 0,05 Kg<br \/>\n&#8211; 120 W Victron Orion IP67 24\/12-10 A DC\/DC-konverter \/ 74 x 74 x 32 mm \/ 0,3 kg<br \/>\n&#8211; 240 W Victron Orion IP67 24\/12-20 A DC\/DC-konverter \/ 74 x 74 x 32 mm \/ 0,3 kg<\/p>\n","protected":false},"excerpt":{"rendered":"<p>Sp\u00e6ndingsindgang: 15 &#8211; 40 V<br \/>\nSp\u00e6ndingsudgang: 12 V +\/-3%<br \/>\nStr\u00f8m udgang: 5 A, 10 A, 20 A<br \/>\nLevering: 2-4 dage<\/p>\n<p><span style=\"color: #ff0000;\"><strong>V\u00e6lg effekt, str\u00f8m:<\/strong><\/span><\/p>\n","protected":false},"featured_media":10751,"template":"","meta":{"_predictive_search_focuskw":"","_ps_exclude_item":""},"product_brand":[],"product_cat":[990],"product_tag":[152,153,159,977],"class_list":{"0":"post-10746","1":"product","2":"type-product","3":"status-publish","4":"has-post-thumbnail","6":"product_cat-dc-dc-konverter","7":"product_tag-12v","8":"product_tag-24v","9":"product_tag-batteri","10":"product_tag-konverter","11":"product_shipping_class-forsendelse","12":"pa_producent-victron-energy","13":"post","14":"post-with-thumbnail","15":"post-with-thumbnail-large","17":"first","18":"instock","19":"taxable","20":"shipping-taxable","21":"purchasable","22":"product-type-variable","23":"has-default-attributes"},"aioseo_notices":[],"_links":{"self":[{"href":"https:\/\/solcelle.dk\/wordpress\/wp-json\/wp\/v2\/product\/10746","targetHints":{"allow":["GET"]}}],"collection":[{"href":"https:\/\/solcelle.dk\/wordpress\/wp-json\/wp\/v2\/product"}],"about":[{"href":"https:\/\/solcelle.dk\/wordpress\/wp-json\/wp\/v2\/types\/product"}],"wp:featuredmedia":[{"embeddable":true,"href":"https:\/\/solcelle.dk\/wordpress\/wp-json\/wp\/v2\/media\/10751"}],"wp:attachment":[{"href":"https:\/\/solcelle.dk\/wordpress\/wp-json\/wp\/v2\/media?parent=10746"}],"wp:term":[{"taxonomy":"product_brand","embeddable":true,"href":"https:\/\/solcelle.dk\/wordpress\/wp-json\/wp\/v2\/product_brand?post=10746"},{"taxonomy":"product_cat","embeddable":true,"href":"https:\/\/solcelle.dk\/wordpress\/wp-json\/wp\/v2\/product_cat?post=10746"},{"taxonomy":"product_tag","embeddable":true,"href":"https:\/\/solcelle.dk\/wordpress\/wp-json\/wp\/v2\/product_tag?post=10746"}],"curies":[{"name":"wp","href":"https:\/\/api.w.org\/{rel}","templated":true}]}}