{"id":11137,"date":"2018-10-30T17:05:18","date_gmt":"2018-10-30T16:05:18","guid":{"rendered":"https:\/\/solcelle.dk\/wordpress\/?post_type=product&#038;p=11137"},"modified":"2022-06-17T10:42:52","modified_gmt":"2022-06-17T09:42:52","slug":"outback-communication-manager-hub-4","status":"publish","type":"product","link":"https:\/\/solcelle.dk\/wordpress\/produkt\/outback-communication-manager-hub-4\/","title":{"rendered":"Outback Communication Manager Hub 4"},"content":{"rendered":"<p>Hub-4 kommunikations systemet tillader at 2, 3 eller 4 Outback FM60&#8217;er eller FM80&#8217;er blive brugt parallelt til at oplade en enkelt batteribank. Dette g\u00f8r det muligt at anvende flere solmoduler til forskellige dele af batterisystemet, der er forbundet til forskellige controllere.<br \/>\nUd over at \u00f8ge den samlede solindgang, bruger mere end en controller, at du har mere end et maksimal power point tracker, hvilket giver fordel ved flere konfigurationer. Ved at have et solpanel, der peger mod \u00f8st og et andet som peger mod vest, kan du designe dit system for at producere en forholdsvis flad opladningskurve i l\u00f8bet af dagen, hvilket reducerer sp\u00e6ndingen p\u00e5 dine batterier og bedre matcher dine belastninger.<br \/>\nEn Outback FM60 eller FM80 vil v\u00e6re master controller, andre enheder vil v\u00e6re slave controllere.<br \/>\nEventuelt kan Outback MATE tilf\u00f8jes som en central controller \/ monitor, og i mere h\u00f8jt integrerede systemer kan Hub-4 betjene andre Outback-produkter s\u00e5som inverter \/ ladere i en stablet eller uafh\u00e6ngig konfiguration.<br \/>\nEgenskaber:<br \/>\n\u2022 Kommunikations ordning<br \/>\n\u2022 forbrug opdeling og str\u00f8mbesparelse til \/ fra signaler<br \/>\n\u2022 Standard sammenkoblingskabler<br \/>\n\u2022 Ethernet CAT5 med RJ45 modul\u00e6re stik<\/p>\n","protected":false},"excerpt":{"rendered":"<p>Til Outback systemer<\/p>\n<p>Levering :ca. 7 dage<\/p>\n","protected":false},"featured_media":11133,"template":"","meta":{"_predictive_search_focuskw":"","_ps_exclude_item":""},"product_brand":[],"product_cat":[941],"product_tag":[786,176],"class_list":{"0":"post-11137","1":"product","2":"type-product","3":"status-publish","4":"has-post-thumbnail","6":"product_cat-kabler-sensorer-usb-displays-til-inverter","7":"product_tag-inverter-12v-230v-ren-sinus","8":"product_tag-usb","9":"product_shipping_class-forsendelse","10":"pa_producent-outback","11":"post","12":"post-with-thumbnail","13":"post-with-thumbnail-large","15":"first","16":"instock","17":"taxable","18":"shipping-taxable","19":"purchasable","20":"product-type-simple"},"aioseo_notices":[],"_links":{"self":[{"href":"https:\/\/solcelle.dk\/wordpress\/wp-json\/wp\/v2\/product\/11137","targetHints":{"allow":["GET"]}}],"collection":[{"href":"https:\/\/solcelle.dk\/wordpress\/wp-json\/wp\/v2\/product"}],"about":[{"href":"https:\/\/solcelle.dk\/wordpress\/wp-json\/wp\/v2\/types\/product"}],"wp:featuredmedia":[{"embeddable":true,"href":"https:\/\/solcelle.dk\/wordpress\/wp-json\/wp\/v2\/media\/11133"}],"wp:attachment":[{"href":"https:\/\/solcelle.dk\/wordpress\/wp-json\/wp\/v2\/media?parent=11137"}],"wp:term":[{"taxonomy":"product_brand","embeddable":true,"href":"https:\/\/solcelle.dk\/wordpress\/wp-json\/wp\/v2\/product_brand?post=11137"},{"taxonomy":"product_cat","embeddable":true,"href":"https:\/\/solcelle.dk\/wordpress\/wp-json\/wp\/v2\/product_cat?post=11137"},{"taxonomy":"product_tag","embeddable":true,"href":"https:\/\/solcelle.dk\/wordpress\/wp-json\/wp\/v2\/product_tag?post=11137"}],"curies":[{"name":"wp","href":"https:\/\/api.w.org\/{rel}","templated":true}]}}