{"id":11146,"date":"2018-10-31T13:57:48","date_gmt":"2018-10-31T12:57:48","guid":{"rendered":"https:\/\/solcelle.dk\/wordpress\/?post_type=product&#038;p=11146"},"modified":"2022-06-17T11:26:36","modified_gmt":"2022-06-17T10:26:36","slug":"surge-protector-outback-flexware-fw-sp-250","status":"publish","type":"product","link":"https:\/\/solcelle.dk\/wordpress\/produkt\/surge-protector-outback-flexware-fw-sp-250\/","title":{"rendered":"Outback Surge Protector Flexware FW-SP-250"},"content":{"rendered":"<p>OutBack Power&#8217;s FLEXware Surge Protector er en problemfri integreret systembalance komponent til FX Series Inverter \/ Charger. FLEXware Surge Protector er designet af OutBack Power ingeni\u00f8rer specielt til OutBack FX Series Inverter \/ Opladere, og giver flere beskyttelsesniveauer for de vitale elektriske komponenter i omformeren \/ opladeren i tilf\u00e6lde af en elektrisk spids. Det sofistikerede design giver mulighed for b\u00e5de AC og DC beskyttelse p\u00e5 flere kredsl\u00f8b (2 AC og 1 DC) via termisk smeltede metaloxidvaristorer (MOV&#8217;er). LED-visuelle indikatorer giver \u00f8jeblikkelig statusoverv\u00e5gning, s\u00e5 systembrugere kan bestemme driftsstatus for FLEXware Surge Protector i realtid. FLEXware Surge Protector er designet til at fungere mellem 120 til 240 VAC ved 50\/60 Hz og 12 til 48 VDC. Dens flere monteringskonfigurationer g\u00f8r det muligt at indarbejde i ethvert OutBack Power-system.<\/p>\n","protected":false},"excerpt":{"rendered":"<p>Til\u00a0Outback systemer<br \/>\nDimensioner: 139 x 165 x 190 mm<\/p>\n<p>Levering :ca. 7 dage<\/p>\n","protected":false},"featured_media":11135,"template":"","meta":{"_predictive_search_focuskw":"","_ps_exclude_item":""},"product_brand":[],"product_cat":[941],"product_tag":[786,176],"class_list":{"0":"post-11146","1":"product","2":"type-product","3":"status-publish","4":"has-post-thumbnail","6":"product_cat-kabler-sensorer-usb-displays-til-inverter","7":"product_tag-inverter-12v-230v-ren-sinus","8":"product_tag-usb","9":"product_shipping_class-forsendelse","10":"pa_producent-outback","11":"post","12":"post-with-thumbnail","13":"post-with-thumbnail-large","15":"first","16":"instock","17":"taxable","18":"shipping-taxable","19":"purchasable","20":"product-type-simple"},"aioseo_notices":[],"_links":{"self":[{"href":"https:\/\/solcelle.dk\/wordpress\/wp-json\/wp\/v2\/product\/11146","targetHints":{"allow":["GET"]}}],"collection":[{"href":"https:\/\/solcelle.dk\/wordpress\/wp-json\/wp\/v2\/product"}],"about":[{"href":"https:\/\/solcelle.dk\/wordpress\/wp-json\/wp\/v2\/types\/product"}],"wp:featuredmedia":[{"embeddable":true,"href":"https:\/\/solcelle.dk\/wordpress\/wp-json\/wp\/v2\/media\/11135"}],"wp:attachment":[{"href":"https:\/\/solcelle.dk\/wordpress\/wp-json\/wp\/v2\/media?parent=11146"}],"wp:term":[{"taxonomy":"product_brand","embeddable":true,"href":"https:\/\/solcelle.dk\/wordpress\/wp-json\/wp\/v2\/product_brand?post=11146"},{"taxonomy":"product_cat","embeddable":true,"href":"https:\/\/solcelle.dk\/wordpress\/wp-json\/wp\/v2\/product_cat?post=11146"},{"taxonomy":"product_tag","embeddable":true,"href":"https:\/\/solcelle.dk\/wordpress\/wp-json\/wp\/v2\/product_tag?post=11146"}],"curies":[{"name":"wp","href":"https:\/\/api.w.org\/{rel}","templated":true}]}}