{"id":11259,"date":"2018-10-12T14:12:03","date_gmt":"2018-10-12T13:12:03","guid":{"rendered":"https:\/\/solcelle.dk\/wordpress\/?post_type=product&#038;p=11259"},"modified":"2024-08-12T10:06:25","modified_gmt":"2024-08-12T09:06:25","slug":"solcelleanlaeg-1-860wp-48v-med-batteri-og-5-000w-inverter","status":"publish","type":"product","link":"https:\/\/solcelle.dk\/wordpress\/produkt\/solcelleanlaeg-1-860wp-48v-med-batteri-og-5-000w-inverter\/","title":{"rendered":"Solcelleanl\u00e6g 2430 Wp\/ 48V med lithium batteri, 5kW inverter"},"content":{"rendered":"<p>Solcelleanl\u00e6g 2430 Wp\/ 48 V med lithium batteri, 5kW inverter er et komplet solcelleanl\u00e6g inkl. batteri til et fritidshus, kolonihavehus som ikke har indlagt el. Anl\u00e6gget er dimensioneret til, at du kan bo i huset alle dage i sommerhalv\u00e5ret.<\/p>\n<p>Du kan f.eks. tilslutte f\u00f8lgende udstyr:<br \/>\n&#8211; 30-60 L vandvarmer, 1,2 KW effekt<br \/>\n&#8211; Kaffemaskine, st\u00f8vsuger, lille komfur, ovn, br\u00f8drister, alle i begr\u00e6nset tid<br \/>\n&#8211; Almindeligt k\u00f8leskab med kompressor<br \/>\n&#8211; 10 lamper<br \/>\n&#8211; Fladsk\u00e6rms TV<br \/>\n&#8211; Flere computere, radio og mobilopladere<\/p>\n<p>Kender du ikke dit forbrug?<br \/>\n<a href=\"https:\/\/solcelle.dk\/dimensionering_12vsolcelleanleg.htm\">Her kan du beregner dit forbrug og dermed v\u00e6lge det rigtige anl\u00e6g.<\/a><\/p>\n<p><strong>Indhold:<br \/>\n<\/strong>&#8211; 6 x 405Wp sort monokrystallinsk panel \u00a0dimensioner : 1689\u00d7996\u00d735 mm<br \/>\n&#8211; Hybrid Power 1050, kombineret MPPT lader og inverter, 230V \/ 5000W ren sinus<br \/>\n&#8211; 5kWh lithiumbatteri, 2 stk. (48V\/50Ah) med APP overv\u00e5gning<br \/>\n&#8211; 2 x 10m, 4 mm2 PV Kabel og MC4 stik fra paneler til inverter<br \/>\n&#8211; F\u00e6rdigsamlet kontrolplade med DC afbrydere, batteriafbryder og 230V stikudtag<br \/>\n&#8211; M\u00e5leinstrument til evt. fejls\u00f8gning<br \/>\n&#8211; Dansk vejledning<br \/>\n&#8211; Diverse kabler og stik til batterilager mm.<\/p>\n<p>Til brug hele sommeren<\/p>\n<p><img loading=\"lazy\" decoding=\"async\" class=\"size-full wp-image-47523\" src=\"https:\/\/solcelle.dk\/wordpress\/wp-content\/uploads\/2018\/10\/Aftaelig-display.jpg\" alt=\"Aftagelig display\" width=\"315\" height=\"295\" srcset=\"https:\/\/solcelle.dk\/wordpress\/wp-content\/uploads\/2018\/10\/Aftaelig-display.jpg 315w, https:\/\/solcelle.dk\/wordpress\/wp-content\/uploads\/2018\/10\/Aftaelig-display-200x187.jpg 200w\" sizes=\"auto, (max-width: 315px) 100vw, 315px\" \/><\/p>\n","protected":false},"excerpt":{"rendered":"<p>Solceller M\u00e5l: 1769\u00d71052\u00d730 mm<br \/>\nTil boiler, kaffemaskine, st\u00f8vsuger, k\u00f8leskab, lys, TV, pc og mobiltelefoner.<\/p>\n<p>Levering: 1-3 dage<br \/>\nV\u00e6lg beslag til solceller<\/p>\n","protected":false},"featured_media":44080,"template":"","meta":{"_predictive_search_focuskw":"","_ps_exclude_item":""},"product_brand":[],"product_cat":[1003],"product_tag":[154,780,160,144],"class_list":{"0":"post-11259","1":"product","2":"type-product","3":"status-publish","4":"has-post-thumbnail","6":"product_cat-solcellepakke-til-fritidshus-kolonihavehus","7":"product_tag-48v-batteri","8":"product_tag-dcac-inverter-48v230v","9":"product_tag-kolonihave","10":"product_tag-kolonihavehus","11":"product_shipping_class-forsendelse","12":"post","13":"post-with-thumbnail","14":"post-with-thumbnail-large","16":"first","17":"instock","18":"taxable","19":"shipping-taxable","20":"purchasable","21":"product-type-variable","22":"has-default-attributes"},"aioseo_notices":[],"_links":{"self":[{"href":"https:\/\/solcelle.dk\/wordpress\/wp-json\/wp\/v2\/product\/11259","targetHints":{"allow":["GET"]}}],"collection":[{"href":"https:\/\/solcelle.dk\/wordpress\/wp-json\/wp\/v2\/product"}],"about":[{"href":"https:\/\/solcelle.dk\/wordpress\/wp-json\/wp\/v2\/types\/product"}],"wp:featuredmedia":[{"embeddable":true,"href":"https:\/\/solcelle.dk\/wordpress\/wp-json\/wp\/v2\/media\/44080"}],"wp:attachment":[{"href":"https:\/\/solcelle.dk\/wordpress\/wp-json\/wp\/v2\/media?parent=11259"}],"wp:term":[{"taxonomy":"product_brand","embeddable":true,"href":"https:\/\/solcelle.dk\/wordpress\/wp-json\/wp\/v2\/product_brand?post=11259"},{"taxonomy":"product_cat","embeddable":true,"href":"https:\/\/solcelle.dk\/wordpress\/wp-json\/wp\/v2\/product_cat?post=11259"},{"taxonomy":"product_tag","embeddable":true,"href":"https:\/\/solcelle.dk\/wordpress\/wp-json\/wp\/v2\/product_tag?post=11259"}],"curies":[{"name":"wp","href":"https:\/\/api.w.org\/{rel}","templated":true}]}}