{"id":1232,"date":"2016-10-11T09:32:02","date_gmt":"2016-10-11T08:32:02","guid":{"rendered":"https:\/\/solcelle.dk\/wordpress\/produkt\/inverter-charger-studer-c-2600-24s\/"},"modified":"2020-12-30T08:01:47","modified_gmt":"2020-12-30T07:01:47","slug":"inverter-charger-studer-c-2600-24s","status":"publish","type":"product","link":"https:\/\/solcelle.dk\/wordpress\/produkt\/inverter-charger-studer-c-2600-24s\/","title":{"rendered":"Studer Inverter \/ Oplader C 2600-24S"},"content":{"rendered":"<p>Ren sinusb\u00f8lge stand alone omformer \/ oplader \/ solcelle-laderegulator 2300W, 24DC \/ 230VAC, 50 Hz, IP20, med batterioplader 0-55A og laderegulator 30A \/ 45V. Lydl\u00f8st og p\u00e5lideligt. Inkluderet kabler. Til solcelleanl\u00e6g, vindm\u00f8lleanl\u00e6g, UPS, motor.<\/p>\n<p>Effekt Watt: 2300 W<br \/>\nDC System Sp\u00e6nding: 24VDC<br \/>\nAC System Sp\u00e6nding: 1&#215;230<br \/>\nFrekvens: 50 Hz<br \/>\nKapslingsklasse: IP 20<br \/>\nDimensioner: 480 x 215 x 124 mm<br \/>\nV\u00e6gt: 17,10 kg<\/p>\n","protected":false},"excerpt":{"rendered":"<p>Inverter oplader 2300W, 24V<\/p>\n<p>Dimensioner: 480 x 215 x 124 mm<br \/>\nV\u00e6gt: 17,10 kg<\/p>\n<p><a href=\"https:\/\/solcelle.dk\/Datablad\/StuderC2600_24_48_Manual.pdf\">Download manual<\/a>,\u00a0 <a href=\"https:\/\/solcelle.dk\/Datablad\/StuderC2600_24_48_Data.pdf\"> Download datablad<\/a><\/p>\n<p>Levering: 10-12 dage<\/p>\n","protected":false},"featured_media":1228,"template":"","meta":{"_predictive_search_focuskw":"","_ps_exclude_item":""},"product_brand":[],"product_cat":[55],"product_tag":[783,876],"class_list":{"0":"post-1232","1":"product","2":"type-product","3":"status-publish","4":"has-post-thumbnail","6":"product_cat-inverter-oplader","7":"product_tag-dcac-inverter-24v230v","8":"product_tag-studer","9":"product_shipping_class-forsendelse","10":"post","11":"post-with-thumbnail","12":"post-with-thumbnail-large","14":"first","15":"instock","16":"taxable","17":"shipping-taxable","18":"purchasable","19":"product-type-simple"},"aioseo_notices":[],"_links":{"self":[{"href":"https:\/\/solcelle.dk\/wordpress\/wp-json\/wp\/v2\/product\/1232","targetHints":{"allow":["GET"]}}],"collection":[{"href":"https:\/\/solcelle.dk\/wordpress\/wp-json\/wp\/v2\/product"}],"about":[{"href":"https:\/\/solcelle.dk\/wordpress\/wp-json\/wp\/v2\/types\/product"}],"wp:featuredmedia":[{"embeddable":true,"href":"https:\/\/solcelle.dk\/wordpress\/wp-json\/wp\/v2\/media\/1228"}],"wp:attachment":[{"href":"https:\/\/solcelle.dk\/wordpress\/wp-json\/wp\/v2\/media?parent=1232"}],"wp:term":[{"taxonomy":"product_brand","embeddable":true,"href":"https:\/\/solcelle.dk\/wordpress\/wp-json\/wp\/v2\/product_brand?post=1232"},{"taxonomy":"product_cat","embeddable":true,"href":"https:\/\/solcelle.dk\/wordpress\/wp-json\/wp\/v2\/product_cat?post=1232"},{"taxonomy":"product_tag","embeddable":true,"href":"https:\/\/solcelle.dk\/wordpress\/wp-json\/wp\/v2\/product_tag?post=1232"}],"curies":[{"name":"wp","href":"https:\/\/api.w.org\/{rel}","templated":true}]}}