{"id":1841,"date":"2016-10-20T08:27:50","date_gmt":"2016-10-20T07:27:50","guid":{"rendered":"https:\/\/solcelle.dk\/wordpress\/produkt\/samlings-profil-mt-vp-hvid-2-stk\/"},"modified":"2026-05-06T15:50:26","modified_gmt":"2026-05-06T14:50:26","slug":"samlingsprofil-set-smart-mount-light-white-2-stk-hvid","status":"publish","type":"product","link":"https:\/\/solcelle.dk\/wordpress\/produkt\/samlingsprofil-set-smart-mount-light-white-2-stk-hvid\/","title":{"rendered":"Samlingsprofil set Smart Mount Light White, 2 stk. hvid"},"content":{"rendered":"<p>Samlings profil set Smart Mount Light White 2 stk. hvid. Til solceller 30 Wp til 150 Wp. Kan monteres ved hj\u00e6lp af skruer eller limes med\u00a0 <a href=\"https:\/\/solcelle.dk\/wordpress\/produkt\/lim-tec7-310ml-hvid\/\">TEC7<\/a> &#8211; lim, til 1 solmodul.<\/p>\n<p>S\u00e6ttet\u00a0 leveres i HVID. Junktion profiler kan bruges til en bedre fastg\u00f8relse af flere moduler. Yderligere spoiler profiler kan samles sammen i den \u00f8nskede l\u00e6ngde, der forbedrer aerodynamikken, og dermed bidrage til at spare p\u00e5 br\u00e6ndstof.<\/p>\n<p>&#8211; M\u00e5l: 180 mm x 125 mm x 65 mm<br \/>\n&#8211; Solmodul st\u00f8tte: 30 mm<br \/>\n&#8211; V\u00e6gt: 0,6 kg<\/p>\n<p>&nbsp;<\/p>\n","protected":false},"excerpt":{"rendered":"<p>M\u00e5l: 180 x 125 x 65 mm<br \/>\nSolmodul st\u00f8tte : 30 mm<br \/>\nV\u00e6gt: 0,6 kg<\/p>\n<p>Levering: 1-3 dage<\/p>\n","protected":false},"featured_media":9282,"template":"","meta":{"_predictive_search_focuskw":"","_ps_exclude_item":""},"product_brand":[],"product_cat":[935],"product_tag":[145,244,394,256,557,692,350],"class_list":{"0":"post-1841","1":"product","2":"type-product","3":"status-publish","4":"has-post-thumbnail","6":"product_cat-monteringsbeslag-til-baad-campingvogn-autocamper","7":"product_tag-baad","8":"product_tag-campingvogn","9":"product_tag-hvid","10":"product_tag-montering","11":"product_tag-samling","12":"product_tag-samlings-profil-til-solceller-paa-campingvogn","13":"product_tag-solceller","14":"product_shipping_class-forsendelse","15":"post","16":"post-with-thumbnail","17":"post-with-thumbnail-large","19":"first","20":"instock","21":"taxable","22":"shipping-taxable","23":"purchasable","24":"product-type-simple"},"aioseo_notices":[],"_links":{"self":[{"href":"https:\/\/solcelle.dk\/wordpress\/wp-json\/wp\/v2\/product\/1841","targetHints":{"allow":["GET"]}}],"collection":[{"href":"https:\/\/solcelle.dk\/wordpress\/wp-json\/wp\/v2\/product"}],"about":[{"href":"https:\/\/solcelle.dk\/wordpress\/wp-json\/wp\/v2\/types\/product"}],"wp:featuredmedia":[{"embeddable":true,"href":"https:\/\/solcelle.dk\/wordpress\/wp-json\/wp\/v2\/media\/9282"}],"wp:attachment":[{"href":"https:\/\/solcelle.dk\/wordpress\/wp-json\/wp\/v2\/media?parent=1841"}],"wp:term":[{"taxonomy":"product_brand","embeddable":true,"href":"https:\/\/solcelle.dk\/wordpress\/wp-json\/wp\/v2\/product_brand?post=1841"},{"taxonomy":"product_cat","embeddable":true,"href":"https:\/\/solcelle.dk\/wordpress\/wp-json\/wp\/v2\/product_cat?post=1841"},{"taxonomy":"product_tag","embeddable":true,"href":"https:\/\/solcelle.dk\/wordpress\/wp-json\/wp\/v2\/product_tag?post=1841"}],"curies":[{"name":"wp","href":"https:\/\/api.w.org\/{rel}","templated":true}]}}