{"id":26979,"date":"2019-01-03T14:44:37","date_gmt":"2019-01-03T13:44:37","guid":{"rendered":"https:\/\/solcelle.dk\/wordpress\/?post_type=product&#038;p=26979"},"modified":"2026-02-16T07:56:19","modified_gmt":"2026-02-16T06:56:19","slug":"victron-90wp-12v-solcellepanel-poly","status":"publish","type":"product","link":"https:\/\/solcelle.dk\/wordpress\/produkt\/victron-90wp-12v-solcellepanel-poly\/","title":{"rendered":"Victron BLUESOLAR 90Wp\/12V solcellepanel, polykrystallinsk"},"content":{"rendered":"<p>Victron BLUESOLAR 90 Wp \/12 V solcellepanel, polykrystallinsk har en lavsp\u00e6ndings temperaturkoefficient som forbedrer driften ved h\u00f8j temperatur. God ydelse ved lav indstr\u00e5ling og h\u00f8j f\u00f8lsomhed over hele lysspektret.<\/p>\n<p>Forseglet og vandt\u00e6t tilslutnings boks giver det h\u00f8jeste sikkerheds niveau. Anbefales <a href=\"https:\/\/solcelle.dk\/wordpress\/produkt-kategori\/laderegulator-12v-24v-48v\/mppt-laderegulator\/\">MPPT laderegulatorer<\/a>. <a href=\"https:\/\/kerychip.com\/Diagram\/Datasheet-BlueSolar-Polycrystalline-Panels-EN.pdf\">Download Datablad.<\/a><!--more--><\/p>\n<p>Tekniske data:<br \/>\n\u2013 Effekt maks.: 90 Wp<br \/>\n\u2013 Arbejdssp\u00e6nding maks.:19,5 V<br \/>\n\u2013 Maks. str\u00f8m: 4,61 A<br \/>\n\u2013 \u00c5ben kredsl\u00f8b sp\u00e6nding: 23,44 V<br \/>\n\u2013 Kortslutningsstr\u00f8m: 4,98 A<br \/>\n\u2013 M\u00e5l: 780 mm x 668 mm x 30 mm\u00a0 \/ 6,18 kg<br \/>\n\u2013 Kabler med <a href=\"https:\/\/solcelle.dk\/wordpress\/produkt\/solcelle-connector-saet-weidmuller-mc4-samles-uden-vaerktoej-hanhun\/\">MC4 terminal<\/a><\/p>\n<p>&nbsp;<\/p>\n","protected":false},"excerpt":{"rendered":"<p>Arbejdssp\u00e6nding maks.:19,5 V<br \/>\nMaks. str\u00f8m: 4,61 A<br \/>\nDimensioner :780 x 668 x 30mm series 4a \/ 6,1 kg<br \/>\nTil\u00a0\u00a012 volt systemer.<\/p>\n<p>Levering: 4-5 dage<\/p>\n","protected":false},"featured_media":26980,"template":"","meta":{"_predictive_search_focuskw":"","_ps_exclude_item":""},"product_brand":[],"product_cat":[1039],"product_tag":[152,416,145,144,171,414,286],"class_list":{"0":"post-26979","1":"product","2":"type-product","3":"status-publish","4":"has-post-thumbnail","6":"product_cat-victron-solpaneler-12v","7":"product_tag-12v","8":"product_tag-90w","9":"product_tag-baad","10":"product_tag-kolonihavehus","11":"product_tag-mobilopladning","12":"product_tag-solcelle-til-lys","13":"product_tag-ventilation","14":"product_shipping_class-forsendelse","15":"pa_condition-new","16":"pa_producent-victron-energy","17":"post","18":"post-with-thumbnail","19":"post-with-thumbnail-large","21":"first","22":"instock","23":"taxable","24":"shipping-taxable","25":"purchasable","26":"product-type-simple"},"aioseo_notices":[],"_links":{"self":[{"href":"https:\/\/solcelle.dk\/wordpress\/wp-json\/wp\/v2\/product\/26979","targetHints":{"allow":["GET"]}}],"collection":[{"href":"https:\/\/solcelle.dk\/wordpress\/wp-json\/wp\/v2\/product"}],"about":[{"href":"https:\/\/solcelle.dk\/wordpress\/wp-json\/wp\/v2\/types\/product"}],"wp:featuredmedia":[{"embeddable":true,"href":"https:\/\/solcelle.dk\/wordpress\/wp-json\/wp\/v2\/media\/26980"}],"wp:attachment":[{"href":"https:\/\/solcelle.dk\/wordpress\/wp-json\/wp\/v2\/media?parent=26979"}],"wp:term":[{"taxonomy":"product_brand","embeddable":true,"href":"https:\/\/solcelle.dk\/wordpress\/wp-json\/wp\/v2\/product_brand?post=26979"},{"taxonomy":"product_cat","embeddable":true,"href":"https:\/\/solcelle.dk\/wordpress\/wp-json\/wp\/v2\/product_cat?post=26979"},{"taxonomy":"product_tag","embeddable":true,"href":"https:\/\/solcelle.dk\/wordpress\/wp-json\/wp\/v2\/product_tag?post=26979"}],"curies":[{"name":"wp","href":"https:\/\/api.w.org\/{rel}","templated":true}]}}