{"id":27148,"date":"2019-03-24T16:48:45","date_gmt":"2019-03-24T15:48:45","guid":{"rendered":"https:\/\/solcelle.dk\/wordpress\/?post_type=product&#038;p=27148"},"modified":"2025-11-12T08:31:41","modified_gmt":"2025-11-12T07:31:41","slug":"sikringsholder-stelvio-ptf55-til-panelmontering","status":"publish","type":"product","link":"https:\/\/solcelle.dk\/wordpress\/produkt\/sikringsholder-stelvio-ptf55-til-panelmontering\/","title":{"rendered":"Sikringsholder til panelmontering Stelvio PTF55"},"content":{"rendered":"<p>Stelvio PTF55 sikringsholder til panelmontering. Sikringss\u00e6t med bajonetl\u00e5s og h\u00e6tte med skruefatning og skruetr\u00e6kker k\u00e6rv, til 5 x 20 mm <a href=\"https:\/\/solcelle.dk\/wordpress\/produkt\/5-stk-sikring-glas-5x20mm-t-16a\/\">sikring<\/a>. Sikringsholderen er produceret i sort flammesikret, glasfiberforst\u00e6rket termoplast materiale med kontakter i nikkel fortinnet messing.<!--more--><\/p>\n<p>&#8211; St\u00f8d beskyttelsesklasse<br \/>\n&#8211; M\u00e5l: 36 mm x 12,7 mm x 12 mm \/ 10 g<br \/>\n&#8211; Maks. sp\u00e6nding: 250 VAC<br \/>\n&#8211; Maks. str\u00f8m:\u00a0 6,3 A<br \/>\n&#8211; Sikringsst\u00f8rrelse: <a href=\"https:\/\/solcelle.dk\/wordpress\/produkt\/sikring-glas-6x32mm-10a\/\">Glassikring<\/a> 5 x 20 mm<\/p>\n","protected":false},"excerpt":{"rendered":"<p>Sikringss\u00e6t med bajonetl\u00e5s og h\u00e6tte med skruefatning.<br \/>\nM\u00e5l: 36 x 12,7 x 12 mm \/ 10 g<br \/>\nLevering : 1-2 dage<\/p>\n","protected":false},"featured_media":27149,"template":"","meta":{"_predictive_search_focuskw":"","_ps_exclude_item":""},"product_brand":[],"product_cat":[75],"product_tag":[570],"class_list":{"0":"post-27148","1":"product","2":"type-product","3":"status-publish","4":"has-post-thumbnail","6":"product_cat-sikringsholder-og-tavler","7":"product_tag-sikringsholder","8":"product_shipping_class-forsendelse","9":"post","10":"post-with-thumbnail","11":"post-with-thumbnail-large","13":"first","14":"instock","15":"taxable","16":"shipping-taxable","17":"purchasable","18":"product-type-simple"},"aioseo_notices":[],"_links":{"self":[{"href":"https:\/\/solcelle.dk\/wordpress\/wp-json\/wp\/v2\/product\/27148","targetHints":{"allow":["GET"]}}],"collection":[{"href":"https:\/\/solcelle.dk\/wordpress\/wp-json\/wp\/v2\/product"}],"about":[{"href":"https:\/\/solcelle.dk\/wordpress\/wp-json\/wp\/v2\/types\/product"}],"wp:featuredmedia":[{"embeddable":true,"href":"https:\/\/solcelle.dk\/wordpress\/wp-json\/wp\/v2\/media\/27149"}],"wp:attachment":[{"href":"https:\/\/solcelle.dk\/wordpress\/wp-json\/wp\/v2\/media?parent=27148"}],"wp:term":[{"taxonomy":"product_brand","embeddable":true,"href":"https:\/\/solcelle.dk\/wordpress\/wp-json\/wp\/v2\/product_brand?post=27148"},{"taxonomy":"product_cat","embeddable":true,"href":"https:\/\/solcelle.dk\/wordpress\/wp-json\/wp\/v2\/product_cat?post=27148"},{"taxonomy":"product_tag","embeddable":true,"href":"https:\/\/solcelle.dk\/wordpress\/wp-json\/wp\/v2\/product_tag?post=27148"}],"curies":[{"name":"wp","href":"https:\/\/api.w.org\/{rel}","templated":true}]}}