{"id":2828,"date":"2020-11-28T09:20:19","date_gmt":"2020-11-28T08:20:19","guid":{"rendered":"https:\/\/solcelle.dk\/wordpress\/produkt\/1-stk-hand-taeller-blaa\/"},"modified":"2024-02-18T16:51:04","modified_gmt":"2024-02-18T15:51:04","slug":"to-par-oereclips-af-sterlingsoelv-med-maelkerav","status":"publish","type":"product","link":"https:\/\/solcelle.dk\/wordpress\/produkt\/to-par-oereclips-af-sterlingsoelv-med-maelkerav\/","title":{"rendered":"To par \u00f8reclips af sterlings\u00f8lv med m\u00e6lkerav"},"content":{"rendered":"<p>To par nye \u00f8reclips af sterling <a href=\"https:\/\/solcelle.dk\/wordpress\/woocommerce-search\/keyword\/s%C3%B8lv\/search-in\/product\/cat-in\/all\/search-other\/product,p_sku,p_cat\">s\u00f8lv<\/a> med m\u00e6lkerav fra House of Amber.<\/p>\n<p>&#8211; V\u00e6gt: 15,0 g.<br \/>\n&#8211; L\u00e6ngde: ca. 2,5 cm<\/p>\n<p><img loading=\"lazy\" decoding=\"async\" class=\"size-full wp-image-46684\" src=\"https:\/\/solcelle.dk\/wordpress\/wp-content\/uploads\/2020\/11\/509C6FB58B17CBB233A933A24376EA6F-1-e1708270923797.jpg\" alt=\"To par \u00f8reclips af sterlings\u00f8lv med m\u00e6lkerav\" width=\"600\" height=\"462\" \/><\/p>\n<p>&nbsp;<\/p>\n","protected":false},"excerpt":{"rendered":"<p>Rav er et unikt materiale, og hvert stykke er h\u00e5ndlavet.<br \/>\nfra House of Amber<br \/>\nV\u00e6gt 15,0 g. L\u00e6ngde: ca. 2,5 cm<br \/>\nLevering: 1-2 dage<\/p>\n","protected":false},"featured_media":34919,"template":"","meta":{"_predictive_search_focuskw":"","_ps_exclude_item":""},"product_brand":[],"product_cat":[137],"product_tag":[1222,1223,1221],"class_list":{"0":"post-2828","1":"product","2":"type-product","3":"status-publish","4":"has-post-thumbnail","6":"product_cat-diverse","7":"product_tag-oereclips","8":"product_tag-rav","9":"product_tag-sterlingsoelv","10":"product_shipping_class-forsendelse","11":"post","12":"post-with-thumbnail","13":"post-with-thumbnail-large","15":"first","16":"instock","17":"featured","18":"taxable","19":"shipping-taxable","20":"purchasable","21":"product-type-simple"},"aioseo_notices":[],"_links":{"self":[{"href":"https:\/\/solcelle.dk\/wordpress\/wp-json\/wp\/v2\/product\/2828","targetHints":{"allow":["GET"]}}],"collection":[{"href":"https:\/\/solcelle.dk\/wordpress\/wp-json\/wp\/v2\/product"}],"about":[{"href":"https:\/\/solcelle.dk\/wordpress\/wp-json\/wp\/v2\/types\/product"}],"wp:featuredmedia":[{"embeddable":true,"href":"https:\/\/solcelle.dk\/wordpress\/wp-json\/wp\/v2\/media\/34919"}],"wp:attachment":[{"href":"https:\/\/solcelle.dk\/wordpress\/wp-json\/wp\/v2\/media?parent=2828"}],"wp:term":[{"taxonomy":"product_brand","embeddable":true,"href":"https:\/\/solcelle.dk\/wordpress\/wp-json\/wp\/v2\/product_brand?post=2828"},{"taxonomy":"product_cat","embeddable":true,"href":"https:\/\/solcelle.dk\/wordpress\/wp-json\/wp\/v2\/product_cat?post=2828"},{"taxonomy":"product_tag","embeddable":true,"href":"https:\/\/solcelle.dk\/wordpress\/wp-json\/wp\/v2\/product_tag?post=2828"}],"curies":[{"name":"wp","href":"https:\/\/api.w.org\/{rel}","templated":true}]}}