{"id":28596,"date":"2019-09-18T06:59:47","date_gmt":"2019-09-18T05:59:47","guid":{"rendered":"https:\/\/solcelle.dk\/wordpress\/?post_type=product&#038;p=28596"},"modified":"2024-10-03T09:51:36","modified_gmt":"2024-10-03T08:51:36","slug":"soltaske-efte-135w-sammenklappeligt-solmodul-med-mppt-lader","status":"publish","type":"product","link":"https:\/\/solcelle.dk\/wordpress\/produkt\/soltaske-efte-135w-sammenklappeligt-solmodul-med-mppt-lader\/","title":{"rendered":"Soltaske EFTE 135W sammenklappeligt solmodul med MPPT lader"},"content":{"rendered":"<p>Soltaske EFTE 135 W sammenklappeligt solmodul med MPPT lader er en soltaske som du nemt kan transportere n\u00e5r som helst og stille op ved hj\u00e6lp af\u00a0 de indbyggede f\u00f8dder. Let, fleksibel og klar til brug til enhver tid.<\/p>\n<p>Solfangeren p\u00e5 135 watt med integrerede h\u00e5ndtag sikrer, at du nemt kan b\u00e6re dem, som en indk\u00f8bspose. De integrerede f\u00f8dder s\u00f8rger for, at posen kan placeres overalt og n\u00e5r som helst, og solenergien kan bruges. P\u00e5 grund af det medf\u00f8lgende tilbeh\u00f8r er solmodulet til enhver tid klar til brug.<\/p>\n<p>Indhold: 1x soltaske 135 W PV-3&#215;45-M-36, 3 st\u00f8tteben, 1x laderegulator MPPT, 1x forl\u00e6ngerkabel 3m med SEA-stik, 1x batterikabel med krokodille, 1x batterikabel med M8, 1x HAN cigaretstik<\/p>\n<p>Den indbyggede MPPT solar laderegulator med IP67, h\u00f8ster den optimale energi fra solen. Tilslutnings systemet med SEA-stik sikrer en hurtig og fleksibel brug af solcellerne. Solcellepakken er lavet af SunPower solceller af h\u00f8j kvalitet. Disse giver optimal energiudbytte selv under d\u00e5rlige belysningsforhold eller delvis skygge.<\/p>\n<p>V\u00e6lg mellem flere typer Soltaske EFTE 135W med diverse laderegulatorer:<br \/>\n&#8211; Victron energy <a href=\"https:\/\/solcelle.dk\/wordpress\/produkt\/victron-smartsolar-laderegulator-mppt-75-10-bluetooth\/\">MPPT 75\/10<\/a><br \/>\n&#8211;\u00a0 <a href=\"https:\/\/solcelle.dk\/wordpress\/produkt\/laderegulator-votronic-mpp-170-ci-12v-170wp\/\">Votronic 170<\/a> DUO MPPT<br \/>\n&#8211;\u00a0 IP67 MPPT laderegulator &#8211; Bluethooth<br \/>\n&#8211; Soltaske EFTE 135W UDEN\u00a0 laderegulator<\/p>\n<p>Tekniske data:<br \/>\n&#8211; Effekt: 135 Wp<br \/>\n&#8211; Modul type: 12 volt solmodul<br \/>\n&#8211; Kortslutningsstr\u00f8m: 7,46 A.<br \/>\n&#8211; sp\u00e6nding \u00e5ben kreds: 23,2 V<br \/>\n&#8211; Arbejdssp\u00e6nding: 18,3 V<br \/>\n&#8211; Arbejdsstr\u00f8m: 7,38 A<br \/>\n&#8211; M\u00e5l: 560 x 520 x 30 mm, udfoldet: 560 x 1560 x 10 mm klar til brug<br \/>\n&#8211; V\u00e6gt: 6,3 kg<\/p>\n<p><img loading=\"lazy\" decoding=\"async\" class=\" wp-image-46491\" src=\"https:\/\/solcelle.dk\/wordpress\/wp-content\/uploads\/2019\/09\/Soltaske-EFTE-135W-sammenklappeligt-solmodul-.jpg\" alt=\"Soltaske EFTE 135W sammenklappeligt solmodul \" width=\"466\" height=\"213\" srcset=\"https:\/\/solcelle.dk\/wordpress\/wp-content\/uploads\/2019\/09\/Soltaske-EFTE-135W-sammenklappeligt-solmodul-.jpg 400w, https:\/\/solcelle.dk\/wordpress\/wp-content\/uploads\/2019\/09\/Soltaske-EFTE-135W-sammenklappeligt-solmodul--200x92.jpg 200w\" sizes=\"auto, (max-width: 466px) 100vw, 466px\" \/><\/p>\n","protected":false},"excerpt":{"rendered":"<p>Effekt: 3&#215;45 watt<br \/>\nM\u00e5l: 560 x 520 x 30 mm, udfoldet: 560 x 1560 x 10 mm udfoldet<br \/>\nV\u00e6gt: 6,3 kg<br \/>\nLevering: 3-4 dage<\/p>\n<p><span style=\"color: #ff0000;\"><strong>V\u00c6LG laderegulator type :<\/strong><\/span><\/p>\n","protected":false},"featured_media":44407,"template":"","meta":{"_predictive_search_focuskw":"","_ps_exclude_item":""},"product_brand":[],"product_cat":[992],"product_tag":[1245,145,244,577],"class_list":{"0":"post-28596","1":"product","2":"type-product","3":"status-publish","4":"has-post-thumbnail","6":"product_cat-baerbar-sammenfoldelig-solpanel-kit-12v","7":"product_tag-135w","8":"product_tag-baad","9":"product_tag-campingvogn","10":"product_tag-solceller-til-kolonihavehus","11":"product_shipping_class-forsendelse","12":"post","13":"post-with-thumbnail","14":"post-with-thumbnail-large","16":"first","17":"instock","18":"taxable","19":"shipping-taxable","20":"purchasable","21":"product-type-variable","22":"has-default-attributes"},"aioseo_notices":[],"_links":{"self":[{"href":"https:\/\/solcelle.dk\/wordpress\/wp-json\/wp\/v2\/product\/28596","targetHints":{"allow":["GET"]}}],"collection":[{"href":"https:\/\/solcelle.dk\/wordpress\/wp-json\/wp\/v2\/product"}],"about":[{"href":"https:\/\/solcelle.dk\/wordpress\/wp-json\/wp\/v2\/types\/product"}],"wp:featuredmedia":[{"embeddable":true,"href":"https:\/\/solcelle.dk\/wordpress\/wp-json\/wp\/v2\/media\/44407"}],"wp:attachment":[{"href":"https:\/\/solcelle.dk\/wordpress\/wp-json\/wp\/v2\/media?parent=28596"}],"wp:term":[{"taxonomy":"product_brand","embeddable":true,"href":"https:\/\/solcelle.dk\/wordpress\/wp-json\/wp\/v2\/product_brand?post=28596"},{"taxonomy":"product_cat","embeddable":true,"href":"https:\/\/solcelle.dk\/wordpress\/wp-json\/wp\/v2\/product_cat?post=28596"},{"taxonomy":"product_tag","embeddable":true,"href":"https:\/\/solcelle.dk\/wordpress\/wp-json\/wp\/v2\/product_tag?post=28596"}],"curies":[{"name":"wp","href":"https:\/\/api.w.org\/{rel}","templated":true}]}}