{"id":28667,"date":"2019-05-29T13:28:13","date_gmt":"2019-05-29T12:28:13","guid":{"rendered":"https:\/\/solcelle.dk\/wordpress\/?post_type=product&#038;p=28667"},"modified":"2026-05-02T15:02:50","modified_gmt":"2026-05-02T14:02:50","slug":"victron-bluesolar-215wp-24v-solcellepanel-monokrystallinsk","status":"publish","type":"product","link":"https:\/\/solcelle.dk\/wordpress\/produkt\/victron-bluesolar-215wp-24v-solcellepanel-monokrystallinsk\/","title":{"rendered":"Victron BLUESOLAR 215Wp\/24V solcellepanel, monokrystallinsk"},"content":{"rendered":"<p>Victron BLUESOLAR 215 Wp\/ 24 V solcelle, monokrystallinsk har en lavsp\u00e6ndings temperaturkoefficient som forbedrer driften ved h\u00f8j temperatur. Fantastisk ydelse ved lav indstr\u00e5ling og h\u00f8j f\u00f8lsomhed over hele lysspektret.<\/p>\n<p>Forseglet og vandt\u00e6t tilslutnings boks giver det h\u00f8jeste sikkerheds niveau. Anbefales <a href=\"https:\/\/solcelle.dk\/wordpress\/produkt-kategori\/laderegulator-12v-24v-48v\/mppt-laderegulator\/\">MPPT laderegulatorer<\/a>. <a href=\"https:\/\/kerychip.com\/Diagram\/Datasheet-BlueSolar-Monocrystalline-Panels-EN-.pdf\">Download Datablad.<\/a><\/p>\n<p>Tekniske data:<br \/>\n\u2013 Effekt maks.:\u00a0215 Wp<br \/>\n\u2013 Arbejdssp\u00e6nding maks.: 37,4 V<br \/>\n\u2013 Maks str\u00f8m: 5,75 A<br \/>\n\u2013 \u00c5ben kredsl\u00f8b sp\u00e6nding : 45,82 V<br \/>\n\u2013 Kortslutningsstr\u00f8m: 6,3 A<br \/>\n\u2013 M\u00e5l: 1580 mm \u00d7 705 mm \u00d7 35 mm \/ 15 kg<br \/>\n\u2013 Kabler med <a href=\"https:\/\/solcelle.dk\/wordpress\/produkt\/solcelle-connector-saet-weidmuller-mc4-samles-uden-vaerktoej-hanhun\/\">MC4 terminal<\/a><\/p>\n<p>&nbsp;<\/p>\n<p>&nbsp;<\/p>\n","protected":false},"excerpt":{"rendered":"<p>Arbejdssp\u00e6nding maks.: 37,4 V<br \/>\nMaks str\u00f8m: 5,75 A<br \/>\nDimensioner: 1580\u00d7705\u00d735mm \/ 15 kg<br \/>\nTil\u00a0\u00a012 \/ 24 volt systemer.<\/p>\n<p>Levering: 4-5 dage<\/p>\n","protected":false},"featured_media":28658,"template":"","meta":{"_predictive_search_focuskw":"","_ps_exclude_item":""},"product_brand":[],"product_cat":[1039],"product_tag":[793,153,385,144,354],"class_list":{"0":"post-28667","1":"product","2":"type-product","3":"status-publish","4":"has-post-thumbnail","6":"product_cat-victron-solpaneler-12v","7":"product_tag-200w","8":"product_tag-24v","9":"product_tag-autocamper","10":"product_tag-kolonihavehus","11":"product_tag-nettilslutning","12":"product_shipping_class-forsendelse","13":"pa_condition-new","14":"pa_producent-victron-energy","15":"post","16":"post-with-thumbnail","17":"post-with-thumbnail-large","19":"first","20":"instock","21":"taxable","22":"shipping-taxable","23":"purchasable","24":"product-type-simple"},"aioseo_notices":[],"_links":{"self":[{"href":"https:\/\/solcelle.dk\/wordpress\/wp-json\/wp\/v2\/product\/28667","targetHints":{"allow":["GET"]}}],"collection":[{"href":"https:\/\/solcelle.dk\/wordpress\/wp-json\/wp\/v2\/product"}],"about":[{"href":"https:\/\/solcelle.dk\/wordpress\/wp-json\/wp\/v2\/types\/product"}],"wp:featuredmedia":[{"embeddable":true,"href":"https:\/\/solcelle.dk\/wordpress\/wp-json\/wp\/v2\/media\/28658"}],"wp:attachment":[{"href":"https:\/\/solcelle.dk\/wordpress\/wp-json\/wp\/v2\/media?parent=28667"}],"wp:term":[{"taxonomy":"product_brand","embeddable":true,"href":"https:\/\/solcelle.dk\/wordpress\/wp-json\/wp\/v2\/product_brand?post=28667"},{"taxonomy":"product_cat","embeddable":true,"href":"https:\/\/solcelle.dk\/wordpress\/wp-json\/wp\/v2\/product_cat?post=28667"},{"taxonomy":"product_tag","embeddable":true,"href":"https:\/\/solcelle.dk\/wordpress\/wp-json\/wp\/v2\/product_tag?post=28667"}],"curies":[{"name":"wp","href":"https:\/\/api.w.org\/{rel}","templated":true}]}}