{"id":29212,"date":"2019-12-19T12:35:43","date_gmt":"2019-12-19T11:35:43","guid":{"rendered":"https:\/\/solcelle.dk\/wordpress\/?post_type=product&#038;p=29212"},"modified":"2026-05-02T15:32:42","modified_gmt":"2026-05-02T14:32:42","slug":"dc-dc-konverter-justerbar-kemo-m029","status":"publish","type":"product","link":"https:\/\/solcelle.dk\/wordpress\/produkt\/dc-dc-konverter-justerbar-kemo-m029\/","title":{"rendered":"DC \/ DC elektronisk konverter, justerbar, KEMO M029"},"content":{"rendered":"<p>KEMO M029 er elektronisk styrbar DC sp\u00e6ndings <a href=\"https:\/\/solcelle.dk\/wordpress\/produkt-kategori\/inverter-omformer\/dc-dc-konverter\/\">konverter<\/a> som omdanner en lav indgangs sp\u00e6nding til n\u00e6sten dobbelt s\u00e5 h\u00f8j udgangs sp\u00e6nding. Udgangssp\u00e6ndingen falder, n\u00e5r der er en h\u00f8jere belastning. Ved hj\u00e6lp af et ekstra potentiometer p\u00e5 4,7 k lin. Udgangs sp\u00e6ndingen kan begr\u00e6nses til h\u00f8jere v\u00e6rdier ved indgangs sp\u00e6ndinger p\u00e5 over 10 V.<!--more--><\/p>\n<p>Tekniske Data:<br \/>\n&#8211; Indgangs sp\u00e6nding 6 &#8211; 14 V \/ DC<br \/>\n&#8211; Udgangs sp\u00e6nding 11 &#8211; 26 V \/ DC j\u00e6vnstr\u00f8m (afh\u00e6ngig af belastning)<br \/>\n&#8211; Udgangs str\u00f8m maks. 2 A<br \/>\n&#8211; M\u00e5l ca.. 70 mm x 60 mm x 23 mm (uden fastg\u00f8relses stropper)<\/p>\n","protected":false},"excerpt":{"rendered":"<p>Indgangssp\u00e6nding 6 &#8211; 14 V \/ DC<br \/>\nUdgangssp\u00e6nding 11 &#8211; 26 V \/ DC<br \/>\nM\u00e5l ca.. 70 x 60 x 23 mm (uden fastg\u00f8relsesstropper)<\/p>\n<p>Levering:\u00a01-2 dage<\/p>\n","protected":false},"featured_media":29213,"template":"","meta":{"_predictive_search_focuskw":"","_ps_exclude_item":""},"product_brand":[],"product_cat":[990],"product_tag":[152,159,246,194],"class_list":{"0":"post-29212","1":"product","2":"type-product","3":"status-publish","4":"has-post-thumbnail","6":"product_cat-dc-dc-konverter","7":"product_tag-12v","8":"product_tag-batteri","9":"product_tag-led-display","10":"product_tag-regulering","11":"product_shipping_class-forsendelse","12":"pa_producent-kemo-electronics","13":"post","14":"post-with-thumbnail","15":"post-with-thumbnail-large","17":"first","18":"instock","19":"taxable","20":"shipping-taxable","21":"purchasable","22":"product-type-simple"},"aioseo_notices":[],"_links":{"self":[{"href":"https:\/\/solcelle.dk\/wordpress\/wp-json\/wp\/v2\/product\/29212","targetHints":{"allow":["GET"]}}],"collection":[{"href":"https:\/\/solcelle.dk\/wordpress\/wp-json\/wp\/v2\/product"}],"about":[{"href":"https:\/\/solcelle.dk\/wordpress\/wp-json\/wp\/v2\/types\/product"}],"wp:featuredmedia":[{"embeddable":true,"href":"https:\/\/solcelle.dk\/wordpress\/wp-json\/wp\/v2\/media\/29213"}],"wp:attachment":[{"href":"https:\/\/solcelle.dk\/wordpress\/wp-json\/wp\/v2\/media?parent=29212"}],"wp:term":[{"taxonomy":"product_brand","embeddable":true,"href":"https:\/\/solcelle.dk\/wordpress\/wp-json\/wp\/v2\/product_brand?post=29212"},{"taxonomy":"product_cat","embeddable":true,"href":"https:\/\/solcelle.dk\/wordpress\/wp-json\/wp\/v2\/product_cat?post=29212"},{"taxonomy":"product_tag","embeddable":true,"href":"https:\/\/solcelle.dk\/wordpress\/wp-json\/wp\/v2\/product_tag?post=29212"}],"curies":[{"name":"wp","href":"https:\/\/api.w.org\/{rel}","templated":true}]}}