{"id":29606,"date":"2019-01-29T11:03:04","date_gmt":"2019-01-29T10:03:04","guid":{"rendered":"https:\/\/solcelle.dk\/wordpress\/?post_type=product&#038;p=29606"},"modified":"2026-05-07T13:47:54","modified_gmt":"2026-05-07T12:47:54","slug":"laderegulator-mppt-western-wrm15-dualb-usb","status":"publish","type":"product","link":"https:\/\/solcelle.dk\/wordpress\/produkt\/laderegulator-mppt-western-wrm15-dualb-usb\/","title":{"rendered":"Laderegulator MPPT Western WRM15 Dualb, USB"},"content":{"rendered":"<p>Laderegulator MPPT Western WRM15 Dualb er perfekt til opladning af to separate batterier i sm\u00e5 og mellemstore solcelleanl\u00e6g. Systemerne kan bruges til at levere str\u00f8m i bjerghytter, campingvogne, mobilhomes eller b\u00e5de, hvor der ikke er str\u00f8mforsyning fra nettet. Programmerbar med SmartPhone, inkluderer Bluetooth-dongle.<\/p>\n<p><strong>Teknisk data<\/strong><br \/>\n&#8211; 15A PV-<a href=\"https:\/\/solcelle.dk\/wordpress\/produkt-kategori\/laderegulator-12v-24v-48v\/\">ladestyring<\/a><br \/>\n&#8211; Hurtig MPPT (Maximum Power Point Tracker) -teknologi<br \/>\n&#8211; Dobbelt batteri med prioriteret styring (prim\u00e6r og sekund\u00e6r)<br \/>\n&#8211; 12V \/ 24V batterisp\u00e6nding auto detektion<br \/>\n&#8211; Velegnet til GEL-, forseglede, blysyre- og lithium-ion-batterier<br \/>\n&#8211; Bluetooth-fjernbetjening med dedikeret Android \/ iOS APP<br \/>\n&#8211; RS485 interface til fjernbetjening LCD-kontrol WBUS<br \/>\n&#8211; RS485 interface til fjernbetjening LCD-kontrol WBUS<br \/>\n&#8211; USB-port til smartphone, tablet og batteri<br \/>\n&#8211; M\u00e5l: 143 x 119 x 51 mm (LxBxH) \/ 0,6 kg<\/p>\n","protected":false},"excerpt":{"rendered":"<p>&#8211; Dimensioner: 143 x 119 x 51 mm (LxWxH)<br \/>\n&#8211; V\u00e6gt: 0,52 kg<br \/>\n&#8211; 15A PV-ladestyring<br \/>\n&#8211; Hurtig MPPT (Maximum Power Point Tracker) -teknologi<\/p>\n<p>Levering: 3-5 dage<\/p>\n","protected":false},"featured_media":29607,"template":"","meta":{"_predictive_search_focuskw":"","_ps_exclude_item":""},"product_brand":[],"product_cat":[41],"product_tag":[695,355,138],"class_list":{"0":"post-29606","1":"product","2":"type-product","3":"status-publish","4":"has-post-thumbnail","6":"product_cat-lader-til-flere-batterier","7":"product_tag-laderegulator-15a","8":"product_tag-mppt","9":"product_tag-paalidelig-laderegulator","10":"product_shipping_class-forsendelse","11":"pa_producent-western-co","12":"post","13":"post-with-thumbnail","14":"post-with-thumbnail-large","16":"first","17":"instock","18":"taxable","19":"shipping-taxable","20":"purchasable","21":"product-type-simple"},"aioseo_notices":[],"_links":{"self":[{"href":"https:\/\/solcelle.dk\/wordpress\/wp-json\/wp\/v2\/product\/29606","targetHints":{"allow":["GET"]}}],"collection":[{"href":"https:\/\/solcelle.dk\/wordpress\/wp-json\/wp\/v2\/product"}],"about":[{"href":"https:\/\/solcelle.dk\/wordpress\/wp-json\/wp\/v2\/types\/product"}],"wp:featuredmedia":[{"embeddable":true,"href":"https:\/\/solcelle.dk\/wordpress\/wp-json\/wp\/v2\/media\/29607"}],"wp:attachment":[{"href":"https:\/\/solcelle.dk\/wordpress\/wp-json\/wp\/v2\/media?parent=29606"}],"wp:term":[{"taxonomy":"product_brand","embeddable":true,"href":"https:\/\/solcelle.dk\/wordpress\/wp-json\/wp\/v2\/product_brand?post=29606"},{"taxonomy":"product_cat","embeddable":true,"href":"https:\/\/solcelle.dk\/wordpress\/wp-json\/wp\/v2\/product_cat?post=29606"},{"taxonomy":"product_tag","embeddable":true,"href":"https:\/\/solcelle.dk\/wordpress\/wp-json\/wp\/v2\/product_tag?post=29606"}],"curies":[{"name":"wp","href":"https:\/\/api.w.org\/{rel}","templated":true}]}}