{"id":30292,"date":"2020-02-18T09:32:37","date_gmt":"2020-02-18T08:32:37","guid":{"rendered":"https:\/\/solcelle.dk\/wordpress\/?post_type=product&#038;p=30292"},"modified":"2021-10-27T19:06:37","modified_gmt":"2021-10-27T18:06:37","slug":"rutland-1200-marine-daekmonteringsbeslag-til-mast","status":"publish","type":"product","link":"https:\/\/solcelle.dk\/wordpress\/produkt\/rutland-1200-marine-daekmonteringsbeslag-til-mast\/","title":{"rendered":"Rutland 1200 Marine d\u00e6kmonteringsbeslag til mast"},"content":{"rendered":"<p>Rutland 1200 marine d\u00e6kmonteringsbeslag til mast til montering af\u00a0 rustfritst\u00e5l\u00a0 r\u00f8r, enkelt l\u00e6ngde p\u00e5 en plan overflade.<\/p>\n<p>Dette kit\u00a0 kan bruges med <a href=\"https:\/\/solcelle.dk\/wordpress\/produkt\/vindmoelle-rutland-1200-til-baad\/\">Rutland 1200 vindm\u00f8lle<\/a><\/p>\n<p>&nbsp;<\/p>\n","protected":false},"excerpt":{"rendered":"<p>&nbsp;<\/p>\n<p>Levering: 5-6 dage<\/p>\n","protected":false},"featured_media":30290,"template":"","meta":{"_predictive_search_focuskw":"","_ps_exclude_item":""},"product_brand":[],"product_cat":[142],"product_tag":[811,558],"class_list":{"0":"post-30292","1":"product","2":"type-product","3":"status-publish","4":"has-post-thumbnail","6":"product_cat-vindmoeller-til-122448v","7":"product_tag-12v-vindmoelle-til-baad","8":"product_tag-monterings-system","9":"product_shipping_class-forsendelse","10":"pa_producent-marlec-engineering-co-ltd","11":"post","12":"post-with-thumbnail","13":"post-with-thumbnail-large","15":"first","16":"instock","17":"taxable","18":"shipping-taxable","19":"purchasable","20":"product-type-simple"},"aioseo_notices":[],"_links":{"self":[{"href":"https:\/\/solcelle.dk\/wordpress\/wp-json\/wp\/v2\/product\/30292","targetHints":{"allow":["GET"]}}],"collection":[{"href":"https:\/\/solcelle.dk\/wordpress\/wp-json\/wp\/v2\/product"}],"about":[{"href":"https:\/\/solcelle.dk\/wordpress\/wp-json\/wp\/v2\/types\/product"}],"wp:featuredmedia":[{"embeddable":true,"href":"https:\/\/solcelle.dk\/wordpress\/wp-json\/wp\/v2\/media\/30290"}],"wp:attachment":[{"href":"https:\/\/solcelle.dk\/wordpress\/wp-json\/wp\/v2\/media?parent=30292"}],"wp:term":[{"taxonomy":"product_brand","embeddable":true,"href":"https:\/\/solcelle.dk\/wordpress\/wp-json\/wp\/v2\/product_brand?post=30292"},{"taxonomy":"product_cat","embeddable":true,"href":"https:\/\/solcelle.dk\/wordpress\/wp-json\/wp\/v2\/product_cat?post=30292"},{"taxonomy":"product_tag","embeddable":true,"href":"https:\/\/solcelle.dk\/wordpress\/wp-json\/wp\/v2\/product_tag?post=30292"}],"curies":[{"name":"wp","href":"https:\/\/api.w.org\/{rel}","templated":true}]}}