{"id":31996,"date":"2020-08-28T12:05:37","date_gmt":"2020-08-28T11:05:37","guid":{"rendered":"https:\/\/solcelle.dk\/wordpress\/produkt\/import-placeholder-for-12272\/"},"modified":"2026-05-10T16:25:19","modified_gmt":"2026-05-10T15:25:19","slug":"spr-caravan-kit-solar-peak-mppt-sms15-170-w-12v","status":"publish","type":"product","link":"https:\/\/solcelle.dk\/wordpress\/produkt\/spr-caravan-kit-solar-peak-mppt-sms15-170-w-12v\/","title":{"rendered":"SPR Caravan Kit Solar Peak MPPT SMS15 170 W\/12V"},"content":{"rendered":"<p>Solcelleanl\u00e6g til campingvogn SPR s\u00e6t Solar Peak MPPT SMS15 170 W \/ 12 V er nem at installere p\u00e5 din campingvogn eller sejlb\u00e5d. Det giver mulighed for en nem betjening af 12 VDC forbrugere: lys, radio, TV \/ SAT eller pumper osv.<\/p>\n<p>Disse s\u00e6t f\u00e5s i forskellige versioner med forskellige laderegulatorer og moduler, der passer til ethvert k\u00f8ret\u00f8js behov. Dette g\u00f8r disse s\u00e6t til den ideelle l\u00f8sning til tilstr\u00e6kkelig str\u00f8m om bord.<\/p>\n<p><a href=\"https:\/\/solcelle.dk\/wordpress\/produkt-kategori\/batterier-syre-lithium-agm-gel-og-pakker\/gel-batterier\/\">Batteri\u00a0<\/a> eller <a href=\"https:\/\/solcelle.dk\/wordpress\/produkt-kategori\/inverter-omformer\/sinus-inverteromformer-12v-24v-48v\/\">inverter<\/a> er ikke inkluderet.<\/p>\n<p>Indhold:<br \/>\n\u2013 Til 12 VDC batterisystem<br \/>\n\u2013 1 Solar Module Phaesun <a href=\"https:\/\/solcelle.dk\/wordpress\/produkt\/solar-module-phaesun-sun-peak-spr-170_12\/\">Sun Peak SPR 170<\/a><br \/>\n\u2013 Laderegulator MPPT Victron <a href=\"https:\/\/solcelle.dk\/wordpress\/produkt\/victron-smartsolar-laderegulator-mppt-75-15-bluetooth\/\">SmartSolar 75\/15<\/a>, <a href=\"https:\/\/kerychip.com\/Diagram\/Datasheet-SmartSolar-Charge-Controller-MPPT-75-10,-100-20-EN.pdf\">Download Datablad<\/a><br \/>\n\u2013 3 s\u00e6t <a href=\"https:\/\/solcelle.dk\/wordpress\/produkt\/solcellemodul-fastgoerelsesprofil-saet-af-4-stk-easy-mount-one\/\">Easy Mount One<\/a><br \/>\n\u2013 <span class=\"xoo-wsc-pname\">Kabelgennemf\u00f8ring til campingvogn, hvid 1 indgang<\/span><br \/>\n\u2013 1 Lim s\u00e6t Easy Bond One<br \/>\n\u2013 <span class=\"xoo-wsc-pname\"><a href=\"https:\/\/solcelle.dk\/wordpress\/produkt\/mc4-forlaenger-kabel-5meter-4-6-mm2-tvaersnit\/?attribute_kabel-laengde=2+x+5m\">Solar kabel med formonteret MC4 stik par, 4mm\u00b2,\u00a0 2 x 5m<\/a><\/span><br \/>\n\u2013 1,5 m batterikabel med sikring (20 A)<br \/>\n\u2013 Adapterkabel til <a href=\"https:\/\/solcelle.dk\/wordpress\/produkt\/schaudt-kabel-lr-1218-til-ebl\/\">EBL<\/a><\/p>\n","protected":false},"excerpt":{"rendered":"<p>Til forsyning med str\u00f8m i autocamper, campingvogn eller b\u00e5d.<br \/>\nTil lys, radio, TV \/ SAT, mobil.<br \/>\nBatteri, inverter er ikke inkluderet.<\/p>\n<p>Levering 2-4 dage<\/p>\n","protected":false},"featured_media":32007,"template":"","meta":{"_predictive_search_focuskw":"","_ps_exclude_item":""},"product_brand":[],"product_cat":[835],"product_tag":[615,243,489,385,244,453],"class_list":{"0":"post-31996","1":"product","2":"type-product","3":"status-publish","4":"has-post-thumbnail","6":"product_cat-solcelleanlaeg-til-autocamper-campingvogn","7":"product_tag-12v-batteri","8":"product_tag-15a","9":"product_tag-200watt","10":"product_tag-autocamper","11":"product_tag-campingvogn","12":"product_tag-solcelleanlaeg-til-baad","13":"product_shipping_class-forsendelse","14":"pa_condition-new","15":"post","16":"post-with-thumbnail","17":"post-with-thumbnail-large","19":"first","20":"instock","21":"taxable","22":"shipping-taxable","23":"purchasable","24":"product-type-simple"},"aioseo_notices":[],"_links":{"self":[{"href":"https:\/\/solcelle.dk\/wordpress\/wp-json\/wp\/v2\/product\/31996","targetHints":{"allow":["GET"]}}],"collection":[{"href":"https:\/\/solcelle.dk\/wordpress\/wp-json\/wp\/v2\/product"}],"about":[{"href":"https:\/\/solcelle.dk\/wordpress\/wp-json\/wp\/v2\/types\/product"}],"wp:featuredmedia":[{"embeddable":true,"href":"https:\/\/solcelle.dk\/wordpress\/wp-json\/wp\/v2\/media\/32007"}],"wp:attachment":[{"href":"https:\/\/solcelle.dk\/wordpress\/wp-json\/wp\/v2\/media?parent=31996"}],"wp:term":[{"taxonomy":"product_brand","embeddable":true,"href":"https:\/\/solcelle.dk\/wordpress\/wp-json\/wp\/v2\/product_brand?post=31996"},{"taxonomy":"product_cat","embeddable":true,"href":"https:\/\/solcelle.dk\/wordpress\/wp-json\/wp\/v2\/product_cat?post=31996"},{"taxonomy":"product_tag","embeddable":true,"href":"https:\/\/solcelle.dk\/wordpress\/wp-json\/wp\/v2\/product_tag?post=31996"}],"curies":[{"name":"wp","href":"https:\/\/api.w.org\/{rel}","templated":true}]}}