{"id":3208,"date":"2017-01-11T11:37:20","date_gmt":"2017-01-11T10:37:20","guid":{"rendered":"https:\/\/solcelle.dk\/wordpress\/produkt\/kabel-h07-rn-f-2-x-4-mm%c2%b2\/"},"modified":"2026-05-06T16:00:58","modified_gmt":"2026-05-06T15:00:58","slug":"kabel-h07-rn-f-2-x-4-mm%c2%b2","status":"publish","type":"product","link":"https:\/\/solcelle.dk\/wordpress\/produkt\/kabel-h07-rn-f-2-x-4-mm%c2%b2\/","title":{"rendered":"Kabel H07 RN-F 2 x 4 mm\u00b2, fleksibel, brun\/bl\u00e5"},"content":{"rendered":"<p>Oliebestandig sort <a href=\"https:\/\/solcelle.dk\/wordpress\/produkt-kategori\/tilbehoer-beslag-installation\/installations-udstyr-12v-24v-48v\/kabler-og-konnektorer-til-solceller-installations-udstyr-12v-24v-48v\/\">kabel<\/a> H07 RN-F 2 x 4 mm\u00b2, fleksibel indeholder en brun og en bl\u00e5 ledning, hver p\u00e5 4 mm2 i tv\u00e6rsnit.\u00a0H07RN-F-kabel er beregnet til installationer med bev\u00e6geligt udstyr, elektriske apparater og til bygge pladser hvor installationen har indbygget beskyttelse.\u00a0\u00a0<a href=\"https:\/\/solcelle.dk\/Datablad\/H07RN-F.pdf\">Download Datablad<\/a><\/p>\n<p>Leveres i den \u00f8nskede l\u00e6ngde i et styk.<br \/>\n\u2013 Antal led: 2 \/ brun + bl\u00e5<br \/>\n\u2013 Tv\u00e6rsnit: 4 mm\u00b2<br \/>\n\u2013 Farve: Sort<br \/>\n\u2013 Ekstern diameter: \u00d8 16 mm<\/p>\n<p>&nbsp;<\/p>\n","protected":false},"excerpt":{"rendered":"<p>En brun og en bl\u00e5 ledning, hver p\u00e5 4 mm2 i tv\u00e6rsnit.<br \/>\nEkstern diameter: \u00d8 14 mm<br \/>\nFarve: Sort<\/p>\n<p>Levering:\u00a03-5 dage<\/p>\n","protected":false},"featured_media":3209,"template":"","meta":{"_predictive_search_focuskw":"","_ps_exclude_item":""},"product_brand":[],"product_cat":[72,70,134],"product_tag":[201,200],"class_list":{"0":"post-3208","1":"product","2":"type-product","3":"status-publish","4":"has-post-thumbnail","6":"product_cat-kabler-og-konnektorer-til-solceller-installations-udstyr-12v-24v-48v","7":"product_cat-kabler-og-konnektorer-til-solceller","8":"product_cat-tilbehoer-beslag-installation","9":"product_tag-batteri-til-lamper","10":"product_tag-solcelle-til-laderegulator","11":"product_shipping_class-forsendelse","12":"post","13":"post-with-thumbnail","14":"post-with-thumbnail-large","16":"first","17":"instock","18":"taxable","19":"shipping-taxable","20":"purchasable","21":"product-type-simple"},"aioseo_notices":[],"_links":{"self":[{"href":"https:\/\/solcelle.dk\/wordpress\/wp-json\/wp\/v2\/product\/3208","targetHints":{"allow":["GET"]}}],"collection":[{"href":"https:\/\/solcelle.dk\/wordpress\/wp-json\/wp\/v2\/product"}],"about":[{"href":"https:\/\/solcelle.dk\/wordpress\/wp-json\/wp\/v2\/types\/product"}],"wp:featuredmedia":[{"embeddable":true,"href":"https:\/\/solcelle.dk\/wordpress\/wp-json\/wp\/v2\/media\/3209"}],"wp:attachment":[{"href":"https:\/\/solcelle.dk\/wordpress\/wp-json\/wp\/v2\/media?parent=3208"}],"wp:term":[{"taxonomy":"product_brand","embeddable":true,"href":"https:\/\/solcelle.dk\/wordpress\/wp-json\/wp\/v2\/product_brand?post=3208"},{"taxonomy":"product_cat","embeddable":true,"href":"https:\/\/solcelle.dk\/wordpress\/wp-json\/wp\/v2\/product_cat?post=3208"},{"taxonomy":"product_tag","embeddable":true,"href":"https:\/\/solcelle.dk\/wordpress\/wp-json\/wp\/v2\/product_tag?post=3208"}],"curies":[{"name":"wp","href":"https:\/\/api.w.org\/{rel}","templated":true}]}}