{"id":32201,"date":"2020-09-08T10:54:57","date_gmt":"2020-09-08T09:54:57","guid":{"rendered":"https:\/\/solcelle.dk\/wordpress\/?post_type=product&#038;p=32201"},"modified":"2026-05-07T14:26:49","modified_gmt":"2026-05-07T13:26:49","slug":"remote-control-studer-xcom-rs485i","status":"publish","type":"product","link":"https:\/\/solcelle.dk\/wordpress\/produkt\/remote-control-studer-xcom-rs485i\/","title":{"rendered":"Remote Control Studer Xcom &#8211; Rs485i, 2 m cable"},"content":{"rendered":"<p>Remote Control Studer Xcom-Rs485i. Modbus, interface RS485, isoleret, 2 m kabel. Denne enhed er en bro mellem <a href=\"https:\/\/solcelle.dk\/wordpress\/woocommerce-search\/keyword\/studer\/search-in\/product\/cat-in\/all\/search-other\/product\">Studer<\/a> kommunikations bus p\u00e5 den ene side og RS-485 (isoleret) p\u00e5 den anden side. Den anvendte protokol p\u00e5 RS-485-siden er Modbus RTU.<\/p>\n","protected":false},"excerpt":{"rendered":"<p>Bro mellem Studer kommunikationsbus p\u00e5 den ene side og RS-485 p\u00e5 den anden side<br \/>\nprotokol p\u00e5 RS-485<\/p>\n<p>Levering: 5-7 dage<\/p>\n<p>&nbsp;<\/p>\n","protected":false},"featured_media":32205,"template":"","meta":{"_predictive_search_focuskw":"","_ps_exclude_item":""},"product_brand":[],"product_cat":[941,1035],"product_tag":[186,355,876],"class_list":{"0":"post-32201","1":"product","2":"type-product","3":"status-publish","4":"has-post-thumbnail","6":"product_cat-kabler-sensorer-usb-displays-til-inverter","7":"product_cat-tilbehoer-til-laderegulatorer","8":"product_tag-fjernbetjening","9":"product_tag-mppt","10":"product_tag-studer","11":"product_shipping_class-forsendelse","12":"post","13":"post-with-thumbnail","14":"post-with-thumbnail-large","16":"first","17":"instock","18":"taxable","19":"shipping-taxable","20":"purchasable","21":"product-type-simple"},"aioseo_notices":[],"_links":{"self":[{"href":"https:\/\/solcelle.dk\/wordpress\/wp-json\/wp\/v2\/product\/32201","targetHints":{"allow":["GET"]}}],"collection":[{"href":"https:\/\/solcelle.dk\/wordpress\/wp-json\/wp\/v2\/product"}],"about":[{"href":"https:\/\/solcelle.dk\/wordpress\/wp-json\/wp\/v2\/types\/product"}],"wp:featuredmedia":[{"embeddable":true,"href":"https:\/\/solcelle.dk\/wordpress\/wp-json\/wp\/v2\/media\/32205"}],"wp:attachment":[{"href":"https:\/\/solcelle.dk\/wordpress\/wp-json\/wp\/v2\/media?parent=32201"}],"wp:term":[{"taxonomy":"product_brand","embeddable":true,"href":"https:\/\/solcelle.dk\/wordpress\/wp-json\/wp\/v2\/product_brand?post=32201"},{"taxonomy":"product_cat","embeddable":true,"href":"https:\/\/solcelle.dk\/wordpress\/wp-json\/wp\/v2\/product_cat?post=32201"},{"taxonomy":"product_tag","embeddable":true,"href":"https:\/\/solcelle.dk\/wordpress\/wp-json\/wp\/v2\/product_tag?post=32201"}],"curies":[{"name":"wp","href":"https:\/\/api.w.org\/{rel}","templated":true}]}}