{"id":32329,"date":"2020-09-17T10:36:27","date_gmt":"2020-09-17T09:36:27","guid":{"rendered":"https:\/\/solcelle.dk\/wordpress\/?post_type=product&#038;p=32329"},"modified":"2020-09-17T10:55:48","modified_gmt":"2020-09-17T09:55:48","slug":"fuse-sma-batfuse-b-01-for-sunny-island","status":"publish","type":"product","link":"https:\/\/solcelle.dk\/wordpress\/produkt\/fuse-sma-batfuse-b-01-for-sunny-island\/","title":{"rendered":"Fuse SMA Batfuse-B.01 (For Sunny Island)"},"content":{"rendered":"<p>2-polet NH 1-batterisikringsafbryder til en Sunny Island eller Sunny Backup, 3 DC-indgangsporte (1x batteri og 2x Sunny Island-opladere), 1x hj\u00e6lpesp\u00e6ndingsudgang med 8A SI-Batfuse.01 og SI-Batfuse.03 batteri sager tjener til at beskytte batterikablerne, muligg\u00f8re lettere vedligeholdelse af enkeltst\u00e5ende net systemer og forenkle installationsprocessen. SI-Batfuse.01 muligg\u00f8r tilslutning af en enkeltst\u00e5ende gitterinverter, mens SI-Batfuse.03 kan tilsluttes op til tre enkeltst\u00e5ende gitteromformere.<\/p>\n<p>Dimensioner\u00a0 \u00a0 530 x 360 x 270 mm (LxWxH)<br \/>\nSp\u00e6nding : 12\/24\/48 V<br \/>\nStr\u00f8m : 8A<br \/>\nKabelsko : M8<br \/>\nMaks. kabelsko bredde: 16 mm<\/p>\n","protected":false},"excerpt":{"rendered":"<p>Dimensioner:\u00a0 \u00a0530 x 360 x 270 mm (LxWxH)<\/p>\n<p>Levering : 5-7 dage<\/p>\n","protected":false},"featured_media":32331,"template":"","meta":{"_predictive_search_focuskw":"","_ps_exclude_item":""},"product_brand":[],"product_cat":[74],"product_tag":[],"class_list":{"0":"post-32329","1":"product","2":"type-product","3":"status-publish","4":"has-post-thumbnail","6":"product_cat-sikringer","7":"product_shipping_class-forsendelse","8":"pa_producent-sma","9":"post","10":"post-with-thumbnail","11":"post-with-thumbnail-large","13":"first","14":"instock","15":"taxable","16":"shipping-taxable","17":"purchasable","18":"product-type-simple"},"aioseo_notices":[],"_links":{"self":[{"href":"https:\/\/solcelle.dk\/wordpress\/wp-json\/wp\/v2\/product\/32329","targetHints":{"allow":["GET"]}}],"collection":[{"href":"https:\/\/solcelle.dk\/wordpress\/wp-json\/wp\/v2\/product"}],"about":[{"href":"https:\/\/solcelle.dk\/wordpress\/wp-json\/wp\/v2\/types\/product"}],"wp:featuredmedia":[{"embeddable":true,"href":"https:\/\/solcelle.dk\/wordpress\/wp-json\/wp\/v2\/media\/32331"}],"wp:attachment":[{"href":"https:\/\/solcelle.dk\/wordpress\/wp-json\/wp\/v2\/media?parent=32329"}],"wp:term":[{"taxonomy":"product_brand","embeddable":true,"href":"https:\/\/solcelle.dk\/wordpress\/wp-json\/wp\/v2\/product_brand?post=32329"},{"taxonomy":"product_cat","embeddable":true,"href":"https:\/\/solcelle.dk\/wordpress\/wp-json\/wp\/v2\/product_cat?post=32329"},{"taxonomy":"product_tag","embeddable":true,"href":"https:\/\/solcelle.dk\/wordpress\/wp-json\/wp\/v2\/product_tag?post=32329"}],"curies":[{"name":"wp","href":"https:\/\/api.w.org\/{rel}","templated":true}]}}