{"id":32375,"date":"2020-09-21T13:47:25","date_gmt":"2020-09-21T12:47:25","guid":{"rendered":"https:\/\/solcelle.dk\/wordpress\/?post_type=product&#038;p=32375"},"modified":"2024-06-17T09:34:36","modified_gmt":"2024-06-17T08:34:36","slug":"energiproduktionssaet-solar-up-300w-12v","status":"publish","type":"product","link":"https:\/\/solcelle.dk\/wordpress\/produkt\/energiproduktionssaet-solar-up-300w-12v\/","title":{"rendered":"Solcelleanl\u00e6g Solar Up 300W | 12V"},"content":{"rendered":"<p>Med Solcelleanl\u00e6g Solar Up 300W | 12V kan du nyde al den komfort ved p\u00e5lidelig str\u00f8mforsyning af apparater til hjemmebrug eller til professionelt arbejde. Det udvidelige s\u00e6t inkluderer h\u00f8jkvalitets krystallinske solpaneler, batterier med lang levetid, solopladningsregulator med MPP-sporing, ren sinusb\u00f8lgeomformer og alle andre komponenter til sikker installation. Du er i stand til at aktivere et effektivt k\u00f8leskab, tr\u00e5dl\u00f8st telefonsystem, b\u00e6rbar computer, lys, fjernsyn, fans og masser af v\u00e6rkt\u00f8jer og maskiner. Dette bringer ekstra energiuafh\u00e6ngighed til alle dine eventyr.<br \/>\nPakken indeholder ikke batterier eller inverter<br \/>\nMan skal bruge en batteribank p\u00e5 over 200Ah<\/p>\n<p><strong>Best\u00e5r af:<\/strong><br \/>\n-2 moduler 165W\/ 12V<br \/>\n-1 solopladningsregulator Steca solarix PRS 20<br \/>\n-1 QuickCab4-6 \/ 10, 1 -10m\u00a0 kabel med MC4 stik<br \/>\n-Parallels\u00e6t QuickClip4<\/p>\n","protected":false},"excerpt":{"rendered":"<p>2 moduler 165W, 1 solopladningsregulator, 1 QuickCab4-6 \/ 10, 1 Parallels\u00e6t QuickClip4<br \/>\nIngen batterier , ingen inverter<br \/>\nLevering : 5-7 dage<\/p>\n","protected":false},"featured_media":32376,"template":"","meta":{"_predictive_search_focuskw":"","_ps_exclude_item":""},"product_brand":[],"product_cat":[100],"product_tag":[818,145,244,144,214,334,1702,333],"class_list":{"0":"post-32375","1":"product","2":"type-product","3":"status-publish","4":"has-post-thumbnail","6":"product_cat-solcelleanlaeg-60-300w","7":"product_tag-100-watt-solcelle","8":"product_tag-baad","9":"product_tag-campingvogn","10":"product_tag-kolonihavehus","11":"product_tag-lys","12":"product_tag-pc","13":"product_tag-solpanel-til-noedberedskab","14":"product_tag-tv","15":"product_shipping_class-forsendelse","16":"post","17":"post-with-thumbnail","18":"post-with-thumbnail-large","20":"first","21":"instock","22":"taxable","23":"shipping-taxable","24":"purchasable","25":"product-type-simple"},"aioseo_notices":[],"_links":{"self":[{"href":"https:\/\/solcelle.dk\/wordpress\/wp-json\/wp\/v2\/product\/32375","targetHints":{"allow":["GET"]}}],"collection":[{"href":"https:\/\/solcelle.dk\/wordpress\/wp-json\/wp\/v2\/product"}],"about":[{"href":"https:\/\/solcelle.dk\/wordpress\/wp-json\/wp\/v2\/types\/product"}],"wp:featuredmedia":[{"embeddable":true,"href":"https:\/\/solcelle.dk\/wordpress\/wp-json\/wp\/v2\/media\/32376"}],"wp:attachment":[{"href":"https:\/\/solcelle.dk\/wordpress\/wp-json\/wp\/v2\/media?parent=32375"}],"wp:term":[{"taxonomy":"product_brand","embeddable":true,"href":"https:\/\/solcelle.dk\/wordpress\/wp-json\/wp\/v2\/product_brand?post=32375"},{"taxonomy":"product_cat","embeddable":true,"href":"https:\/\/solcelle.dk\/wordpress\/wp-json\/wp\/v2\/product_cat?post=32375"},{"taxonomy":"product_tag","embeddable":true,"href":"https:\/\/solcelle.dk\/wordpress\/wp-json\/wp\/v2\/product_tag?post=32375"}],"curies":[{"name":"wp","href":"https:\/\/api.w.org\/{rel}","templated":true}]}}