{"id":32387,"date":"2020-09-22T11:35:19","date_gmt":"2020-09-22T10:35:19","guid":{"rendered":"https:\/\/solcelle.dk\/wordpress\/?post_type=product&#038;p=32387"},"modified":"2025-01-16T13:51:09","modified_gmt":"2025-01-16T12:51:09","slug":"solcelleanlaeg-solar-up-25-kw-48-v","status":"publish","type":"product","link":"https:\/\/solcelle.dk\/wordpress\/produkt\/solcelleanlaeg-solar-up-25-kw-48-v\/","title":{"rendered":"Solcelleanl\u00e6g Solar Up 2,5 Kw\/ 48 V, UDEN batteri"},"content":{"rendered":"<p>Solcelleanl\u00e6g Solar Up 2,5 kW\/ 48 V, UDEN batteri. En p\u00e5lidelig anl\u00e6g til forsyning af apparater til hjemmebrug eller erhverv. Dette s\u00e6t inkluderer h\u00f8j kvalitets solceller, laderegulator med MPPT.<\/p>\n<p>Man skal bruge et batteribank p\u00e5 mindst 400 Ah \/48 V (ikke inkluderet i pakken). <a href=\"https:\/\/solcelle.dk\/wordpress\/produkt\/inverter-victron-sinus-phoenix-3000-va\/\">Inverter til 230 V<\/a>: ikke inkluderet i prisen.<\/p>\n<p>Indhold:<br \/>\n&#8211; 9 x solcelle Phaesun PN6P60-275 C<br \/>\nDimensioner: 1640 x 992 x 35 mm<br \/>\n&#8211; 1 tilslutnings boks GJB 4-1 250 V\/40 A_<br \/>\n&#8211; 1 Laderegulator <a href=\"https:\/\/solcelle.dk\/wordpress\/produkt\/laderegulator-steca-solarix-mppt-5020-50a-12-24-48v\/\">Steca Solarix MPPT 5020<\/a><br \/>\n&#8211; 3 x <a href=\"https:\/\/solcelle.dk\/wordpress\/produkt\/mc4-forlaenger-kabel-5meter-4-6-mm2-tvaersnit\/?attribute_kabel-laengde=2+x+5m\">QuickCab4-4 \/ 5<\/a>, 20 m installationskabel<\/p>\n","protected":false},"excerpt":{"rendered":"<p>Hvis du allerede har et batteribank p\u00e5 over\u00a0 400Ah\/48V<br \/>\nInverter og batterier IKKE inkluderet i\u00a0 pakken<br \/>\nLevering : 5-6 dage<\/p>\n","protected":false},"featured_media":32389,"template":"","meta":{"_predictive_search_focuskw":"","_ps_exclude_item":""},"product_brand":[],"product_cat":[100],"product_tag":[1507,145,244,144,214,334,333],"class_list":{"0":"post-32387","1":"product","2":"type-product","3":"status-publish","4":"has-post-thumbnail","6":"product_cat-solcelleanlaeg-60-300w","7":"product_tag-2kw","8":"product_tag-baad","9":"product_tag-campingvogn","10":"product_tag-kolonihavehus","11":"product_tag-lys","12":"product_tag-pc","13":"product_tag-tv","14":"product_shipping_class-forsendelse","15":"post","16":"post-with-thumbnail","17":"post-with-thumbnail-large","19":"first","20":"instock","21":"taxable","22":"shipping-taxable","23":"purchasable","24":"product-type-simple"},"aioseo_notices":[],"_links":{"self":[{"href":"https:\/\/solcelle.dk\/wordpress\/wp-json\/wp\/v2\/product\/32387","targetHints":{"allow":["GET"]}}],"collection":[{"href":"https:\/\/solcelle.dk\/wordpress\/wp-json\/wp\/v2\/product"}],"about":[{"href":"https:\/\/solcelle.dk\/wordpress\/wp-json\/wp\/v2\/types\/product"}],"wp:featuredmedia":[{"embeddable":true,"href":"https:\/\/solcelle.dk\/wordpress\/wp-json\/wp\/v2\/media\/32389"}],"wp:attachment":[{"href":"https:\/\/solcelle.dk\/wordpress\/wp-json\/wp\/v2\/media?parent=32387"}],"wp:term":[{"taxonomy":"product_brand","embeddable":true,"href":"https:\/\/solcelle.dk\/wordpress\/wp-json\/wp\/v2\/product_brand?post=32387"},{"taxonomy":"product_cat","embeddable":true,"href":"https:\/\/solcelle.dk\/wordpress\/wp-json\/wp\/v2\/product_cat?post=32387"},{"taxonomy":"product_tag","embeddable":true,"href":"https:\/\/solcelle.dk\/wordpress\/wp-json\/wp\/v2\/product_tag?post=32387"}],"curies":[{"name":"wp","href":"https:\/\/api.w.org\/{rel}","templated":true}]}}