{"id":32590,"date":"2020-10-05T13:38:34","date_gmt":"2020-10-05T12:38:34","guid":{"rendered":"https:\/\/solcelle.dk\/wordpress\/?post_type=product&#038;p=32590"},"modified":"2026-05-11T09:33:27","modified_gmt":"2026-05-11T08:33:27","slug":"dc-dc-konverter-lader-victron-orion-tr-smart-12-24-15a-360w-isoleret","status":"publish","type":"product","link":"https:\/\/solcelle.dk\/wordpress\/produkt\/dc-dc-konverter-lader-victron-orion-tr-smart-12-24-15a-360w-isoleret\/","title":{"rendered":"DC\/DC konverter Victron Orion-Tr Smart 12\/24-15A isoleret"},"content":{"rendered":"<p>DC \/ DC konverter-lader Victron Orion-Tr Smart 12\/24-15 A (360 W), galvanisk isoleret\u00a0 er en professionel DC til DC 3 stadier lader med indbygget Bluetooth.\u00a0Til brug i dobbelte batterisystemer i k\u00f8ret\u00f8jer eller p\u00e5 b\u00e5de, hvor den (smarte) generator og start batteriet bruges til at oplade servicebatteriet.<\/p>\n<p>Denne enhed kan overv\u00e5ges og programmeres via Bluetooth og kan fjernstyres via en ekstern t\u00e6nd\/sluk-knap. Orion-Tr Smart opladeren kan bruges i 12 V eller 24 V systemer og er egnet til b\u00e5de bly og <a href=\"https:\/\/solcelle.dk\/wordpress\/produkt-kategori\/batterier-syre-lithium-agm-gel-og-pakker\/lithium-batterier\/\">lithium batterier<\/a>. Flere enheder forbindes parallelt for at \u00f8ge udgangseffekten.<\/p>\n<p>Tekniske data:<br \/>\n\u2013 Indgangssp\u00e6nding: 12 VDC (10&#8230;17 VDC)<br \/>\n\u2013 Udgangssp\u00e6nding: 24,2 VDC (justerbar: 20\u202630 VDC)<br \/>\n\u2013 Udgangsstr\u00f8m: 15 A<br \/>\n\u2013 Effekt: 360 W<br \/>\n\u2013 M\u00e5l: 130 mm x 186 mm x 80 mm<br \/>\n\u2013 Temperatur: -20 til +55 \u00b0C<\/p>\n","protected":false},"excerpt":{"rendered":"<p>Med regulerbar udgangs sp\u00e6nding. Kan ogs\u00e5 anvendes som batterioplader.<br \/>\nEffekt: 360 W<br \/>\nDimensioner: 130 x 186 x 80 mm<br \/>\nLevering: 2-4 dage<\/p>\n","protected":false},"featured_media":32587,"template":"","meta":{"_predictive_search_focuskw":"","_ps_exclude_item":""},"product_brand":[],"product_cat":[990],"product_tag":[152,243,153,159,155],"class_list":{"0":"post-32590","1":"product","2":"type-product","3":"status-publish","4":"has-post-thumbnail","6":"product_cat-dc-dc-konverter","7":"product_tag-12v","8":"product_tag-15a","9":"product_tag-24v","10":"product_tag-batteri","11":"product_tag-oplader","12":"product_shipping_class-forsendelse","13":"pa_producent-victron-energy","14":"post","15":"post-with-thumbnail","16":"post-with-thumbnail-large","18":"first","19":"instock","20":"taxable","21":"shipping-taxable","22":"purchasable","23":"product-type-simple"},"aioseo_notices":[],"_links":{"self":[{"href":"https:\/\/solcelle.dk\/wordpress\/wp-json\/wp\/v2\/product\/32590","targetHints":{"allow":["GET"]}}],"collection":[{"href":"https:\/\/solcelle.dk\/wordpress\/wp-json\/wp\/v2\/product"}],"about":[{"href":"https:\/\/solcelle.dk\/wordpress\/wp-json\/wp\/v2\/types\/product"}],"wp:featuredmedia":[{"embeddable":true,"href":"https:\/\/solcelle.dk\/wordpress\/wp-json\/wp\/v2\/media\/32587"}],"wp:attachment":[{"href":"https:\/\/solcelle.dk\/wordpress\/wp-json\/wp\/v2\/media?parent=32590"}],"wp:term":[{"taxonomy":"product_brand","embeddable":true,"href":"https:\/\/solcelle.dk\/wordpress\/wp-json\/wp\/v2\/product_brand?post=32590"},{"taxonomy":"product_cat","embeddable":true,"href":"https:\/\/solcelle.dk\/wordpress\/wp-json\/wp\/v2\/product_cat?post=32590"},{"taxonomy":"product_tag","embeddable":true,"href":"https:\/\/solcelle.dk\/wordpress\/wp-json\/wp\/v2\/product_tag?post=32590"}],"curies":[{"name":"wp","href":"https:\/\/api.w.org\/{rel}","templated":true}]}}