{"id":32798,"date":"2020-10-04T08:47:46","date_gmt":"2020-10-04T07:47:46","guid":{"rendered":"https:\/\/solcelle.dk\/wordpress\/?post_type=product&#038;p=32798"},"modified":"2026-01-17T10:47:45","modified_gmt":"2026-01-17T09:47:45","slug":"60w-12v-solpanel-sort-monokrystallinsk-2x5-m-kabel","status":"publish","type":"product","link":"https:\/\/solcelle.dk\/wordpress\/produkt\/60w-12v-solpanel-sort-monokrystallinsk-2x5-m-kabel\/","title":{"rendered":"60Wp \/12V solpanel sort monokrystallinsk, 2&#215;5 m kabel"},"content":{"rendered":"<p>60 W \/ 12 V) solcellepanel i flot sort design og med h\u00f8jeffektive celler, s\u00e5 den yder meget i forhold til st\u00f8rrelsen. Til batteri opladning brug en <a href=\"https:\/\/solcelle.dk\/wordpress\/produkt-kategori\/laderegulator-12v-24v-48v\/pwm-laderegulator-til-12v-24v-48v\/\">PWM laderegulator<\/a>.\u00a0Ydelsesgaranti, 90% i 10 \u00e5r &amp; 80% i 25 \u00e5r. Klasse A celler med +3% plus tolerance. <a href=\"https:\/\/solcelle.dk\/wordpress\/produkt\/diode-bypass-90sq045-9a45v\/\">Bypass<\/a> diode til skyggeoptimering ved seriel kobling. Kraftig sort aluminiums ramme.\u00a0 H\u00e6rdet solar glas.<\/p>\n<p>&#8211;\u00a0 Udgangs sp\u00e6nding: 19 til 20 V<br \/>\n&#8211; M\u00e5l: 676 mm x 492 mm x 25 mm \/ 4 kg<br \/>\n&#8211; Tolerance: +3 %<br \/>\n&#8211; Effekt: 60 Watt<br \/>\n&#8211; Str\u00f8m ved P max: 2,9 A<br \/>\n&#8211; Sp\u00e6nding ved P max: 19,2 V<br \/>\n&#8211; Kortslutnings str\u00f8m 3,5 A<br \/>\n&#8211; \u00c5ben kreds sp\u00e6nding: 23 V<br \/>\n&#8211; 2 x 5 m kabel (4 mm2) MED MC4 stik<\/p>\n","protected":false},"excerpt":{"rendered":"<p>Til sm\u00e5 solcelleanl\u00e6g<br \/>\nStr\u00f8m ved P max: 2,9A<br \/>\nSp\u00e6nding ved P max: 19,2V<br \/>\nDimensioner: 676 x 492 x 25 mm\/ 4 kg<br \/>\nLevering: 1-2 dage<\/p>\n","protected":false},"featured_media":32800,"template":"","meta":{"_predictive_search_focuskw":"","_ps_exclude_item":""},"product_brand":[],"product_cat":[21],"product_tag":[152,488,145,244,581,578,1702],"class_list":{"0":"post-32798","1":"product","2":"type-product","3":"status-publish","4":"has-post-thumbnail","6":"product_cat-solceller-med-ramme-diverse","7":"product_tag-12v","8":"product_tag-60watt","9":"product_tag-baad","10":"product_tag-campingvogn","11":"product_tag-kontainer-ventilation","12":"product_tag-solceller-til-ventilation","13":"product_tag-solpanel-til-noedberedskab","14":"product_shipping_class-forsendelse","15":"post","16":"post-with-thumbnail","17":"post-with-thumbnail-large","19":"first","20":"instock","21":"taxable","22":"shipping-taxable","23":"purchasable","24":"product-type-simple"},"aioseo_notices":[],"_links":{"self":[{"href":"https:\/\/solcelle.dk\/wordpress\/wp-json\/wp\/v2\/product\/32798","targetHints":{"allow":["GET"]}}],"collection":[{"href":"https:\/\/solcelle.dk\/wordpress\/wp-json\/wp\/v2\/product"}],"about":[{"href":"https:\/\/solcelle.dk\/wordpress\/wp-json\/wp\/v2\/types\/product"}],"wp:featuredmedia":[{"embeddable":true,"href":"https:\/\/solcelle.dk\/wordpress\/wp-json\/wp\/v2\/media\/32800"}],"wp:attachment":[{"href":"https:\/\/solcelle.dk\/wordpress\/wp-json\/wp\/v2\/media?parent=32798"}],"wp:term":[{"taxonomy":"product_brand","embeddable":true,"href":"https:\/\/solcelle.dk\/wordpress\/wp-json\/wp\/v2\/product_brand?post=32798"},{"taxonomy":"product_cat","embeddable":true,"href":"https:\/\/solcelle.dk\/wordpress\/wp-json\/wp\/v2\/product_cat?post=32798"},{"taxonomy":"product_tag","embeddable":true,"href":"https:\/\/solcelle.dk\/wordpress\/wp-json\/wp\/v2\/product_tag?post=32798"}],"curies":[{"name":"wp","href":"https:\/\/api.w.org\/{rel}","templated":true}]}}