{"id":33563,"date":"2019-02-04T09:22:53","date_gmt":"2019-02-04T08:22:53","guid":{"rendered":"https:\/\/solcelle.dk\/wordpress\/?post_type=product&#038;p=33563"},"modified":"2026-01-15T11:47:47","modified_gmt":"2026-01-15T10:47:47","slug":"lifepo4-batteri-m-app-overvaagning-bms-12v-100ah","status":"publish","type":"product","link":"https:\/\/solcelle.dk\/wordpress\/produkt\/lifepo4-batteri-m-app-overvaagning-bms-12v-100ah\/","title":{"rendered":"LiFePO4 batteri m\/APP og BMS 12V, 100Ah (100A BMS)"},"content":{"rendered":"<p>LiFePO4 batteri m\/APP overv\u00e5gning &amp; BMS 12 V, 100 Ah (100 A BMS) leverer ekstrem mange dybdeafladninger, og har dermed en lang levetid. Batteritypen er nano-LiFePO4 (Lithium jern fosfat), som er opbygget med nanoteknologi, s\u00e5 man kan tr\u00e6kke ganske stor str\u00f8mstyrke ud af batteriet. Batteriet kan bruges til <a href=\"https:\/\/solcelle.dk\/wordpress\/produkt-kategori\/solcelleanlaeg-12-24v\/solcelleanlaeg-5-55w\/\">solcelleanl\u00e6g<\/a>.<\/p>\n<p>Tekniske data:<br \/>\n\u2013 Sp\u00e6nding 12,8 V nominel (12 til 14 V)<br \/>\n\u2013 Indbygget BMS<br \/>\n\u2013 Arbejdstemperatur: 10 til 30 \u00b0C<br \/>\n\u2013 Maks.: 0 til 45 \u00b0C (T\u00e5ler ikke frost)<br \/>\n\u2013 Maks. kun ved afladning: -20 til 60 \u00b0C<br \/>\n\u2013 Beskyttelse IP56<br \/>\n\u2013 Kapacitet 100 Ah \/ 1200 Wh<br \/>\n\u2013 Bulk: Maks. 14,5 V \u00b10,2 V, Float (vedligehold): 13,8 V<br \/>\n\u2013 Afladestr\u00f8m maks. 80 A, 100 A i 30 min., 350 A i 3 sek.<br \/>\n\u2013 Opladestr\u00f8m 50 A anbefalet, 100 A maks.<br \/>\n\u2013 M\u00e5l: 330 mm x 175 mm x 220 mm \/235 mm \/ ca. 13,5 Kg<\/p>\n","protected":false},"excerpt":{"rendered":"<p>APP &amp; Bluetooth forbindelse til iPhone og Android<br \/>\nAfladestr\u00f8m maks. 80A, 100A i 30 min.<br \/>\nM\u00e5l: 330 x 175 x 220\/235 mm<\/p>\n<p>Levering:\u00a01-2 dage<\/p>\n","protected":false},"featured_media":7893,"template":"","meta":{"_predictive_search_focuskw":"","_ps_exclude_item":""},"product_brand":[],"product_cat":[1185],"product_tag":[734,615,798],"class_list":{"0":"post-33563","1":"product","2":"type-product","3":"status-publish","4":"has-post-thumbnail","6":"product_cat-lithium-batterier-diverse","7":"product_tag-100ah-batteri","8":"product_tag-12v-batteri","9":"product_tag-lithium-batteri-12v","10":"product_shipping_class-forsendelse","11":"post","12":"post-with-thumbnail","13":"post-with-thumbnail-large","15":"first","16":"instock","17":"taxable","18":"shipping-taxable","19":"purchasable","20":"product-type-simple"},"aioseo_notices":[],"_links":{"self":[{"href":"https:\/\/solcelle.dk\/wordpress\/wp-json\/wp\/v2\/product\/33563","targetHints":{"allow":["GET"]}}],"collection":[{"href":"https:\/\/solcelle.dk\/wordpress\/wp-json\/wp\/v2\/product"}],"about":[{"href":"https:\/\/solcelle.dk\/wordpress\/wp-json\/wp\/v2\/types\/product"}],"wp:featuredmedia":[{"embeddable":true,"href":"https:\/\/solcelle.dk\/wordpress\/wp-json\/wp\/v2\/media\/7893"}],"wp:attachment":[{"href":"https:\/\/solcelle.dk\/wordpress\/wp-json\/wp\/v2\/media?parent=33563"}],"wp:term":[{"taxonomy":"product_brand","embeddable":true,"href":"https:\/\/solcelle.dk\/wordpress\/wp-json\/wp\/v2\/product_brand?post=33563"},{"taxonomy":"product_cat","embeddable":true,"href":"https:\/\/solcelle.dk\/wordpress\/wp-json\/wp\/v2\/product_cat?post=33563"},{"taxonomy":"product_tag","embeddable":true,"href":"https:\/\/solcelle.dk\/wordpress\/wp-json\/wp\/v2\/product_tag?post=33563"}],"curies":[{"name":"wp","href":"https:\/\/api.w.org\/{rel}","templated":true}]}}