{"id":3389,"date":"2017-02-03T13:22:04","date_gmt":"2017-02-03T12:22:04","guid":{"rendered":"https:\/\/solcelle.dk\/wordpress\/produkt\/rutland-504-12v-kugleleje-saet\/"},"modified":"2024-03-10T15:13:22","modified_gmt":"2024-03-10T14:13:22","slug":"rutland-504-12v-kugleleje-saet","status":"publish","type":"product","link":"https:\/\/solcelle.dk\/wordpress\/produkt\/rutland-504-12v-kugleleje-saet\/","title":{"rendered":"Rutland 504, 12V kugleleje s\u00e6t til vindm\u00f8llen"},"content":{"rendered":"<p>KUGLELEJE s\u00e6t til Vindm\u00f8lle Rutland <a href=\"https:\/\/solcelle.dk\/wordpress\/produkt\/vindmoelle-rutland-504-12v\/\">504, 12 V<\/a>. S\u00e6ttet Indeholder 1 stk. kugleleje 6202-2RS + 1 stk. kugleleje 6000 ZZ + 2 stk. x 6002ZZ.<\/p>\n<p>Til erstatning af rotorens defekte kugleleje (begge kuglelejre skal skiftes), samt \u00f8verste del (1 kugleleje).<\/p>\n<p>\u2013 Material Type Chrome st\u00e5l<br \/>\n\u2013 Bore Diameter 0.590 inches<br \/>\n\u2013 Inder diameter: 15 mm<br \/>\n\u2013 Yder diameter: 32 mm<br \/>\n\u2013 Brede: 9 mm<br \/>\n\u2013 Statisk kapacitet: 2840 Newton<br \/>\n\u2013 Dynamisk kapacitet: 5600 Newton<\/p>\n<iframe loading=\"lazy\"  id=\"_ytid_45664\"  width=\"720\" height=\"405\"  data-origwidth=\"720\" data-origheight=\"405\" src=\"https:\/\/www.youtube.com\/embed\/apAoHAek-F0?enablejsapi=1&autoplay=0&cc_load_policy=0&cc_lang_pref=&iv_load_policy=1&loop=0&rel=1&fs=1&playsinline=0&autohide=2&theme=dark&color=red&controls=1&disablekb=0&\" class=\"__youtube_prefs__  no-lazyload\" title=\"YouTube player\"  allow=\"fullscreen; accelerometer; autoplay; clipboard-write; encrypted-media; gyroscope; picture-in-picture; web-share\" referrerpolicy=\"strict-origin-when-cross-origin\" allowfullscreen data-no-lazy=\"1\" data-skipgform_ajax_framebjll=\"\"><\/iframe>\n","protected":false},"excerpt":{"rendered":"<p>Til erstatning af rotorens defekte kugleleje<br \/>\n\u2013 Inder diameter: 15 mm<br \/>\n\u2013 Yder diameter: 32 mm<br \/>\n\u2013 Brede: 9 mm<br \/>\nLevering: 1-2 dage<\/p>\n","protected":false},"featured_media":3390,"template":"","meta":{"_predictive_search_focuskw":"","_ps_exclude_item":""},"product_brand":[],"product_cat":[140],"product_tag":[197,208,196],"class_list":{"0":"post-3389","1":"product","2":"type-product","3":"status-publish","4":"has-post-thumbnail","6":"product_cat-reservedele-til-vindmoeller","7":"product_tag-reparation-saet","8":"product_tag-rutland504","9":"product_tag-spare-part","10":"product_shipping_class-forsendelse","11":"pa_producent-marlec-engineering-co-ltd","12":"post","13":"post-with-thumbnail","14":"post-with-thumbnail-large","16":"first","17":"instock","18":"taxable","19":"shipping-taxable","20":"purchasable","21":"product-type-simple"},"aioseo_notices":[],"_links":{"self":[{"href":"https:\/\/solcelle.dk\/wordpress\/wp-json\/wp\/v2\/product\/3389","targetHints":{"allow":["GET"]}}],"collection":[{"href":"https:\/\/solcelle.dk\/wordpress\/wp-json\/wp\/v2\/product"}],"about":[{"href":"https:\/\/solcelle.dk\/wordpress\/wp-json\/wp\/v2\/types\/product"}],"wp:featuredmedia":[{"embeddable":true,"href":"https:\/\/solcelle.dk\/wordpress\/wp-json\/wp\/v2\/media\/3390"}],"wp:attachment":[{"href":"https:\/\/solcelle.dk\/wordpress\/wp-json\/wp\/v2\/media?parent=3389"}],"wp:term":[{"taxonomy":"product_brand","embeddable":true,"href":"https:\/\/solcelle.dk\/wordpress\/wp-json\/wp\/v2\/product_brand?post=3389"},{"taxonomy":"product_cat","embeddable":true,"href":"https:\/\/solcelle.dk\/wordpress\/wp-json\/wp\/v2\/product_cat?post=3389"},{"taxonomy":"product_tag","embeddable":true,"href":"https:\/\/solcelle.dk\/wordpress\/wp-json\/wp\/v2\/product_tag?post=3389"}],"curies":[{"name":"wp","href":"https:\/\/api.w.org\/{rel}","templated":true}]}}