{"id":35260,"date":"2021-05-05T12:37:23","date_gmt":"2021-05-05T11:37:23","guid":{"rendered":"https:\/\/solcelle.dk\/wordpress\/?post_type=product&#038;p=35260"},"modified":"2025-07-03T08:23:54","modified_gmt":"2025-07-03T07:23:54","slug":"bus-bar-victron-250a-4p-cover","status":"publish","type":"product","link":"https:\/\/solcelle.dk\/wordpress\/produkt\/bus-bar-victron-250a-4p-cover\/","title":{"rendered":"Victron Energy Busbar 250A 4P + Cover, 250A, 70V DC"},"content":{"rendered":"<p>Victron Energy Busbar 250A 4P + Cover, 250A, 70V DC bruges til h\u00f8j str\u00f8mfordeling og giver gode forbindelser til <a href=\"https:\/\/solcelle.dk\/wordpress\/produkt-kategori\/batterier-syre-lithium-agm-gel-og-pakker\/lithium-batterier\/\">batterier<\/a> og DC -udstyr. Victron tilbyder et antal samleskinner med forskellige str\u00f8mv\u00e6rdier og flere antal tilslutnings terminaler. Hver samleskinne er udstyret med et aftageligt beskyttelses d\u00e6ksel.<\/p>\n<p>\u2013 Materiale: rustfrit st\u00e5l<br \/>\n\u2013 Maks. Sp\u00e6nding: 70 VDC<br \/>\n\u2013 Str\u00f8m: 250 A<br \/>\n\u2013 D\u00e6ksel: Ja<br \/>\n\u2013 Antal skruer : 4<br \/>\n\u2013 Terminal diameter: 8 mm<br \/>\n&#8211; M\u00e5l: 48 mm x 237 mm x 70 mm<\/p>\n","protected":false},"excerpt":{"rendered":"<p>Bruges til h\u00f8j str\u00f8mfordeling og forbindelser til batterier og DC -udstyr.<br \/>\nDimensioner: 48 x 237 x 70 mm.<\/p>\n<p>Levering: 1-3 dage<\/p>\n","protected":false},"featured_media":35261,"template":"","meta":{"_predictive_search_focuskw":"","_ps_exclude_item":""},"product_brand":[],"product_cat":[1230],"product_tag":[1557,154],"class_list":{"0":"post-35260","1":"product","2":"type-product","3":"status-publish","4":"has-post-thumbnail","6":"product_cat-batteri-installations-udstyr","7":"product_tag-250a","8":"product_tag-48v-batteri","9":"product_shipping_class-forsendelse","10":"pa_producent-victron-energy","11":"post","12":"post-with-thumbnail","13":"post-with-thumbnail-large","15":"first","16":"instock","17":"taxable","18":"shipping-taxable","19":"purchasable","20":"product-type-simple"},"aioseo_notices":[],"_links":{"self":[{"href":"https:\/\/solcelle.dk\/wordpress\/wp-json\/wp\/v2\/product\/35260","targetHints":{"allow":["GET"]}}],"collection":[{"href":"https:\/\/solcelle.dk\/wordpress\/wp-json\/wp\/v2\/product"}],"about":[{"href":"https:\/\/solcelle.dk\/wordpress\/wp-json\/wp\/v2\/types\/product"}],"wp:featuredmedia":[{"embeddable":true,"href":"https:\/\/solcelle.dk\/wordpress\/wp-json\/wp\/v2\/media\/35261"}],"wp:attachment":[{"href":"https:\/\/solcelle.dk\/wordpress\/wp-json\/wp\/v2\/media?parent=35260"}],"wp:term":[{"taxonomy":"product_brand","embeddable":true,"href":"https:\/\/solcelle.dk\/wordpress\/wp-json\/wp\/v2\/product_brand?post=35260"},{"taxonomy":"product_cat","embeddable":true,"href":"https:\/\/solcelle.dk\/wordpress\/wp-json\/wp\/v2\/product_cat?post=35260"},{"taxonomy":"product_tag","embeddable":true,"href":"https:\/\/solcelle.dk\/wordpress\/wp-json\/wp\/v2\/product_tag?post=35260"}],"curies":[{"name":"wp","href":"https:\/\/api.w.org\/{rel}","templated":true}]}}