{"id":35503,"date":"2021-03-31T15:37:16","date_gmt":"2021-03-31T14:37:16","guid":{"rendered":"https:\/\/solcelle.dk\/wordpress\/?post_type=product&#038;p=35503"},"modified":"2026-05-11T10:54:57","modified_gmt":"2026-05-11T09:54:57","slug":"dc-dc-konverter-victron-orion-tr-12-12-30a-360w-galvanisk-isoleret","status":"publish","type":"product","link":"https:\/\/solcelle.dk\/wordpress\/produkt\/dc-dc-konverter-victron-orion-tr-12-12-30a-360w-galvanisk-isoleret\/","title":{"rendered":"DC\/DC konverter Victron Orion-Tr 12\/12, 30A, 360W, isoleret"},"content":{"rendered":"<p>DC\/DC konverter Victron Orion-Tr 12\/12, 30 A, 360 W, galvanisk isoleret, med regulerbar udgangs sp\u00e6nding. Kan ogs\u00e5 anvendes som batterioplader. Til at oplade et 12 Volt <a href=\"https:\/\/solcelle.dk\/wordpress\/produkt-kategori\/batterier-syre-lithium-agm-gel-og-pakker\/12v-banner-bilbatterier\/\">startbatteri<\/a> eller et batteri i et 12 V system.<\/p>\n<p>Alle konverter er beskyttet mod kortslutning og kan parallel forbindes for at \u00f8ge udgangs str\u00f8mmen. Det er muligt at parallelforbinde et ubegr\u00e6nset antal enheder. Terminaler: der kr\u00e6ves ikke specialv\u00e6rkt\u00f8j til montering. <a href=\"https:\/\/kerychip.dk\/Datablad\/OrionTrDCDCconverters_isolated.pdf\">Download datablad<\/a>, <a href=\"https:\/\/kerychip.dk\/Datablad\/OrionTrDCDCconverters_isolated_manual.pdf\">Download manual<\/a><\/p>\n<p>\u2013 Galvanisk isoleret: Ja<br \/>\n\u2013 Indgangs sp\u00e6nding: 8 V \u2013 17 V<br \/>\n\u2013 Udgangssp\u00e6nding: 10 V- 15 V (12,2 V)<br \/>\n\u2013 Udgangs str\u00f8m: 30 A<br \/>\n\u2013 Udgangs effekt: 360 W<br \/>\n\u2013 M\u00e5l: 130 mm x 186 mm x 80 mm<br \/>\n\u2013 Temperatur: -20 til +55 \u00b0C<\/p>\n","protected":false},"excerpt":{"rendered":"<p>Med regulerbar udgangssp\u00e6nding: kan ogs\u00e5 anvendes som batterioplader<br \/>\nUdgangssp\u00e6nding: 10V-15V<br \/>\nDimensioner: 130x186x70 mm<br \/>\nLevering: 1-3 dage<\/p>\n<p>&nbsp;<\/p>\n","protected":false},"featured_media":35504,"template":"","meta":{"_predictive_search_focuskw":"","_ps_exclude_item":""},"product_brand":[],"product_cat":[990],"product_tag":[152,159,977],"class_list":{"0":"post-35503","1":"product","2":"type-product","3":"status-publish","4":"has-post-thumbnail","6":"product_cat-dc-dc-konverter","7":"product_tag-12v","8":"product_tag-batteri","9":"product_tag-konverter","10":"product_shipping_class-forsendelse","11":"pa_producent-victron-energy","12":"post","13":"post-with-thumbnail","14":"post-with-thumbnail-large","16":"first","17":"instock","18":"taxable","19":"shipping-taxable","20":"purchasable","21":"product-type-simple"},"aioseo_notices":[],"_links":{"self":[{"href":"https:\/\/solcelle.dk\/wordpress\/wp-json\/wp\/v2\/product\/35503","targetHints":{"allow":["GET"]}}],"collection":[{"href":"https:\/\/solcelle.dk\/wordpress\/wp-json\/wp\/v2\/product"}],"about":[{"href":"https:\/\/solcelle.dk\/wordpress\/wp-json\/wp\/v2\/types\/product"}],"wp:featuredmedia":[{"embeddable":true,"href":"https:\/\/solcelle.dk\/wordpress\/wp-json\/wp\/v2\/media\/35504"}],"wp:attachment":[{"href":"https:\/\/solcelle.dk\/wordpress\/wp-json\/wp\/v2\/media?parent=35503"}],"wp:term":[{"taxonomy":"product_brand","embeddable":true,"href":"https:\/\/solcelle.dk\/wordpress\/wp-json\/wp\/v2\/product_brand?post=35503"},{"taxonomy":"product_cat","embeddable":true,"href":"https:\/\/solcelle.dk\/wordpress\/wp-json\/wp\/v2\/product_cat?post=35503"},{"taxonomy":"product_tag","embeddable":true,"href":"https:\/\/solcelle.dk\/wordpress\/wp-json\/wp\/v2\/product_tag?post=35503"}],"curies":[{"name":"wp","href":"https:\/\/api.w.org\/{rel}","templated":true}]}}