{"id":35544,"date":"2021-03-03T12:51:13","date_gmt":"2021-03-03T11:51:13","guid":{"rendered":"https:\/\/solcelle.dk\/wordpress\/?post_type=product&#038;p=35544"},"modified":"2024-06-09T15:15:02","modified_gmt":"2024-06-09T14:15:02","slug":"dc-dc-konverter-victron-orion-tr-24-48-85a-400w-galvanisk-isoleret","status":"publish","type":"product","link":"https:\/\/solcelle.dk\/wordpress\/produkt\/dc-dc-konverter-victron-orion-tr-24-48-85a-400w-galvanisk-isoleret\/","title":{"rendered":"DC\/DC konverter Victron Orion-Tr 24\/48, 8,5A, 400W, isoleret"},"content":{"rendered":"<p>DC\/DC konverter \/ lader Victron Orion-Tr 24\/48, 8,5 A, 400 W, galvanisk isoleret, med regulerbar udgangs sp\u00e6nding. Kan ogs\u00e5 anvendes som batterioplader. Til at oplade et 48 Volt <a href=\"https:\/\/solcelle.dk\/wordpress\/produkt-kategori\/batterier-syre-lithium-agm-gel-og-pakker\/12v-banner-bilbatterier\/\">startbatteri<\/a> eller et batteri i et 48 V system fra 24 V.<\/p>\n<p>Alle konverter er beskyttet mod kortslutning og kan parallel forbindes for at \u00f8ge udgangs str\u00f8mmen. Det er muligt at parallelforbinde et ubegr\u00e6nset antal enheder. Terminaler: der kr\u00e6ves ikke specialv\u00e6rkt\u00f8j til montering. <a href=\"https:\/\/kerychip.dk\/Datablad\/OrionTrDCDCconverters_isolated.pdf\">Download datablad<\/a>, <a href=\"https:\/\/kerychip.dk\/Datablad\/OrionTrDCDCconverters_isolated_manual.pdf\">Download manual<\/a><\/p>\n<p>\u2013 Galvanisk isoleret: Ja<br \/>\n\u2013 Indgangssp\u00e6nding: 16 V-35 V<br \/>\n\u2013 Udgangssp\u00e6nding: 40 V &#8211; 60 V (48,2 V)<br \/>\n\u2013 Udgangsstr\u00f8m: 8,5 A<br \/>\n\u2013 Effekt: 400 W<br \/>\n\u2013 M\u00e5l: 130 mm x 186 mm<\/p>\n","protected":false},"excerpt":{"rendered":"<p>Med regulerbar udgangs sp\u00e6nding. Kan ogs\u00e5 anvendes som batterioplader.<br \/>\nEffekt: 400 W<br \/>\nDimensioner: 130x186x70 \u00a0mm<br \/>\nLevering: 1-3 dage<\/p>\n<p>&nbsp;<\/p>\n","protected":false},"featured_media":35545,"template":"","meta":{"_predictive_search_focuskw":"","_ps_exclude_item":""},"product_brand":[],"product_cat":[990],"product_tag":[616,154,224,977],"class_list":{"0":"post-35544","1":"product","2":"type-product","3":"status-publish","4":"has-post-thumbnail","6":"product_cat-dc-dc-konverter","7":"product_tag-24v-batteri","8":"product_tag-48v-batteri","9":"product_tag-8a","10":"product_tag-konverter","11":"product_shipping_class-forsendelse","12":"pa_producent-victron-energy","13":"post","14":"post-with-thumbnail","15":"post-with-thumbnail-large","17":"first","18":"instock","19":"taxable","20":"shipping-taxable","21":"purchasable","22":"product-type-simple"},"aioseo_notices":[],"_links":{"self":[{"href":"https:\/\/solcelle.dk\/wordpress\/wp-json\/wp\/v2\/product\/35544","targetHints":{"allow":["GET"]}}],"collection":[{"href":"https:\/\/solcelle.dk\/wordpress\/wp-json\/wp\/v2\/product"}],"about":[{"href":"https:\/\/solcelle.dk\/wordpress\/wp-json\/wp\/v2\/types\/product"}],"wp:featuredmedia":[{"embeddable":true,"href":"https:\/\/solcelle.dk\/wordpress\/wp-json\/wp\/v2\/media\/35545"}],"wp:attachment":[{"href":"https:\/\/solcelle.dk\/wordpress\/wp-json\/wp\/v2\/media?parent=35544"}],"wp:term":[{"taxonomy":"product_brand","embeddable":true,"href":"https:\/\/solcelle.dk\/wordpress\/wp-json\/wp\/v2\/product_brand?post=35544"},{"taxonomy":"product_cat","embeddable":true,"href":"https:\/\/solcelle.dk\/wordpress\/wp-json\/wp\/v2\/product_cat?post=35544"},{"taxonomy":"product_tag","embeddable":true,"href":"https:\/\/solcelle.dk\/wordpress\/wp-json\/wp\/v2\/product_tag?post=35544"}],"curies":[{"name":"wp","href":"https:\/\/api.w.org\/{rel}","templated":true}]}}