{"id":35566,"date":"2021-03-04T08:23:15","date_gmt":"2021-03-04T07:23:15","guid":{"rendered":"https:\/\/solcelle.dk\/wordpress\/?post_type=product&#038;p=35566"},"modified":"2025-07-10T13:30:04","modified_gmt":"2025-07-10T12:30:04","slug":"dc-dc-konverter-lader-victron-orion-tr-smart-12-12-18a-220w-isoleret","status":"publish","type":"product","link":"https:\/\/solcelle.dk\/wordpress\/produkt\/dc-dc-konverter-lader-victron-orion-tr-smart-12-12-18a-220w-isoleret\/","title":{"rendered":"DC\/DC lader Victron Orion-Tr SMART 12\/12- 18A, isoleret"},"content":{"rendered":"<p>DC \/ DC konverter \/ lader Victron Orion-Tr Smart 12 \/ 12 &#8211; 18 A (220 W), galvanisk isoleret, er en professionel DC til DC 3 stadie oplader med indbygget Bluetooth. Til brug i dobbelte batteri systemer i biler eller p\u00e5 b\u00e5de. Hvor den (smarte) generator og <a href=\"https:\/\/solcelle.dk\/wordpress\/produkt-kategori\/batterier-syre-lithium-agm-gel-og-pakker\/12v-banner-bilbatterier\/\">start batteriet<\/a> bruges til at oplade servicebatteriet.<\/p>\n<p>Denne enhed kan overv\u00e5ges og programmeres via Bluetooth og kan fjernstyres via en ekstern t\u00e6nd\/sluk-knap, og den har ogs\u00e5 en detektions mekaniske til t\u00e6ndte motorer. Orion-Tr Smart opladeren kan bruges i 24 V systemer til opladning af 12 V batterier og er egnet til b\u00e5de bly og <a href=\"https:\/\/solcelle.dk\/wordpress\/produkt-kategori\/batterier-syre-lithium-agm-gel-og-pakker\/lithium-batterier\/\">lithium<\/a> batterier. <a href=\"https:\/\/kerychip.dk\/Datablad\/OrionTrDCDCconverters_isolated.pdf\">Download datablad<\/a>, <a href=\"https:\/\/kerychip.dk\/Datablad\/OrionTrDCDCconverters_isolated_manual.pdf\">Download manual<\/a><\/p>\n<p>Tekniske data:<br \/>\n\u2013 Galvanisk isoleret: Ja<br \/>\n\u2013 Indgangssp\u00e6nding: 12 V DC (10&#8230;17 V DC)<br \/>\n\u2013 Udgangssp\u00e6nding: 10 V-15 V (12,2V )<br \/>\n\u2013 Udgangsstr\u00f8m: 18 A<br \/>\n\u2013 Effekt: 220 W<br \/>\n\u2013 M\u00e5l: 130 x 186 x 70 mm<br \/>\n\u2013 Temperatur: -20 til +55 \u00b0C<br \/>\n\u2013 Isolering: IP43<\/p>\n","protected":false},"excerpt":{"rendered":"<p>En professionel DC til DC 3-stadie oplader med indbygget Bluetooth til at oplade servicebatteriet<br \/>\nM\u00e5l: 130 x 186 x 70 mm<br \/>\nLevering: 1-3 dage<\/p>\n","protected":false},"featured_media":35567,"template":"","meta":{"_predictive_search_focuskw":"","_ps_exclude_item":""},"product_brand":[],"product_cat":[990],"product_tag":[152,1236,159,1235],"class_list":{"0":"post-35566","1":"product","2":"type-product","3":"status-publish","4":"has-post-thumbnail","6":"product_cat-dc-dc-konverter","7":"product_tag-12v","8":"product_tag-18a","9":"product_tag-batteri","10":"product_tag-lader","11":"product_shipping_class-forsendelse","12":"pa_producent-victron-energy","13":"post","14":"post-with-thumbnail","15":"post-with-thumbnail-large","17":"first","18":"instock","19":"taxable","20":"shipping-taxable","21":"purchasable","22":"product-type-simple"},"aioseo_notices":[],"_links":{"self":[{"href":"https:\/\/solcelle.dk\/wordpress\/wp-json\/wp\/v2\/product\/35566","targetHints":{"allow":["GET"]}}],"collection":[{"href":"https:\/\/solcelle.dk\/wordpress\/wp-json\/wp\/v2\/product"}],"about":[{"href":"https:\/\/solcelle.dk\/wordpress\/wp-json\/wp\/v2\/types\/product"}],"wp:featuredmedia":[{"embeddable":true,"href":"https:\/\/solcelle.dk\/wordpress\/wp-json\/wp\/v2\/media\/35567"}],"wp:attachment":[{"href":"https:\/\/solcelle.dk\/wordpress\/wp-json\/wp\/v2\/media?parent=35566"}],"wp:term":[{"taxonomy":"product_brand","embeddable":true,"href":"https:\/\/solcelle.dk\/wordpress\/wp-json\/wp\/v2\/product_brand?post=35566"},{"taxonomy":"product_cat","embeddable":true,"href":"https:\/\/solcelle.dk\/wordpress\/wp-json\/wp\/v2\/product_cat?post=35566"},{"taxonomy":"product_tag","embeddable":true,"href":"https:\/\/solcelle.dk\/wordpress\/wp-json\/wp\/v2\/product_tag?post=35566"}],"curies":[{"name":"wp","href":"https:\/\/api.w.org\/{rel}","templated":true}]}}