{"id":3575,"date":"2017-03-05T15:30:30","date_gmt":"2017-03-05T14:30:30","guid":{"rendered":"https:\/\/solcelle.dk\/wordpress\/produkt\/vindmoelle-rutland-furlmatic-910-4\/"},"modified":"2026-01-18T12:38:11","modified_gmt":"2026-01-18T11:38:11","slug":"vindmoelle-rutland-furlmatic-910-4","status":"publish","type":"product","link":"https:\/\/solcelle.dk\/wordpress\/produkt\/vindmoelle-rutland-furlmatic-910-4\/","title":{"rendered":"&#8211; Vindm\u00f8lle Rutland Furlmatic FM910-4 til landmontering"},"content":{"rendered":"<p>Vindm\u00f8lle Rutland Furlmatic FM910-4 til landmontering er en p\u00e5lidelig m\u00e5de at oplade batterier p\u00e5 b\u00e5de, campingvogne og i fjerntliggende og sv\u00e6rt tilg\u00e6ngelige steder. Kan ogs\u00e5 bruges til telekommunikation, opsamling af videnskabelige data og\u00a0 for nylig for bredb\u00e5ndsforbindelser.<\/p>\n<p>Rutland FM910-4 kan bruges sammen med HRSi og HRDi laderegulator.\u00a0I prisen er IKKE inkluderet <a href=\"https:\/\/solcelle.dk\/wordpress\/produkt\/laderegulator-hrdi-til-rutland-914i-504-12-24v\/\">laderegulator<\/a> eller <a href=\"https:\/\/solcelle.dk\/wordpress\/produkt\/rutland-fm910-4-anker-rigging-kit-til-permanent-land-montering\/\">monteringsbeslag<\/a>, <a href=\"https:\/\/solcelle.dk\/wordpress\/produkt\/vindmoelle-rutland-914i-til-baad-land\/\">mast<\/a>.\u00a0Rutland FM910-4 vindm\u00f8lle kan bruges til: skilte belysning, gadebelysning, Off-grid CCTV, kolonihavehus.<\/p>\n<p>If\u00f8lge godkendelsesgrundlag for sm\u00e5 vindm\u00f8ller:<br \/>\n1.1 Vindm\u00f8ller med et rotorareal pa\u030a 1 m2 (rotordiameter mindre end 1,13 m) og derunder\u00a0 er undtaget fra godkendelse. Men sp\u00f8rg alligevel Kommunen eller bestyrelsen i kolonihaven om du f\u00e5r lov at stille en vindm\u00f8lle op. (ogs\u00e5 naboerne !!)<!--more--><\/p>\n<p><strong>Tekniske specifikationer:<\/strong><br \/>\n&#8211; Rotordiameter 910 cm \/ 0,91 m &lt; 1meter<br \/>\n&#8211; Total l\u00e6ngde: 1,153 m<br \/>\n&#8211; V\u00e6gt 13,1 kg<br \/>\n&#8211; Forsendelse St\u00f8rrelse: 945 mm\u00a0 x 344 mm x262 mm \/ 16 Kg<br \/>\n&#8211; Start Up Vindhastighed: 2,6 m\/s<br \/>\n&#8211; Sp\u00e6nding 12V DC eller 24 V DC<br \/>\n&#8211; Effekt maks. 192 watt ved 16 m\/s<\/p>\n<p><a href=\"http:\/\/www.solcelle.dk\/Datablad\/FM910-4-Datasheet.pdf\">Download Datablad , <\/a><a href=\"http:\/\/www.solcelle.dk\/Datablad\/FM910-4-Manual-C.pdf\">Download Manual<\/a><\/p>\n","protected":false},"excerpt":{"rendered":"<p>Rotordiameter 910cm<br \/>\nTotal l\u00e6ngde: 1,153m, 13,1 kg<br \/>\nSp\u00e6nding 12V, 24V DC<br \/>\nEffekt maks. 192 watt ved 16 m\/s<\/p>\n<p>&nbsp;<\/p>\n<p>Levering: 5-8 dage<\/p>\n<hr \/>\n<p><span style=\"color: #ff0000;\"><strong>V\u00e6lg model\/ sp\u00e6nding:<\/strong><\/span><\/p>\n","protected":false},"featured_media":1564,"template":"","meta":{"_predictive_search_focuskw":"","_ps_exclude_item":""},"product_brand":[],"product_cat":[142],"product_tag":[152,153,144,185,157,823],"class_list":{"0":"post-3575","1":"product","2":"type-product","3":"status-publish","4":"has-post-thumbnail","6":"product_cat-vindmoeller-til-122448v","7":"product_tag-12v","8":"product_tag-24v","9":"product_tag-kolonihavehus","10":"product_tag-land","11":"product_tag-telekommunikation","12":"product_tag-vindmoelle-til-kolonihave-og-hytte","13":"product_shipping_class-forsendelse","14":"pa_producent-marlec-engineering-co-ltd","15":"post","16":"post-with-thumbnail","17":"post-with-thumbnail-large","19":"first","20":"instock","21":"taxable","22":"shipping-taxable","23":"purchasable","24":"product-type-variable","25":"has-default-attributes"},"aioseo_notices":[],"_links":{"self":[{"href":"https:\/\/solcelle.dk\/wordpress\/wp-json\/wp\/v2\/product\/3575","targetHints":{"allow":["GET"]}}],"collection":[{"href":"https:\/\/solcelle.dk\/wordpress\/wp-json\/wp\/v2\/product"}],"about":[{"href":"https:\/\/solcelle.dk\/wordpress\/wp-json\/wp\/v2\/types\/product"}],"wp:featuredmedia":[{"embeddable":true,"href":"https:\/\/solcelle.dk\/wordpress\/wp-json\/wp\/v2\/media\/1564"}],"wp:attachment":[{"href":"https:\/\/solcelle.dk\/wordpress\/wp-json\/wp\/v2\/media?parent=3575"}],"wp:term":[{"taxonomy":"product_brand","embeddable":true,"href":"https:\/\/solcelle.dk\/wordpress\/wp-json\/wp\/v2\/product_brand?post=3575"},{"taxonomy":"product_cat","embeddable":true,"href":"https:\/\/solcelle.dk\/wordpress\/wp-json\/wp\/v2\/product_cat?post=3575"},{"taxonomy":"product_tag","embeddable":true,"href":"https:\/\/solcelle.dk\/wordpress\/wp-json\/wp\/v2\/product_tag?post=3575"}],"curies":[{"name":"wp","href":"https:\/\/api.w.org\/{rel}","templated":true}]}}