{"id":35910,"date":"2021-11-24T11:00:54","date_gmt":"2021-11-24T10:00:54","guid":{"rendered":"https:\/\/solcelle.dk\/wordpress\/?post_type=product&#038;p=35910"},"modified":"2026-05-07T13:59:42","modified_gmt":"2026-05-07T12:59:42","slug":"solar-lightkit-phaesun-sun-shine","status":"publish","type":"product","link":"https:\/\/solcelle.dk\/wordpress\/produkt\/solar-lightkit-phaesun-sun-shine\/","title":{"rendered":"Solar Lightkit Phaesun Sun Shine, LED lys og batteripakke"},"content":{"rendered":"<p>Solar Lightkit Phaesun Sun Shine er en kombinationen af LED lys, <a href=\"https:\/\/solcelle.dk\/wordpress\/produkt-kategori\/solcellermoduler\/solceller-med-ramme-diverse\/\">solcelle<\/a> og batteri pakke samt mange funktioner. Sun Shine kan bruges som en l\u00e6se og bord lampe med forskellige intensiteter, v\u00e6kker opm\u00e6rksomheden med advarsels blink og skaber god stemning med levende lys med forskellige farve effekter.<\/p>\n<p><a class=\"d-inline-block ml-1 text-decoration-none\" href=\"https:\/\/order.phaesun.com\/docs\/350115_DB_DE_EN.pdf\" target=\"_blank\" rel=\"noopener\">Datasheet<\/a> \u00a0<a class=\"d-inline-block ml-1 text-decoration-none\" href=\"https:\/\/order.phaesun.com\/docs\/350115_BA_DE_EN_FR_ES.pdf\" target=\"_blank\" rel=\"noopener\">User Manual\u00a0<\/a><\/p>\n<p><!--more--><\/p>\n<p><strong>Beskrivelse:<\/strong><br \/>\n&#8211; LED lampe hvid d\u00e6mpbar 170\/105 lm, 1,2\/1 W<br \/>\n&#8211; RGB LED med 4 tilstande, lommelygte 86 lm, 1 W<br \/>\n&#8211; 2,3 Watt solpanel<br \/>\n&#8211; Udgang: USB 700 mA<br \/>\n&#8211; Batteri type LiFePO4<br \/>\n&#8211; Kapacitet 2.500 m. Ah<br \/>\n&#8211; Sp\u00e6nding: 3,7 V<\/p>\n","protected":false},"excerpt":{"rendered":"<p>En kombinationen af LED lys, solcelle og batteripakke<br \/>\nHvid LED -lampe, d\u00e6mpbar<br \/>\nKan bruges som en l\u00e6se- og bordlampe<\/p>\n<p>Levering : 2-4 dage<\/p>\n","protected":false},"featured_media":35911,"template":"","meta":{"_predictive_search_focuskw":"","_ps_exclude_item":""},"product_brand":[],"product_cat":[108],"product_tag":[145,283,144,400,230,211,401,1702],"class_list":{"0":"post-35910","1":"product","2":"type-product","3":"status-publish","4":"has-post-thumbnail","6":"product_cat-pico-solar-pv-kits","7":"product_tag-baad","8":"product_tag-hytte","9":"product_tag-kolonihavehus","10":"product_tag-lampe","11":"product_tag-ledlys","12":"product_tag-ledpaere","13":"product_tag-lyspakke-med-batteri","14":"product_tag-solpanel-til-noedberedskab","15":"product_shipping_class-forsendelse","16":"pa_producent-sundaya","17":"post","18":"post-with-thumbnail","19":"post-with-thumbnail-large","21":"first","22":"instock","23":"taxable","24":"shipping-taxable","25":"purchasable","26":"product-type-simple"},"aioseo_notices":[],"_links":{"self":[{"href":"https:\/\/solcelle.dk\/wordpress\/wp-json\/wp\/v2\/product\/35910","targetHints":{"allow":["GET"]}}],"collection":[{"href":"https:\/\/solcelle.dk\/wordpress\/wp-json\/wp\/v2\/product"}],"about":[{"href":"https:\/\/solcelle.dk\/wordpress\/wp-json\/wp\/v2\/types\/product"}],"wp:featuredmedia":[{"embeddable":true,"href":"https:\/\/solcelle.dk\/wordpress\/wp-json\/wp\/v2\/media\/35911"}],"wp:attachment":[{"href":"https:\/\/solcelle.dk\/wordpress\/wp-json\/wp\/v2\/media?parent=35910"}],"wp:term":[{"taxonomy":"product_brand","embeddable":true,"href":"https:\/\/solcelle.dk\/wordpress\/wp-json\/wp\/v2\/product_brand?post=35910"},{"taxonomy":"product_cat","embeddable":true,"href":"https:\/\/solcelle.dk\/wordpress\/wp-json\/wp\/v2\/product_cat?post=35910"},{"taxonomy":"product_tag","embeddable":true,"href":"https:\/\/solcelle.dk\/wordpress\/wp-json\/wp\/v2\/product_tag?post=35910"}],"curies":[{"name":"wp","href":"https:\/\/api.w.org\/{rel}","templated":true}]}}