{"id":35940,"date":"2021-10-27T13:27:03","date_gmt":"2021-10-27T12:27:03","guid":{"rendered":"https:\/\/solcelle.dk\/wordpress\/?post_type=product&#038;p=35940"},"modified":"2026-05-07T13:26:21","modified_gmt":"2026-05-07T12:26:21","slug":"foldable-module-phaesun-fly-weight-90-2","status":"publish","type":"product","link":"https:\/\/solcelle.dk\/wordpress\/produkt\/foldable-module-phaesun-fly-weight-90-2\/","title":{"rendered":"Sammenfoldeligt solcelle Phaesun Fly Weight 90\/2, 2 x 45W"},"content":{"rendered":"<div class=\"product-name\">\n<p>Sammenfoldeligt solcellemodul Phaesun Fly Weight 90\/2. Fly Weight har markeret sig med et h\u00f8jt energiudbytte p\u00e5 den mest begr\u00e6nsede plads og den laveste v\u00e6gt. N\u00e5r det er foldet i tekstilrammen og b\u00e6lte, er dette modul en diskret ledsager.\u00a0Den udvendige lomme skjuler n\u00f8dvendige kabler. Integrerede, foldbare ben tillader enhver forh\u00f8jning. Modulet kan sp\u00e6ndes med integrerede \u00f8jer.<\/p>\n<p>Kabler som f\u00f8lger med : SAE-stik til ledning og hylster, <a href=\"https:\/\/solcelle.dk\/wordpress\/produkt\/eksperiment-undervisnings-solcellesaet-2\/\">SAE stik til krokodilleklemme<\/a>, \u00d8 5 mm | SAE-stik til ringterminal, SAE-stik til cigarett\u00e6nderstik (han).<\/p>\n<\/div>\n<p><!--more--><\/p>\n<p>&#8211; Maks. effekt: 90 W (2 x 45W)<br \/>\n&#8211; Sp\u00e6nding: 20,9 V<br \/>\n&#8211; Str\u00f8m\u00a0 ved maks. effekt: 4,3 A<br \/>\n&#8211; \u00c5ben kredsl\u00f8b sp\u00e6nding: 24 V<br \/>\n&#8211; Kortslutningsstr\u00f8m: 4,6 A<br \/>\n&#8211; Temperatur: -10 til + 60 gr. C<br \/>\n&#8211; M\u00e5l: 440 mm x 560 mm x 20 mm foldet, V\u00e6gt 3,60 kg<\/p>\n<p>&nbsp;<\/p>\n","protected":false},"excerpt":{"rendered":"<p>Maks. effekt: 90 W (2 x 45W)<br \/>\nSp\u00e6nding: 20,9 V, str\u00f8m\u00a0 ved maks. effekt: 4,3 A<br \/>\nDimensioner : 440 x 560 x 20 mm foldet<br \/>\nV\u00e6gt 3,60 kg<\/p>\n<p>Levering: 2-4 dage<\/p>\n","protected":false},"featured_media":35941,"template":"","meta":{"_predictive_search_focuskw":"","_ps_exclude_item":""},"product_brand":[],"product_cat":[992],"product_tag":[416,1246],"class_list":{"0":"post-35940","1":"product","2":"type-product","3":"status-publish","4":"has-post-thumbnail","6":"product_cat-baerbar-sammenfoldelig-solpanel-kit-12v","7":"product_tag-90w","8":"product_tag-baerbar-solcelle","9":"product_shipping_class-forsendelse","10":"post","11":"post-with-thumbnail","12":"post-with-thumbnail-large","14":"first","15":"instock","16":"taxable","17":"shipping-taxable","18":"purchasable","19":"product-type-simple"},"aioseo_notices":[],"_links":{"self":[{"href":"https:\/\/solcelle.dk\/wordpress\/wp-json\/wp\/v2\/product\/35940","targetHints":{"allow":["GET"]}}],"collection":[{"href":"https:\/\/solcelle.dk\/wordpress\/wp-json\/wp\/v2\/product"}],"about":[{"href":"https:\/\/solcelle.dk\/wordpress\/wp-json\/wp\/v2\/types\/product"}],"wp:featuredmedia":[{"embeddable":true,"href":"https:\/\/solcelle.dk\/wordpress\/wp-json\/wp\/v2\/media\/35941"}],"wp:attachment":[{"href":"https:\/\/solcelle.dk\/wordpress\/wp-json\/wp\/v2\/media?parent=35940"}],"wp:term":[{"taxonomy":"product_brand","embeddable":true,"href":"https:\/\/solcelle.dk\/wordpress\/wp-json\/wp\/v2\/product_brand?post=35940"},{"taxonomy":"product_cat","embeddable":true,"href":"https:\/\/solcelle.dk\/wordpress\/wp-json\/wp\/v2\/product_cat?post=35940"},{"taxonomy":"product_tag","embeddable":true,"href":"https:\/\/solcelle.dk\/wordpress\/wp-json\/wp\/v2\/product_tag?post=35940"}],"curies":[{"name":"wp","href":"https:\/\/api.w.org\/{rel}","templated":true}]}}