{"id":35948,"date":"2021-10-27T14:45:35","date_gmt":"2021-10-27T13:45:35","guid":{"rendered":"https:\/\/solcelle.dk\/wordpress\/?post_type=product&#038;p=35948"},"modified":"2026-05-07T14:40:02","modified_gmt":"2026-05-07T13:40:02","slug":"modulsaet-phaesun-fly-weight-90-premium","status":"publish","type":"product","link":"https:\/\/solcelle.dk\/wordpress\/produkt\/modulsaet-phaesun-fly-weight-90-premium\/","title":{"rendered":"Moduls\u00e6t Phaesun Fly Weight 90 Premium, 90W, 12V"},"content":{"rendered":"<p>Moduls\u00e6t Phaesun Fly Weight 90 Premium, 90 W, 12 V inkluderer 3 delt foldbar solcelle, en laderegulator til opladning af 12V batterier og kabler. Laderegulator med LCD display, datalogger og USB og justerbar batteri sp\u00e6nding til bly\/syre, gel, AGM, LiFePo4).<\/p>\n<p>Integrerede, foldbare ben tillader enhver forh\u00f8jning. Modulet kan sp\u00e6ndes med integrerede \u00f8jer. Inklusiv diverse tilslutningskabler.<br \/>\nEndnu mindre f\u00f8lsom over for b\u00f8jning p\u00e5 grund af den forst\u00e6rkede bagfolie. ETFE laminat er ekstremt gennemskinnelig og er kendetegnet ved sin holdbarhed og modstand.<\/p>\n<p>Tekniske data:<br \/>\n\u2013 Laderegulator Phocos <a href=\"https:\/\/solcelle.dk\/wordpress\/produkt\/laderegulator-phocos-cxup-10-20a-1224v-usb-udgang-display\/\">Cxnup 10<\/a>, 12 \/ 24 V med USB, LCD display<br \/>\n&#8211; Phaesun <a href=\"https:\/\/solcelle.dk\/wordpress\/produkt\/foldable-module-phaesun-fly-weight-90-2\/\">Fly Weight 90\/2<\/a> x 45Wsolcelle<br \/>\n\u2013 Maks. effekt: 90 W<br \/>\n\u2013 Sp\u00e6nding: 20,9 V<br \/>\n\u2013 Str\u00f8m: 4,3 A<br \/>\n\u2013 \u00c5ben kredsl\u00f8b sp\u00e6nding: 24 V<br \/>\n\u2013 Kortslutningsstr\u00f8m: 4,6 A<br \/>\n\u2013 Temperatur: -10 til + 60 gr. C<br \/>\n\u2013 M\u00e5l: 440 x 560 x 10 mm foldet<br \/>\n\u2013 M\u00e5l: 1075 x\u00a0 560 x 8mm\u00a0 udfoldet<br \/>\n\u2013 V\u00e6gt 3,50 kg<\/p>\n","protected":false},"excerpt":{"rendered":"<p>Phocos Cxnup 10, 12\/24 V, effekt: 90 W<br \/>\nM\u00e5l: 440 x 560 x 10 mm foldet<br \/>\nM\u00e5l: 1075 x\u00a0 560 x 8mm\u00a0 udfoldet<\/p>\n<p>Levering: 2-3 dage<\/p>\n","protected":false},"featured_media":35949,"template":"","meta":{"_predictive_search_focuskw":"","_ps_exclude_item":""},"product_brand":[],"product_cat":[992],"product_tag":[1245,1246],"class_list":{"0":"post-35948","1":"product","2":"type-product","3":"status-publish","4":"has-post-thumbnail","6":"product_cat-baerbar-sammenfoldelig-solpanel-kit-12v","7":"product_tag-135w","8":"product_tag-baerbar-solcelle","9":"product_shipping_class-forsendelse","10":"post","11":"post-with-thumbnail","12":"post-with-thumbnail-large","14":"first","15":"instock","16":"taxable","17":"shipping-taxable","18":"purchasable","19":"product-type-simple"},"aioseo_notices":[],"_links":{"self":[{"href":"https:\/\/solcelle.dk\/wordpress\/wp-json\/wp\/v2\/product\/35948","targetHints":{"allow":["GET"]}}],"collection":[{"href":"https:\/\/solcelle.dk\/wordpress\/wp-json\/wp\/v2\/product"}],"about":[{"href":"https:\/\/solcelle.dk\/wordpress\/wp-json\/wp\/v2\/types\/product"}],"wp:featuredmedia":[{"embeddable":true,"href":"https:\/\/solcelle.dk\/wordpress\/wp-json\/wp\/v2\/media\/35949"}],"wp:attachment":[{"href":"https:\/\/solcelle.dk\/wordpress\/wp-json\/wp\/v2\/media?parent=35948"}],"wp:term":[{"taxonomy":"product_brand","embeddable":true,"href":"https:\/\/solcelle.dk\/wordpress\/wp-json\/wp\/v2\/product_brand?post=35948"},{"taxonomy":"product_cat","embeddable":true,"href":"https:\/\/solcelle.dk\/wordpress\/wp-json\/wp\/v2\/product_cat?post=35948"},{"taxonomy":"product_tag","embeddable":true,"href":"https:\/\/solcelle.dk\/wordpress\/wp-json\/wp\/v2\/product_tag?post=35948"}],"curies":[{"name":"wp","href":"https:\/\/api.w.org\/{rel}","templated":true}]}}