{"id":3596,"date":"2017-03-06T16:14:37","date_gmt":"2017-03-06T15:14:37","guid":{"rendered":"https:\/\/solcelle.dk\/wordpress\/produkt\/autosikring-15-40a\/"},"modified":"2024-02-06T14:57:16","modified_gmt":"2024-02-06T13:57:16","slug":"autosikring-15-40a","status":"publish","type":"product","link":"https:\/\/solcelle.dk\/wordpress\/produkt\/autosikring-15-40a\/","title":{"rendered":"Auto, fladsikring 15 &#8211; 40A til 12V, 24V j\u00e6vnsp\u00e6nding"},"content":{"rendered":"<p>FLADSIKRING 15-40 A, SPADE til j\u00e6vnsp\u00e6nding 12\/24 V i batteridrevet <a href=\"https:\/\/solcelle.dk\/wordpress\/produkt-kategori\/solcelleanlaeg-12-24v\/solcelleanlaeg-5-55w\/\">solcelleanl\u00e6g<\/a>, biler, b\u00e5d, campingvogn, kolonihavehus, telekommunikation, <a href=\"https:\/\/ldtechtrading.dk\/\">elektronik print<\/a>, elektriske konstruktioner.<\/p>\n<p>&#8211; Str\u00f8m: 15-40 A<br \/>\n&#8211; Sp\u00e6nding: 32 VDC<br \/>\n&#8211; Husmateriale: Harpiks<br \/>\n&#8211; Hush\u00f8jde: 12,5 mm<br \/>\n&#8211; Totalh\u00f8jde: 18,5 mm<br \/>\n&#8211; Bredde: 5 mm<\/p>\n","protected":false},"excerpt":{"rendered":"<p>Hush\u00f8jde 12.5mm, totalh\u00f8jde 18,5mm, bredde 5mm<br \/>\nTil batteridrevet solcelleanl\u00e6g, biler, b\u00e5d, campingvogn<\/p>\n<p>Levering : 1-2 dage<\/p>\n<hr \/>\n<p><strong><span style=\"color: #ff0000;\">V\u00e6lg str\u00f8m:<\/span><\/strong><\/p>\n","protected":false},"featured_media":1501,"template":"","meta":{"_predictive_search_focuskw":"","_ps_exclude_item":""},"product_brand":[],"product_cat":[74],"product_tag":[349,352,245,204,207,827,257],"class_list":{"0":"post-3596","1":"product","2":"type-product","3":"status-publish","4":"has-post-thumbnail","6":"product_cat-sikringer","7":"product_tag-20a","8":"product_tag-25a","9":"product_tag-30a","10":"product_tag-35a","11":"product_tag-40a","12":"product_tag-faston","13":"product_tag-sikring","14":"product_shipping_class-forsendelse","15":"post","16":"post-with-thumbnail","17":"post-with-thumbnail-large","19":"first","20":"instock","21":"taxable","22":"shipping-taxable","23":"purchasable","24":"product-type-variable","25":"has-default-attributes"},"aioseo_notices":[],"_links":{"self":[{"href":"https:\/\/solcelle.dk\/wordpress\/wp-json\/wp\/v2\/product\/3596","targetHints":{"allow":["GET"]}}],"collection":[{"href":"https:\/\/solcelle.dk\/wordpress\/wp-json\/wp\/v2\/product"}],"about":[{"href":"https:\/\/solcelle.dk\/wordpress\/wp-json\/wp\/v2\/types\/product"}],"wp:featuredmedia":[{"embeddable":true,"href":"https:\/\/solcelle.dk\/wordpress\/wp-json\/wp\/v2\/media\/1501"}],"wp:attachment":[{"href":"https:\/\/solcelle.dk\/wordpress\/wp-json\/wp\/v2\/media?parent=3596"}],"wp:term":[{"taxonomy":"product_brand","embeddable":true,"href":"https:\/\/solcelle.dk\/wordpress\/wp-json\/wp\/v2\/product_brand?post=3596"},{"taxonomy":"product_cat","embeddable":true,"href":"https:\/\/solcelle.dk\/wordpress\/wp-json\/wp\/v2\/product_cat?post=3596"},{"taxonomy":"product_tag","embeddable":true,"href":"https:\/\/solcelle.dk\/wordpress\/wp-json\/wp\/v2\/product_tag?post=3596"}],"curies":[{"name":"wp","href":"https:\/\/api.w.org\/{rel}","templated":true}]}}