{"id":36017,"date":"2021-11-05T11:26:53","date_gmt":"2021-11-05T10:26:53","guid":{"rendered":"https:\/\/solcelle.dk\/wordpress\/?post_type=product&#038;p=36017"},"modified":"2025-02-10T09:11:19","modified_gmt":"2025-02-10T08:11:19","slug":"rf-fjernbetjening-afbryder-med-4-kanaler-220-v-ac","status":"publish","type":"product","link":"https:\/\/solcelle.dk\/wordpress\/produkt\/rf-fjernbetjening-afbryder-med-4-kanaler-220-v-ac\/","title":{"rendered":"RF fjernbetjening, afbryder med 4 kanaler, 2,4 GHz 230 V AC"},"content":{"rendered":"<p>RF fjernbetjening, afbryder med 4 kanaler, 230 V AC\u00a0 er designet til at fjernstyre lyset, til at t\u00e6nde\/slukke hver enkelt kanal separat eller dem alle sammen. Det g\u00f8r belysnings-systemet lettere at bruge. Senderen og modtageren har samme kode og kommunikerer via radiob\u00f8lger (RF).<br \/>\nVelegnet til gl\u00f8de-, halogen-, <a href=\"https:\/\/energiled.dk\/\">energibesparende<\/a> og <a href=\"https:\/\/solcelle.dk\/wordpress\/produkt-kategori\/lys-koeleskab-pumper-ventilator\/led-og-belysning\/\">LED-lamper<\/a>, der arbejder p\u00e5 230 V AC.<\/p>\n<p><strong>Tekniske data:<\/strong><br \/>\n&#8211; M\u00e5l modtager: 101 mm x 48 mm x 25 mm<br \/>\n&#8211; M\u00e5l fjernbetjening: 140 mm x 20 mm x 19 mm<br \/>\n&#8211; R\u00e6kkevidde: op til 30 m (ved \u00e5bent omr\u00e5de, ikke blokeret af v\u00e6gge)<br \/>\n&#8211; Batteri drevet: 2 \u0445 \u0410\u0410\u0410 batterier (inkluderet)<br \/>\n&#8211; Frekvens: 2,4 GHz<br \/>\n&#8211; Belastning pr. Kanal: \u2264500 W<br \/>\n&#8211; aktiv belastning (gl\u00f8delampe); \u2264300 W<br \/>\n&#8211; kapacitet belastning (CFL- og LED-lamper)<br \/>\n&#8211; IP-rate: IP20<br \/>\n&#8211; V\u00e6gmonteret holder til fjernbetjeningen<\/p>\n","protected":false},"excerpt":{"rendered":"<p>M\u00e5l modtager: 101\/48\/25 mm<br \/>\nM\u00e5l fjernbetjening: 140\/20\/19 mm<br \/>\nFrekvens: 2,4 GHz<br \/>\nBelastning pr. Kanal: \u2264500 W<\/p>\n<p>Levering: 1-2 dage<\/p>\n","protected":false},"featured_media":47886,"template":"","meta":{"_predictive_search_focuskw":"","_ps_exclude_item":""},"product_brand":[],"product_cat":[36],"product_tag":[186,230,565],"class_list":{"0":"post-36017","1":"product","2":"type-product","3":"status-publish","4":"has-post-thumbnail","6":"product_cat-led-belysning-til-230v-ac","7":"product_tag-fjernbetjening","8":"product_tag-ledlys","9":"product_tag-multifunktion","10":"product_shipping_class-forsendelse","11":"post","12":"post-with-thumbnail","13":"post-with-thumbnail-large","15":"first","16":"instock","17":"taxable","18":"shipping-taxable","19":"purchasable","20":"product-type-simple"},"aioseo_notices":[],"_links":{"self":[{"href":"https:\/\/solcelle.dk\/wordpress\/wp-json\/wp\/v2\/product\/36017","targetHints":{"allow":["GET"]}}],"collection":[{"href":"https:\/\/solcelle.dk\/wordpress\/wp-json\/wp\/v2\/product"}],"about":[{"href":"https:\/\/solcelle.dk\/wordpress\/wp-json\/wp\/v2\/types\/product"}],"wp:featuredmedia":[{"embeddable":true,"href":"https:\/\/solcelle.dk\/wordpress\/wp-json\/wp\/v2\/media\/47886"}],"wp:attachment":[{"href":"https:\/\/solcelle.dk\/wordpress\/wp-json\/wp\/v2\/media?parent=36017"}],"wp:term":[{"taxonomy":"product_brand","embeddable":true,"href":"https:\/\/solcelle.dk\/wordpress\/wp-json\/wp\/v2\/product_brand?post=36017"},{"taxonomy":"product_cat","embeddable":true,"href":"https:\/\/solcelle.dk\/wordpress\/wp-json\/wp\/v2\/product_cat?post=36017"},{"taxonomy":"product_tag","embeddable":true,"href":"https:\/\/solcelle.dk\/wordpress\/wp-json\/wp\/v2\/product_tag?post=36017"}],"curies":[{"name":"wp","href":"https:\/\/api.w.org\/{rel}","templated":true}]}}