{"id":37321,"date":"2022-05-01T08:42:09","date_gmt":"2022-05-01T07:42:09","guid":{"rendered":"https:\/\/solcelle.dk\/wordpress\/?post_type=product&#038;p=37321"},"modified":"2023-12-04T09:33:20","modified_gmt":"2023-12-04T08:33:20","slug":"aerofoil-vinge-inklusiv-moetrik-og-bolt-til-rutland-1200","status":"publish","type":"product","link":"https:\/\/solcelle.dk\/wordpress\/produkt\/aerofoil-vinge-inklusiv-moetrik-og-bolt-til-rutland-1200\/","title":{"rendered":"Aerofoil-vinge inklusiv m\u00f8trik og bolt til Rutland 1200"},"content":{"rendered":"<p>Aerofoil vinge inklusiv m\u00f8trik og bolt til Rutland 1200 vindm\u00f8lle. Reserve del til \u00a0<a href=\"https:\/\/solcelle.dk\/wordpress\/produkt\/vindmoelle-rutland-1200-til-baad\/\">Rutland 1200<\/a>,\u00a0 12 V eller 24 V.<\/p>\n<p>&#8211; 1 stk. Vinge inklusiv m\u00f8trik og bolt<br \/>\n&#8211; Farve: hvid<\/p>\n<iframe loading=\"lazy\"  id=\"_ytid_48820\"  width=\"720\" height=\"405\"  data-origwidth=\"720\" data-origheight=\"405\" src=\"https:\/\/www.youtube.com\/embed\/1sEB-LmDiU4?enablejsapi=1&autoplay=0&cc_load_policy=0&cc_lang_pref=&iv_load_policy=1&loop=0&rel=1&fs=1&playsinline=0&autohide=2&theme=dark&color=red&controls=1&disablekb=0&\" class=\"__youtube_prefs__  no-lazyload\" title=\"YouTube player\"  allow=\"fullscreen; accelerometer; autoplay; clipboard-write; encrypted-media; gyroscope; picture-in-picture; web-share\" referrerpolicy=\"strict-origin-when-cross-origin\" allowfullscreen data-no-lazy=\"1\" data-skipgform_ajax_framebjll=\"\"><\/iframe>\n","protected":false},"excerpt":{"rendered":"<p>Reservedel til \u00a0Rutland 1200,\u00a0 12 V eller 24 V.<br \/>\n1 stk. Vinge inklusiv m\u00f8trik og bolt til Rutland 1200<br \/>\nFarve: hvid<\/p>\n<p>Levering: 5-8 dage<\/p>\n","protected":false},"featured_media":3328,"template":"","meta":{"_predictive_search_focuskw":"","_ps_exclude_item":""},"product_brand":[],"product_cat":[140],"product_tag":[197,691,196],"class_list":{"0":"post-37321","1":"product","2":"type-product","3":"status-publish","4":"has-post-thumbnail","6":"product_cat-reservedele-til-vindmoeller","7":"product_tag-reparation-saet","8":"product_tag-reservedele-til-rutland-vindmoelle","9":"product_tag-spare-part","10":"product_shipping_class-forsendelse","11":"pa_producent-marlec-engineering-co-ltd","12":"post","13":"post-with-thumbnail","14":"post-with-thumbnail-large","16":"first","17":"instock","18":"taxable","19":"shipping-taxable","20":"purchasable","21":"product-type-simple"},"aioseo_notices":[],"_links":{"self":[{"href":"https:\/\/solcelle.dk\/wordpress\/wp-json\/wp\/v2\/product\/37321","targetHints":{"allow":["GET"]}}],"collection":[{"href":"https:\/\/solcelle.dk\/wordpress\/wp-json\/wp\/v2\/product"}],"about":[{"href":"https:\/\/solcelle.dk\/wordpress\/wp-json\/wp\/v2\/types\/product"}],"wp:featuredmedia":[{"embeddable":true,"href":"https:\/\/solcelle.dk\/wordpress\/wp-json\/wp\/v2\/media\/3328"}],"wp:attachment":[{"href":"https:\/\/solcelle.dk\/wordpress\/wp-json\/wp\/v2\/media?parent=37321"}],"wp:term":[{"taxonomy":"product_brand","embeddable":true,"href":"https:\/\/solcelle.dk\/wordpress\/wp-json\/wp\/v2\/product_brand?post=37321"},{"taxonomy":"product_cat","embeddable":true,"href":"https:\/\/solcelle.dk\/wordpress\/wp-json\/wp\/v2\/product_cat?post=37321"},{"taxonomy":"product_tag","embeddable":true,"href":"https:\/\/solcelle.dk\/wordpress\/wp-json\/wp\/v2\/product_tag?post=37321"}],"curies":[{"name":"wp","href":"https:\/\/api.w.org\/{rel}","templated":true}]}}