{"id":39340,"date":"2020-05-26T09:37:59","date_gmt":"2020-05-26T08:37:59","guid":{"rendered":"https:\/\/solcelle.dk\/wordpress\/?post_type=product&#038;p=39340"},"modified":"2026-05-04T09:07:29","modified_gmt":"2026-05-04T08:07:29","slug":"skillerelae-victron-cyrix-ct-12-24v-120a","status":"publish","type":"product","link":"https:\/\/solcelle.dk\/wordpress\/produkt\/skillerelae-victron-cyrix-ct-12-24v-120a\/","title":{"rendered":"Skillerel\u00e6 Victron Energy Cyrix-CT 12\/24V, 120A"},"content":{"rendered":"<p>Skillerel\u00e6 Victron Energy Cyrix-CT 12\/24 V, 120 A er en intelligent batteri kombinations enhed. <a href=\"https:\/\/solcelle.dk\/wordpress\/produkt-kategori\/batterier-syre-lithium-agm-gel-og-pakker\/vision-6fm-serie-agm-batteri\/\">Batteri<\/a> separator er et mikroprocessor styret, kraftigt rel\u00e6 som automatisk sammenkobler batterierne n\u00e5r et af dem har opn\u00e5et den indstillede sp\u00e6nding og kobler ud n\u00e5r sp\u00e6ndingen falder under indstillet sp\u00e6nding.<\/p>\n<p>Cyrix skillerel\u00e6 har ikke noget sp\u00e6ndings tab, hvilket g\u00f8r, at det ikke er n\u00f8dvendigt at kompenserer for sp\u00e6ndings tab p\u00e5 generator eller lader.<br \/>\nKan anvendes b\u00e5de til 12 V og 24 V systemer. <a href=\"https:\/\/kerychip.dk\/Datablad\/Datasheet-Cyrix-ct-120A-230A-EN.pdf\">Download datablad<\/a>. <a href=\"https:\/\/kerychip.dk\/Datablad\/CYR010120011R_manual engelsk.pdf\">Download manual<\/a>.<\/p>\n<p>Cyrix-ct batteri skillerel\u00e6 er en glimrende erstatning for diode isolatorer. Den vigtigste funktion er at der stort set ingen sp\u00e6nding tab er, s\u00e5ledes at udgangs sp\u00e6ndingen af generatorer eller batteri opladere beh\u00f8ver ikke at blive \u00f8get.<\/p>\n<p>Tekniske data:<br \/>\n\u2013 Kontinuerlig str\u00f8m: 120 A<br \/>\n\u2013 Str\u00f8m i 5 sekunder: 180 A<br \/>\n\u2013 Tilslut sp\u00e6nding: Fra 13 V til 13.8 V og 26 V til 27.6 V<br \/>\n\u2013 Afbryd: fra 11 V til 12,8 V og 22 V til 25,7 V<br \/>\n\u2013 Str\u00f8mforbrug : &lt; 4 mA<br \/>\n\u2013 Start Assist: Ja<br \/>\n\u2013 Isolering: IP54<br \/>\n\u2013 M\u00e5l :46 mm x 46 mm x 80 mm \/ 0,1 kg<\/p>\n<p><img loading=\"lazy\" decoding=\"async\" class=\"size-full wp-image-47213\" src=\"https:\/\/solcelle.dk\/wordpress\/wp-content\/uploads\/2020\/05\/Cyrix-ct-12_24-120-connection-diagram.jpg\" alt=\"Cyrix-ct 12_24-120 connection diagram\" width=\"708\" height=\"472\" srcset=\"https:\/\/solcelle.dk\/wordpress\/wp-content\/uploads\/2020\/05\/Cyrix-ct-12_24-120-connection-diagram.jpg 708w, https:\/\/solcelle.dk\/wordpress\/wp-content\/uploads\/2020\/05\/Cyrix-ct-12_24-120-connection-diagram-200x133.jpg 200w, https:\/\/solcelle.dk\/wordpress\/wp-content\/uploads\/2020\/05\/Cyrix-ct-12_24-120-connection-diagram-272x182.jpg 272w, https:\/\/solcelle.dk\/wordpress\/wp-content\/uploads\/2020\/05\/Cyrix-ct-12_24-120-connection-diagram-500x333.jpg 500w\" sizes=\"auto, (max-width: 708px) 100vw, 708px\" \/><\/p>\n","protected":false},"excerpt":{"rendered":"<p>Kraftigt rel\u00e6 som automatisk sammenkobler batterierne<br \/>\nKontinuerlig str\u00f8m: 120A<br \/>\nStr\u00f8m i 5 sekunder: 180A<br \/>\nDimensioner : 46x46x80 mm<br \/>\nLevering: 2-3 dage<\/p>\n<p>&nbsp;<\/p>\n","protected":false},"featured_media":1335,"template":"","meta":{"_predictive_search_focuskw":"","_ps_exclude_item":""},"product_brand":[],"product_cat":[66],"product_tag":[762,615],"class_list":{"0":"post-39340","1":"product","2":"type-product","3":"status-publish","4":"has-post-thumbnail","6":"product_cat-batteri-tilbehoer","7":"product_tag-120ah-batteri","8":"product_tag-12v-batteri","9":"product_shipping_class-forsendelse","10":"post","11":"post-with-thumbnail","12":"post-with-thumbnail-large","14":"first","15":"instock","16":"taxable","17":"shipping-taxable","18":"purchasable","19":"product-type-simple"},"aioseo_notices":[],"_links":{"self":[{"href":"https:\/\/solcelle.dk\/wordpress\/wp-json\/wp\/v2\/product\/39340","targetHints":{"allow":["GET"]}}],"collection":[{"href":"https:\/\/solcelle.dk\/wordpress\/wp-json\/wp\/v2\/product"}],"about":[{"href":"https:\/\/solcelle.dk\/wordpress\/wp-json\/wp\/v2\/types\/product"}],"wp:featuredmedia":[{"embeddable":true,"href":"https:\/\/solcelle.dk\/wordpress\/wp-json\/wp\/v2\/media\/1335"}],"wp:attachment":[{"href":"https:\/\/solcelle.dk\/wordpress\/wp-json\/wp\/v2\/media?parent=39340"}],"wp:term":[{"taxonomy":"product_brand","embeddable":true,"href":"https:\/\/solcelle.dk\/wordpress\/wp-json\/wp\/v2\/product_brand?post=39340"},{"taxonomy":"product_cat","embeddable":true,"href":"https:\/\/solcelle.dk\/wordpress\/wp-json\/wp\/v2\/product_cat?post=39340"},{"taxonomy":"product_tag","embeddable":true,"href":"https:\/\/solcelle.dk\/wordpress\/wp-json\/wp\/v2\/product_tag?post=39340"}],"curies":[{"name":"wp","href":"https:\/\/api.w.org\/{rel}","templated":true}]}}