{"id":39994,"date":"2022-01-18T12:35:45","date_gmt":"2022-01-18T11:35:45","guid":{"rendered":"https:\/\/solcelle.dk\/wordpress\/?post_type=product&#038;p=39994"},"modified":"2024-01-02T17:20:06","modified_gmt":"2024-01-02T16:20:06","slug":"varta-lygte-f30-pro","status":"publish","type":"product","link":"https:\/\/solcelle.dk\/wordpress\/produkt\/varta-lygte-f30-pro\/","title":{"rendered":"VARTA LYGTE F30 PRO robust, 650 Lumen, 279 meter"},"content":{"rendered":"<p>VARTA LYGTE F30 PRO robust, 650 <a href=\"https:\/\/energiled.dk\/spoergsmaal-og-svar\/\">Lumen<\/a>, Vand- og st\u00f8vt\u00e6t (IP67) med 279 meter r\u00e6kkevidde.<\/p>\n<p>Egenskaber:<br \/>\n&#8211; Ekstremt robust (9 m faldtest)<br \/>\n&#8211; St\u00f8dabsorberende hoved og ende d\u00e6ksel<br \/>\n&#8211; Anodiseret type II aluminium krop<br \/>\n&#8211; Slagfast linse og reflektor<br \/>\n&#8211; Vand- og st\u00f8vt\u00e6t (IP67)<br \/>\n&#8211; H\u00f8jtydende LED Lys<br \/>\n&#8211; 2 Lysniveauer: H\u00f8j og lav<br \/>\n&#8211; Batteri: 6 x AA <a href=\"https:\/\/solcelle.dk\/wordpress\/produkt-kategori\/batterier-syre-lithium-agm-gel-og-pakker\/\">batteri<\/a> (medf\u00f8lger)<br \/>\n&#8211; Wattforbrug: 6 W<br \/>\n&#8211; Lysstyke: 650 Lumen<br \/>\n&#8211; R\u00e6kkevidde: 279 meter<\/p>\n","protected":false},"excerpt":{"rendered":"<p>Ekstremt robust<br \/>\nR\u00e6kkevidde: 279 meter<\/p>\n<p>Levering: 2-3 dage<\/p>\n","protected":false},"featured_media":39995,"template":"","meta":{"_predictive_search_focuskw":"","_ps_exclude_item":""},"product_brand":[],"product_cat":[1559],"product_tag":[271,215,971,970,821,213,176],"class_list":{"0":"post-39994","1":"product","2":"type-product","3":"status-publish","4":"has-post-thumbnail","6":"product_cat-lygter","7":"product_tag-fest","8":"product_tag-festival","9":"product_tag-festival-belysning","10":"product_tag-festivalpakker","11":"product_tag-lommelygte-med-solcelle","12":"product_tag-mobil-opladning","13":"product_tag-usb","14":"product_shipping_class-forsendelse","15":"post","16":"post-with-thumbnail","17":"post-with-thumbnail-large","19":"first","20":"instock","21":"taxable","22":"shipping-taxable","23":"purchasable","24":"product-type-simple"},"aioseo_notices":[],"_links":{"self":[{"href":"https:\/\/solcelle.dk\/wordpress\/wp-json\/wp\/v2\/product\/39994","targetHints":{"allow":["GET"]}}],"collection":[{"href":"https:\/\/solcelle.dk\/wordpress\/wp-json\/wp\/v2\/product"}],"about":[{"href":"https:\/\/solcelle.dk\/wordpress\/wp-json\/wp\/v2\/types\/product"}],"wp:featuredmedia":[{"embeddable":true,"href":"https:\/\/solcelle.dk\/wordpress\/wp-json\/wp\/v2\/media\/39995"}],"wp:attachment":[{"href":"https:\/\/solcelle.dk\/wordpress\/wp-json\/wp\/v2\/media?parent=39994"}],"wp:term":[{"taxonomy":"product_brand","embeddable":true,"href":"https:\/\/solcelle.dk\/wordpress\/wp-json\/wp\/v2\/product_brand?post=39994"},{"taxonomy":"product_cat","embeddable":true,"href":"https:\/\/solcelle.dk\/wordpress\/wp-json\/wp\/v2\/product_cat?post=39994"},{"taxonomy":"product_tag","embeddable":true,"href":"https:\/\/solcelle.dk\/wordpress\/wp-json\/wp\/v2\/product_tag?post=39994"}],"curies":[{"name":"wp","href":"https:\/\/api.w.org\/{rel}","templated":true}]}}