{"id":41576,"date":"2022-12-08T16:10:59","date_gmt":"2022-12-08T15:10:59","guid":{"rendered":"https:\/\/solcelle.dk\/wordpress\/?post_type=product&#038;p=41576"},"modified":"2026-05-02T15:07:11","modified_gmt":"2026-05-02T14:07:11","slug":"smartshunt-2000a-ip65-victron-energy-batteri-monitor-battericomputer","status":"publish","type":"product","link":"https:\/\/solcelle.dk\/wordpress\/produkt\/smartshunt-2000a-ip65-victron-energy-batteri-monitor-battericomputer\/","title":{"rendered":"SmartShunt 2000A, IP65, Victron Energy battericomputer"},"content":{"rendered":"<p>IP65\u00a0SmartShunt 2000A \/ 50mV Victron Energy batteri <a href=\"https:\/\/solcelle.dk\/wordpress\/woocommerce-search\/keyword\/monitor\/search-in\/product\/cat-in\/all\/search-other\/product\">monitor<\/a>,\u00a0batteri computer er en alt i \u00e9t batterimonitor, men uden en sk\u00e6rm. Din telefon fungerer som sk\u00e6rm. Smart Shunt opretter forbindelse via Bluetooth til Victron Connect appen p\u00e5 din telefon (eller tablet). Du kan let l\u00e6se alle data som kapacitet, sp\u00e6nding, str\u00f8m, historisk data og meget mere.<\/p>\n<p><strong>Tekniske data:<br \/>\n<\/strong>\u2013\u00a0 IP 65 isolering<br \/>\n\u2013 Temperatur installation: -40 \u00b0C +50 \u00b0C<br \/>\n\u2013 Temperatur m\u00e5ling: \u2013 20 \u00b0C + 50 \u00b0C<br \/>\n\u2013 M\u00e5l: 68 mm x 120 mm x 76 mm<br \/>\n\u2013 VE. Direct port: Ja<br \/>\n\u2013 Sp\u00e6nding: 6,5 \u2013 70 VDC<br \/>\n\u2013 Shunt: 2000 A<br \/>\n\u2013 Bluetooth: Ja<\/p>\n","protected":false},"excerpt":{"rendered":"<p>Afl\u00e6sning af kapacitet, sp\u00e6nding, str\u00f8m, historiske data<br \/>\nIndgangs sp\u00e6nding : 6,5 \u2013 70 VDC<br \/>\nMaks str\u00f8m 2000A<br \/>\nDimensioner: 68 x 120 x 54 mm<\/p>\n<p>Levering: 3-6 dage<\/p>\n","protected":false},"featured_media":41577,"template":"","meta":{"_predictive_search_focuskw":"","_ps_exclude_item":""},"product_brand":[],"product_cat":[66],"product_tag":[152,1587,153],"class_list":{"0":"post-41576","1":"product","2":"type-product","3":"status-publish","4":"has-post-thumbnail","6":"product_cat-batteri-tilbehoer","7":"product_tag-12v","8":"product_tag-1587","9":"product_tag-24v","10":"product_shipping_class-forsendelse","11":"pa_producent-victron-energy","12":"post","13":"post-with-thumbnail","14":"post-with-thumbnail-large","16":"first","17":"instock","18":"taxable","19":"shipping-taxable","20":"purchasable","21":"product-type-simple"},"aioseo_notices":[],"_links":{"self":[{"href":"https:\/\/solcelle.dk\/wordpress\/wp-json\/wp\/v2\/product\/41576","targetHints":{"allow":["GET"]}}],"collection":[{"href":"https:\/\/solcelle.dk\/wordpress\/wp-json\/wp\/v2\/product"}],"about":[{"href":"https:\/\/solcelle.dk\/wordpress\/wp-json\/wp\/v2\/types\/product"}],"wp:featuredmedia":[{"embeddable":true,"href":"https:\/\/solcelle.dk\/wordpress\/wp-json\/wp\/v2\/media\/41577"}],"wp:attachment":[{"href":"https:\/\/solcelle.dk\/wordpress\/wp-json\/wp\/v2\/media?parent=41576"}],"wp:term":[{"taxonomy":"product_brand","embeddable":true,"href":"https:\/\/solcelle.dk\/wordpress\/wp-json\/wp\/v2\/product_brand?post=41576"},{"taxonomy":"product_cat","embeddable":true,"href":"https:\/\/solcelle.dk\/wordpress\/wp-json\/wp\/v2\/product_cat?post=41576"},{"taxonomy":"product_tag","embeddable":true,"href":"https:\/\/solcelle.dk\/wordpress\/wp-json\/wp\/v2\/product_tag?post=41576"}],"curies":[{"name":"wp","href":"https:\/\/api.w.org\/{rel}","templated":true}]}}