{"id":41908,"date":"2022-01-19T13:01:52","date_gmt":"2022-01-19T12:01:52","guid":{"rendered":"https:\/\/solcelle.dk\/wordpress\/?post_type=product&#038;p=41908"},"modified":"2023-12-21T09:09:13","modified_gmt":"2023-12-21T08:09:13","slug":"ve-can-cable-for-victron-ve-can-resistive-tank-sender-adapter","status":"publish","type":"product","link":"https:\/\/solcelle.dk\/wordpress\/produkt\/ve-can-cable-for-victron-ve-can-resistive-tank-sender-adapter\/","title":{"rendered":"VE.CAN CABLE FOR VICTRON VE.CAN resistive tank sender"},"content":{"rendered":"<p>VE.CAN CABLE FOR VICTRON <a href=\"https:\/\/solcelle.dk\/wordpress\/produkt\/victron-ve-can-resistive-tank-sender-adapter\/\">VE.CAN resistive tank sender adapter<\/a>. N\u00e5r CAN-bussen ikke f\u00e5r str\u00f8m fra en Skylla-I eller en MPPT, skal du bruge det nye VE.Can-str\u00f8mkabel til at levere str\u00f8mmen.<\/p>\n<p>Dimensioner : 48 x 109 x 25 cm<\/p>\n","protected":false},"excerpt":{"rendered":"<p>VE.CAN CABLE FOR VICTRON VE.CAN resistive tank sender adapter.<\/p>\n<p>Dimensioner : 48 x 109 x 25 cm.<\/p>\n<p>Levering: 5-6 dage.<\/p>\n<p>&nbsp;<\/p>\n","protected":false},"featured_media":41909,"template":"","meta":{"_predictive_search_focuskw":"","_ps_exclude_item":""},"product_brand":[],"product_cat":[137],"product_tag":[145,468,614],"class_list":{"0":"post-41908","1":"product","2":"type-product","3":"status-publish","4":"has-post-thumbnail","6":"product_cat-diverse","7":"product_tag-baad","8":"product_tag-marine","9":"product_tag-victron","10":"product_shipping_class-forsendelse","11":"post","12":"post-with-thumbnail","13":"post-with-thumbnail-large","15":"first","16":"instock","17":"taxable","18":"shipping-taxable","19":"purchasable","20":"product-type-simple"},"aioseo_notices":[],"_links":{"self":[{"href":"https:\/\/solcelle.dk\/wordpress\/wp-json\/wp\/v2\/product\/41908","targetHints":{"allow":["GET"]}}],"collection":[{"href":"https:\/\/solcelle.dk\/wordpress\/wp-json\/wp\/v2\/product"}],"about":[{"href":"https:\/\/solcelle.dk\/wordpress\/wp-json\/wp\/v2\/types\/product"}],"wp:featuredmedia":[{"embeddable":true,"href":"https:\/\/solcelle.dk\/wordpress\/wp-json\/wp\/v2\/media\/41909"}],"wp:attachment":[{"href":"https:\/\/solcelle.dk\/wordpress\/wp-json\/wp\/v2\/media?parent=41908"}],"wp:term":[{"taxonomy":"product_brand","embeddable":true,"href":"https:\/\/solcelle.dk\/wordpress\/wp-json\/wp\/v2\/product_brand?post=41908"},{"taxonomy":"product_cat","embeddable":true,"href":"https:\/\/solcelle.dk\/wordpress\/wp-json\/wp\/v2\/product_cat?post=41908"},{"taxonomy":"product_tag","embeddable":true,"href":"https:\/\/solcelle.dk\/wordpress\/wp-json\/wp\/v2\/product_tag?post=41908"}],"curies":[{"name":"wp","href":"https:\/\/api.w.org\/{rel}","templated":true}]}}