{"id":42103,"date":"2022-02-11T09:56:54","date_gmt":"2022-02-11T08:56:54","guid":{"rendered":"https:\/\/solcelle.dk\/wordpress\/?post_type=product&#038;p=42103"},"modified":"2026-03-27T10:18:03","modified_gmt":"2026-03-27T09:18:03","slug":"inverter-victron-sinus-phoenix-5000-va-24-48v-smart","status":"publish","type":"product","link":"https:\/\/solcelle.dk\/wordpress\/produkt\/inverter-victron-sinus-phoenix-5000-va-24-48v-smart\/","title":{"rendered":"Inverter Victron Energy Sinus Phoenix 5000VA, 24\/48V SMART"},"content":{"rendered":"<p>Inverter Victron Sinus Phoenix SMART 5000 VA, 24\/48V er en ren sinus omformer til batteridrevet <a href=\"https:\/\/solcelle.dk\/wordpress\/produkt-kategori\/solcelleanlaeg-12-24v\/solcelleanlaeg-300-1000w\/\">solcelleanl\u00e6g<\/a> i kolonihavehus, b\u00e5d, campingvogn, autocamper, hytte, sommerhus. Kan forsyne k\u00f8leskab, TV, radio, elektriske have v\u00e6rkt\u00f8j, pl\u00e6neklipper, mobilopladning, mm.<\/p>\n<p>Programmerbart rel\u00e6 med stop &amp; start power ECO-tilstand justerbar. Bluetooth tr\u00e5dl\u00f8s kommunikation og VE.Direct stik til fjernoverv\u00e5gning . <em><a href=\"https:\/\/kerychip.dk\/Datablad\/Datasheet-Inverter-Smart-1600VA-5000VA-EN.pdf\">Download datablad<\/a>.<\/em><\/p>\n<p>&#8211; Effekt: 5000 VA \/10000 W spidsbelastning<br \/>\n&#8211; Udgangssp\u00e6nding: 220V AC<br \/>\n&#8211; Indgangs sp\u00e6nding: 18,4 &#8211; 34 V DC for 24V versionen<br \/>\n&#8211; Indgangs sp\u00e6nding: 36,8 &#8211; 68 V DC for 48V versionen<br \/>\n&#8211; AC udgang: Skrue terminal M8 bolts<br \/>\n&#8211; Parallel &amp; 3 Fase: Nej<br \/>\n&#8211; Bluetooth: Ja.<br \/>\n&#8211; Temperatur: -40 til +65 \u00baC<br \/>\n&#8211; Dimensioner 595 mm x 295 mm x 160 mm \/ V\u00e6gt 29 Kg<\/p>\n","protected":false},"excerpt":{"rendered":"<p>Omformer til solcelleanl\u00e6g i kolonihavehus, b\u00e5d, campingvogn, autocamper.<br \/>\nM\u00e5l:595 x 295 x 160 mm \/29 Kg<\/p>\n<p>Levering: 3-5 dage<\/p>\n<hr \/>\n<p><span style=\"color: #ff0000;\"><strong>V\u00e6lg model \/ sp\u00e6nding:<\/strong><\/span><\/p>\n","protected":false},"featured_media":48039,"template":"","meta":{"_predictive_search_focuskw":"","_ps_exclude_item":""},"product_brand":[],"product_cat":[25],"product_tag":[153,783,776,787],"class_list":{"0":"post-42103","1":"product","2":"type-product","3":"status-publish","4":"has-post-thumbnail","6":"product_cat-sinus-inverteromformer-12v-24v-48v","7":"product_tag-24v","8":"product_tag-dcac-inverter-24v230v","9":"product_tag-dcac-inverter-48v230v-5000w","10":"product_tag-inverter-48v-230v-ren-sinus","11":"product_shipping_class-forsendelse","12":"post","13":"post-with-thumbnail","14":"post-with-thumbnail-large","16":"first","17":"instock","18":"taxable","19":"shipping-taxable","20":"purchasable","21":"product-type-variable","22":"has-default-attributes"},"aioseo_notices":[],"_links":{"self":[{"href":"https:\/\/solcelle.dk\/wordpress\/wp-json\/wp\/v2\/product\/42103","targetHints":{"allow":["GET"]}}],"collection":[{"href":"https:\/\/solcelle.dk\/wordpress\/wp-json\/wp\/v2\/product"}],"about":[{"href":"https:\/\/solcelle.dk\/wordpress\/wp-json\/wp\/v2\/types\/product"}],"wp:featuredmedia":[{"embeddable":true,"href":"https:\/\/solcelle.dk\/wordpress\/wp-json\/wp\/v2\/media\/48039"}],"wp:attachment":[{"href":"https:\/\/solcelle.dk\/wordpress\/wp-json\/wp\/v2\/media?parent=42103"}],"wp:term":[{"taxonomy":"product_brand","embeddable":true,"href":"https:\/\/solcelle.dk\/wordpress\/wp-json\/wp\/v2\/product_brand?post=42103"},{"taxonomy":"product_cat","embeddable":true,"href":"https:\/\/solcelle.dk\/wordpress\/wp-json\/wp\/v2\/product_cat?post=42103"},{"taxonomy":"product_tag","embeddable":true,"href":"https:\/\/solcelle.dk\/wordpress\/wp-json\/wp\/v2\/product_tag?post=42103"}],"curies":[{"name":"wp","href":"https:\/\/api.w.org\/{rel}","templated":true}]}}