{"id":42818,"date":"2023-05-09T13:29:23","date_gmt":"2023-05-09T12:29:23","guid":{"rendered":"https:\/\/solcelle.dk\/wordpress\/?post_type=product&#038;p=42818"},"modified":"2026-05-02T14:46:25","modified_gmt":"2026-05-02T13:46:25","slug":"solcellemodul-fastgoerelsesprofil-saet-af-4-stk-easy-mount-one","status":"publish","type":"product","link":"https:\/\/solcelle.dk\/wordpress\/produkt\/solcellemodul-fastgoerelsesprofil-saet-af-4-stk-easy-mount-one\/","title":{"rendered":"Solcellemodul fastg\u00f8relsesprofil-s\u00e6t 4 stk. Easy Mount One"},"content":{"rendered":"<p>Solcellemodul fastg\u00f8relsesprofil-s\u00e6t af 4 stk. Easy Mount One, UV-resistente. Easy Mount s\u00e6t er de perfekte l\u00f8sninger til at fastg\u00f8re solcellemoduler p\u00e5 forskellige overflader som p\u00e5 campingvogne, autocampere, flade gulvtage.<\/p>\n<p>Til solceller p\u00e5 30 Wp til 100 Wp med maks. l\u00e6ngde 1050 mm. Kan monteres ved hj\u00e6lp af skruer eller limes med\u00a0<a href=\"https:\/\/solcelle.dk\/wordpress\/produkt\/lim-tec7-310ml-hvid\/\">TEC7<\/a>\u00a0 lim. <a href=\"https:\/\/kerychip.dk\/Datablad\/391543_391552_BA_DE.pdf\">Download vejledning Tysk<\/a>, <a href=\"https:\/\/kerychip.dk\/Datablad\/Samlevejledning til Smart Mount-st\u00f8ttespoiler.pdf\">Download vejledning Dansk<\/a>.<\/p>\n<p>&#8211; Antal ben\/ profiler : 4 stk.<br \/>\n&#8211; M\u00e5l: L 180 mm x B 108 mm x H 55 mm<br \/>\n&#8211; Solmodul st\u00f8tte : 20 mm<br \/>\n&#8211; V\u00e6gt: 0,6 kg<\/p>\n<p><strong>Egenskaber:<br \/>\n<\/strong>&#8211; Meget lav v\u00e6gt<br \/>\n&#8211; H\u00f8j \u00e6ldningsbestandighed<br \/>\n&#8211; Et \u00f8get lag giver optimal ventilation og luftcirkulation<br \/>\n&#8211; Ingen yderligere kabelgennemf\u00f8ring n\u00f8dvendig<br \/>\n&#8211; Kompakte skrueflader som er vandt\u00e6t<br \/>\n&#8211; Aerodynamisk design<\/p>\n","protected":false},"excerpt":{"rendered":"<p>Den perfekte l\u00f8sning til at fastg\u00f8re solcellemoduler<br \/>\nM\u00e5l: L 180 x B 108 x H 55 mm<br \/>\nSolmodul st\u00f8tte : 20 mm<br \/>\nV\u00e6gt: 0,6 kg<\/p>\n<p>Levering: 1-3 dage<\/p>\n","protected":false},"featured_media":42819,"template":"","meta":{"_predictive_search_focuskw":"","_ps_exclude_item":""},"product_brand":[],"product_cat":[935],"product_tag":[145,244,394,256,557,350],"class_list":{"0":"post-42818","1":"product","2":"type-product","3":"status-publish","4":"has-post-thumbnail","6":"product_cat-monteringsbeslag-til-baad-campingvogn-autocamper","7":"product_tag-baad","8":"product_tag-campingvogn","9":"product_tag-hvid","10":"product_tag-montering","11":"product_tag-samling","12":"product_tag-solceller","13":"product_shipping_class-forsendelse","14":"post","15":"post-with-thumbnail","16":"post-with-thumbnail-large","18":"first","19":"instock","20":"taxable","21":"shipping-taxable","22":"purchasable","23":"product-type-simple"},"aioseo_notices":[],"_links":{"self":[{"href":"https:\/\/solcelle.dk\/wordpress\/wp-json\/wp\/v2\/product\/42818","targetHints":{"allow":["GET"]}}],"collection":[{"href":"https:\/\/solcelle.dk\/wordpress\/wp-json\/wp\/v2\/product"}],"about":[{"href":"https:\/\/solcelle.dk\/wordpress\/wp-json\/wp\/v2\/types\/product"}],"wp:featuredmedia":[{"embeddable":true,"href":"https:\/\/solcelle.dk\/wordpress\/wp-json\/wp\/v2\/media\/42819"}],"wp:attachment":[{"href":"https:\/\/solcelle.dk\/wordpress\/wp-json\/wp\/v2\/media?parent=42818"}],"wp:term":[{"taxonomy":"product_brand","embeddable":true,"href":"https:\/\/solcelle.dk\/wordpress\/wp-json\/wp\/v2\/product_brand?post=42818"},{"taxonomy":"product_cat","embeddable":true,"href":"https:\/\/solcelle.dk\/wordpress\/wp-json\/wp\/v2\/product_cat?post=42818"},{"taxonomy":"product_tag","embeddable":true,"href":"https:\/\/solcelle.dk\/wordpress\/wp-json\/wp\/v2\/product_tag?post=42818"}],"curies":[{"name":"wp","href":"https:\/\/api.w.org\/{rel}","templated":true}]}}