{"id":42974,"date":"2021-05-28T10:42:29","date_gmt":"2021-05-28T09:42:29","guid":{"rendered":"https:\/\/solcelle.dk\/wordpress\/?post_type=product&#038;p=42974"},"modified":"2023-11-11T09:44:59","modified_gmt":"2023-11-11T08:44:59","slug":"victron-digital-multicontrol-200-200a","status":"publish","type":"product","link":"https:\/\/solcelle.dk\/wordpress\/produkt\/victron-digital-multicontrol-200-200a\/","title":{"rendered":"VICTRON ENERGY DIGITAL MULTICONTROL 200\/200A"},"content":{"rendered":"<div class=\"std\">\n<div class=\"std\">\n<p>VICTRON DIGITAL MULTICONTROL 200\/200A til at overv\u00e5ge, se og justere land-str\u00f8mmen og til at t\u00e6nde og slukke <a href=\"https:\/\/solcelle.dk\/wordpress\/produkt\/inverter-charger-victron-multiplus-ii-48-3000-35-32-gx\/\">Multiplus<\/a> eller <a href=\"https:\/\/solcelle.dk\/wordpress\/produkt\/victron-inverter-lader-quattro-12-5000-220-100-100-230v-ve-bus\/\">Quattro<\/a>.<br \/>\nDigital Multi Control er designet til at blive integreret og monteret i kontrol panelet i din b\u00e5d, bil eller camper.<br \/>\nKommunikations kabel mellem Multicontrol og multiplus: RJ45 UTP Cable 5 m\u00a0 ASS030065000<\/p>\n<p>Dimensioner : 65 mm x 120 mm x 40 mm<\/p>\n<\/div>\n<\/div>\n","protected":false},"excerpt":{"rendered":"<div class=\"std\">\n<p>Bruges til\u00a0 Multiplus og Quattro inverter\/ladere<br \/>\nKommunikations kabel ikke inkluderet<br \/>\nDimensioner : 65 mm x 120 mm x 40 mm<\/p>\n<p>Levering: 2-5 dage<\/p>\n<\/div>\n","protected":false},"featured_media":42975,"template":"","meta":{"_predictive_search_focuskw":"","_ps_exclude_item":""},"product_brand":[],"product_cat":[66,941],"product_tag":[186,290],"class_list":{"0":"post-42974","1":"product","2":"type-product","3":"status-publish","4":"has-post-thumbnail","6":"product_cat-batteri-tilbehoer","7":"product_cat-kabler-sensorer-usb-displays-til-inverter","8":"product_tag-fjernbetjening","9":"product_tag-sensor","10":"product_shipping_class-forsendelse","11":"post","12":"post-with-thumbnail","13":"post-with-thumbnail-large","15":"first","16":"instock","17":"taxable","18":"shipping-taxable","19":"purchasable","20":"product-type-simple"},"aioseo_notices":[],"_links":{"self":[{"href":"https:\/\/solcelle.dk\/wordpress\/wp-json\/wp\/v2\/product\/42974","targetHints":{"allow":["GET"]}}],"collection":[{"href":"https:\/\/solcelle.dk\/wordpress\/wp-json\/wp\/v2\/product"}],"about":[{"href":"https:\/\/solcelle.dk\/wordpress\/wp-json\/wp\/v2\/types\/product"}],"wp:featuredmedia":[{"embeddable":true,"href":"https:\/\/solcelle.dk\/wordpress\/wp-json\/wp\/v2\/media\/42975"}],"wp:attachment":[{"href":"https:\/\/solcelle.dk\/wordpress\/wp-json\/wp\/v2\/media?parent=42974"}],"wp:term":[{"taxonomy":"product_brand","embeddable":true,"href":"https:\/\/solcelle.dk\/wordpress\/wp-json\/wp\/v2\/product_brand?post=42974"},{"taxonomy":"product_cat","embeddable":true,"href":"https:\/\/solcelle.dk\/wordpress\/wp-json\/wp\/v2\/product_cat?post=42974"},{"taxonomy":"product_tag","embeddable":true,"href":"https:\/\/solcelle.dk\/wordpress\/wp-json\/wp\/v2\/product_tag?post=42974"}],"curies":[{"name":"wp","href":"https:\/\/api.w.org\/{rel}","templated":true}]}}