{"id":43652,"date":"2020-08-10T12:32:02","date_gmt":"2020-08-10T11:32:02","guid":{"rendered":"https:\/\/solcelle.dk\/wordpress\/?post_type=product&#038;p=43652"},"modified":"2026-05-04T18:52:48","modified_gmt":"2026-05-04T17:52:48","slug":"batterilader-victron-blue-smart-ip22-24v-16a-1udgang","status":"publish","type":"product","link":"https:\/\/solcelle.dk\/wordpress\/produkt\/batterilader-victron-blue-smart-ip22-24v-16a-1udgang\/","title":{"rendered":"Victron Energy Blue Smart IP22 Charger 24\/16 (1), 16A"},"content":{"rendered":"<p>Batterilader Victron Blue Smart IP22, 24 V \/ 16 A \/ 1 udgang med Bluetooth til at overv\u00e5ge batteriets sp\u00e6nding, batteriet og \u00e6ndre indstillingerne. Til AGM, <a href=\"https:\/\/solcelle.dk\/wordpress\/produkt-kategori\/batterier-syre-lithium-agm-gel-og-pakker\/gel-batterier\/\">GEL<\/a> og <a href=\"https:\/\/solcelle.dk\/wordpress\/produkt-kategori\/batterier-syre-lithium-agm-gel-og-pakker\/lithium-batterier\/\">lithium<\/a> batterier.\u00a0LiFePO4 batterier er opladet med en simpel bulkabsorption &#8211; flydende algoritme.<\/p>\n<p>Effektivitet p\u00e5 op til 94 %, 4 gange mindre varme end industri standarden. Adaptiv 6-trins opladningsalgoritme: Test Bulk &#8211; Absorption &#8211; Recondition &#8211; Float &#8211; Storage. Udgangs str\u00f8mmen reduceres hvis temperaturen stiger op til 50 \u00b0C. <a href=\"https:\/\/solcelle.dk\/Datablad\/Datasheet-Blue-Smart-IP22-Charger-180-265-VAC-EN.pdf\">Download datablad.<\/a><\/p>\n<p>&#8211; Indgangssp\u00e6nding: 230 V AC<br \/>\n&#8211; Udgangssp\u00e6nding: 24 VDC<br \/>\n&#8211; Antal udgange :\u00a0 1<br \/>\n&#8211; Udgangsstr\u00f8m:\u00a0 16 A<br \/>\n&#8211; Absorption: 28,8 V High: 29,4V Li-ion: 28,4 V<br \/>\n&#8211; Float: 27,6 V High: 27,6\u00a0 V Li-ion: 27,0 V<br \/>\n&#8211; Lagring: 26,4 V High: 26,4 V Li-ion: 27,0 V<br \/>\n&#8211; Isolering: IP22<br \/>\n&#8211; M\u00e5l: 235 mm x 108 mm x 65 mm<br \/>\n&#8211; V\u00e6gt 1,3 kg<\/p>\n<iframe loading=\"lazy\"  id=\"_ytid_13714\"  width=\"720\" height=\"405\"  data-origwidth=\"720\" data-origheight=\"405\" src=\"https:\/\/www.youtube.com\/embed\/nnvkyBSBT6E?enablejsapi=1&autoplay=0&cc_load_policy=0&cc_lang_pref=&iv_load_policy=1&loop=0&rel=1&fs=1&playsinline=0&autohide=2&theme=dark&color=red&controls=1&disablekb=0&\" class=\"__youtube_prefs__  no-lazyload\" title=\"YouTube player\"  allow=\"fullscreen; accelerometer; autoplay; clipboard-write; encrypted-media; gyroscope; picture-in-picture; web-share\" referrerpolicy=\"strict-origin-when-cross-origin\" allowfullscreen data-no-lazy=\"1\" data-skipgform_ajax_framebjll=\"\"><\/iframe>\n","protected":false},"excerpt":{"rendered":"<p>Til AGM, GEL og lithium batterier.<br \/>\nAntal udgange :\u00a0 1<br \/>\nUdgangssp\u00e6nding: 24 VDC<br \/>\nUdgangsstr\u00f8m:\u00a0 16 A<br \/>\nM\u00e5l: 235 x 108 x 65 mm.<br \/>\nLevering: 3-4 dage<\/p>\n","protected":false},"featured_media":10242,"template":"","meta":{"_predictive_search_focuskw":"","_ps_exclude_item":""},"product_brand":[],"product_cat":[1657],"product_tag":[615,677,1235],"class_list":{"0":"post-43652","1":"product","2":"type-product","3":"status-publish","4":"has-post-thumbnail","6":"product_cat-victron-blue-smart-ip22-batterilader-12v-24v","7":"product_tag-12v-batteri","8":"product_tag-16a","9":"product_tag-lader","10":"product_shipping_class-forsendelse","11":"pa_producent-victron-energy","12":"post","13":"post-with-thumbnail","14":"post-with-thumbnail-large","16":"first","17":"instock","18":"taxable","19":"shipping-taxable","20":"purchasable","21":"product-type-simple"},"aioseo_notices":[],"_links":{"self":[{"href":"https:\/\/solcelle.dk\/wordpress\/wp-json\/wp\/v2\/product\/43652","targetHints":{"allow":["GET"]}}],"collection":[{"href":"https:\/\/solcelle.dk\/wordpress\/wp-json\/wp\/v2\/product"}],"about":[{"href":"https:\/\/solcelle.dk\/wordpress\/wp-json\/wp\/v2\/types\/product"}],"wp:featuredmedia":[{"embeddable":true,"href":"https:\/\/solcelle.dk\/wordpress\/wp-json\/wp\/v2\/media\/10242"}],"wp:attachment":[{"href":"https:\/\/solcelle.dk\/wordpress\/wp-json\/wp\/v2\/media?parent=43652"}],"wp:term":[{"taxonomy":"product_brand","embeddable":true,"href":"https:\/\/solcelle.dk\/wordpress\/wp-json\/wp\/v2\/product_brand?post=43652"},{"taxonomy":"product_cat","embeddable":true,"href":"https:\/\/solcelle.dk\/wordpress\/wp-json\/wp\/v2\/product_cat?post=43652"},{"taxonomy":"product_tag","embeddable":true,"href":"https:\/\/solcelle.dk\/wordpress\/wp-json\/wp\/v2\/product_tag?post=43652"}],"curies":[{"name":"wp","href":"https:\/\/api.w.org\/{rel}","templated":true}]}}