{"id":43661,"date":"2020-08-10T13:42:12","date_gmt":"2020-08-10T12:42:12","guid":{"rendered":"https:\/\/solcelle.dk\/wordpress\/?post_type=product&#038;p=43661"},"modified":"2024-01-26T11:26:10","modified_gmt":"2024-01-26T10:26:10","slug":"argodiode-80-2ac-2-batterier-80a-med-alternator-energize-input","status":"publish","type":"product","link":"https:\/\/solcelle.dk\/wordpress\/produkt\/argodiode-80-2ac-2-batterier-80a-med-alternator-energize-input\/","title":{"rendered":"ArgoDiode 80-2AC, 2 batterier 80A med Energize Input"},"content":{"rendered":"<p>ArgoDiode 80-2AC, 2 batterier 80 A med Alternator Energize indgang giver mulighed for samtidig opladning af to <a href=\"https:\/\/solcelle.dk\/wordpress\/produkt-kategori\/batterier-syre-lithium-agm-gel-og-pakker\/vision-6fm-serie-agm-batteri\/\">batterier<\/a> fra en generator, uden at forbinde batterierne sammen. De nye \u2018AC\u2019 diode isolatorer har en speciel str\u00f8mbegr\u00e6nset energiindgang, der vil forsyne B+, n\u00e5r motorens start\/stop kontakt er lukket.<\/p>\n<p>Batteri isolatoren har et lavt sp\u00e6ndingsfald ved brug af Schottky dioder. Ved lav str\u00f8m er sp\u00e6nding ca. 0,3 V og ved 80 A ca. 0,45 V. <a href=\"https:\/\/solcelle.dk\/Datablad\/Datasheet-Argo-Diode-Battery-Isolators-EN.pdf\">Download datablad<\/a>.<\/p>\n<p>Tekniske data:<br \/>\n\u2013 Maks. ladestr\u00f8m 80 A<br \/>\n\u2013 Maks. generator str\u00f8m 80 A<br \/>\n\u2013 Antal batterier: 2<br \/>\n\u2013 Generator indgang: JA<br \/>\n\u2013 Forbindelse: M6 bolte<br \/>\n\u2013 M\u00e5l: 60 mm x 120mm x 90 mm \/ 0,6 kg<\/p>\n","protected":false},"excerpt":{"rendered":"<p>Opladning af to\u00a0 batterier fra en generator, uden at forbinde batterierne sammen.<br \/>\nM\u00e5l: 60 x 120 x 90 mm<\/p>\n<p>Levering:2-3 dage<\/p>\n","protected":false},"featured_media":5842,"template":"","meta":{"_predictive_search_focuskw":"","_ps_exclude_item":""},"product_brand":[],"product_cat":[1658],"product_tag":[615,828,192],"class_list":{"0":"post-43661","1":"product","2":"type-product","3":"status-publish","4":"has-post-thumbnail","6":"product_cat-diode-batteri-isolator","7":"product_tag-12v-batteri","8":"product_tag-80a","9":"product_tag-batteriopladning","10":"product_shipping_class-forsendelse","11":"pa_producent-victron-energy","12":"post","13":"post-with-thumbnail","14":"post-with-thumbnail-large","16":"first","17":"instock","18":"taxable","19":"shipping-taxable","20":"purchasable","21":"product-type-simple"},"aioseo_notices":[],"_links":{"self":[{"href":"https:\/\/solcelle.dk\/wordpress\/wp-json\/wp\/v2\/product\/43661","targetHints":{"allow":["GET"]}}],"collection":[{"href":"https:\/\/solcelle.dk\/wordpress\/wp-json\/wp\/v2\/product"}],"about":[{"href":"https:\/\/solcelle.dk\/wordpress\/wp-json\/wp\/v2\/types\/product"}],"wp:featuredmedia":[{"embeddable":true,"href":"https:\/\/solcelle.dk\/wordpress\/wp-json\/wp\/v2\/media\/5842"}],"wp:attachment":[{"href":"https:\/\/solcelle.dk\/wordpress\/wp-json\/wp\/v2\/media?parent=43661"}],"wp:term":[{"taxonomy":"product_brand","embeddable":true,"href":"https:\/\/solcelle.dk\/wordpress\/wp-json\/wp\/v2\/product_brand?post=43661"},{"taxonomy":"product_cat","embeddable":true,"href":"https:\/\/solcelle.dk\/wordpress\/wp-json\/wp\/v2\/product_cat?post=43661"},{"taxonomy":"product_tag","embeddable":true,"href":"https:\/\/solcelle.dk\/wordpress\/wp-json\/wp\/v2\/product_tag?post=43661"}],"curies":[{"name":"wp","href":"https:\/\/api.w.org\/{rel}","templated":true}]}}