{"id":43966,"date":"2022-09-14T10:22:56","date_gmt":"2022-09-14T09:22:56","guid":{"rendered":"https:\/\/solcelle.dk\/wordpress\/?post_type=product&#038;p=43966"},"modified":"2026-05-04T10:32:50","modified_gmt":"2026-05-04T09:32:50","slug":"victron-gx-touch-70-display-til-cerbo-gx","status":"publish","type":"product","link":"https:\/\/solcelle.dk\/wordpress\/produkt\/victron-gx-touch-70-display-til-cerbo-gx\/","title":{"rendered":"Victron Energy GX Touch 70 display til Cerbo GX"},"content":{"rendered":"<p>Victron, GX Touch 70 display til <a href=\"https:\/\/solcelle.dk\/wordpress\/produkt\/victron-cerbo-gx-kommunikationscenter\/\">Cerbo GX<\/a>. Den syv inch store touch sk\u00e6rm giver en \u00f8jeblikkelig oversigt over vores system og lader dig justere indstillingerne p\u00e5 et \u00f8jeblik. <a href=\"https:\/\/kerychip.com\/Diagram\/Datasheet-Cerbo-GX-GX-Touch-EN.pdf\">Download Datablad<\/a>.<\/p>\n<p>Den er forbundet med Cerbo GX med en enkelt ledning, og dens meget tynde vandt\u00e6tte design og enkle installation bringer stor fleksibilitet, n\u00e5r man opretter et skarpt og rent instrumentbr\u00e6ttet.<\/p>\n<p>&#8211; Sk\u00e6rmst\u00f8rrelse: 7&#8243;<br \/>\n&#8211; Sp\u00e6nding: 8 &#8211; 32 VDC<br \/>\n&#8211; Gruppe: Instrument og tilbeh\u00f8r<br \/>\n&#8211; Farve: Sort<br \/>\n&#8211; Enhed: 1stk.<br \/>\n&#8211; H\u00f8jde: 113 mm<br \/>\n&#8211; Bredde: 176 mm<br \/>\n&#8211; Dybde: 14 mm<\/p>\n","protected":false},"excerpt":{"rendered":"<p>Tilbeh\u00f8r til Cerbo GX<br \/>\nSk\u00e6rmst\u00f8rrelse: 7&#8243;<br \/>\nSp\u00e6nding : 8 &#8211; 32 VDC<br \/>\nFarve: Sort<br \/>\nM\u00e5l: 113 x 176 x 14 mm<br \/>\nLevering: 2-6 dage<\/p>\n<p>&nbsp;<\/p>\n","protected":false},"featured_media":33972,"template":"","meta":{"_predictive_search_focuskw":"","_ps_exclude_item":""},"product_brand":[],"product_cat":[941,1035],"product_tag":[327,157,614],"class_list":{"0":"post-43966","1":"product","2":"type-product","3":"status-publish","4":"has-post-thumbnail","6":"product_cat-kabler-sensorer-usb-displays-til-inverter","7":"product_cat-tilbehoer-til-laderegulatorer","8":"product_tag-display","9":"product_tag-telekommunikation","10":"product_tag-victron","11":"product_shipping_class-forsendelse","12":"post","13":"post-with-thumbnail","14":"post-with-thumbnail-large","16":"first","17":"instock","18":"taxable","19":"shipping-taxable","20":"purchasable","21":"product-type-simple"},"aioseo_notices":[],"_links":{"self":[{"href":"https:\/\/solcelle.dk\/wordpress\/wp-json\/wp\/v2\/product\/43966","targetHints":{"allow":["GET"]}}],"collection":[{"href":"https:\/\/solcelle.dk\/wordpress\/wp-json\/wp\/v2\/product"}],"about":[{"href":"https:\/\/solcelle.dk\/wordpress\/wp-json\/wp\/v2\/types\/product"}],"wp:featuredmedia":[{"embeddable":true,"href":"https:\/\/solcelle.dk\/wordpress\/wp-json\/wp\/v2\/media\/33972"}],"wp:attachment":[{"href":"https:\/\/solcelle.dk\/wordpress\/wp-json\/wp\/v2\/media?parent=43966"}],"wp:term":[{"taxonomy":"product_brand","embeddable":true,"href":"https:\/\/solcelle.dk\/wordpress\/wp-json\/wp\/v2\/product_brand?post=43966"},{"taxonomy":"product_cat","embeddable":true,"href":"https:\/\/solcelle.dk\/wordpress\/wp-json\/wp\/v2\/product_cat?post=43966"},{"taxonomy":"product_tag","embeddable":true,"href":"https:\/\/solcelle.dk\/wordpress\/wp-json\/wp\/v2\/product_tag?post=43966"}],"curies":[{"name":"wp","href":"https:\/\/api.w.org\/{rel}","templated":true}]}}