{"id":44114,"date":"2023-09-23T14:31:32","date_gmt":"2023-09-23T13:31:32","guid":{"rendered":"https:\/\/solcelle.dk\/wordpress\/?post_type=product&#038;p=44114"},"modified":"2025-09-16T08:55:38","modified_gmt":"2025-09-16T07:55:38","slug":"6-stk-phaesun-solcelle-panel-pn6m120-380-c-monokrystallinsk","status":"publish","type":"product","link":"https:\/\/solcelle.dk\/wordpress\/produkt\/6-stk-phaesun-solcelle-panel-pn6m120-380-c-monokrystallinsk\/","title":{"rendered":"6 stk. Phaesun solcelle panel PN6M120-380 C, mono"},"content":{"rendered":"<p>6 stk.\u00a0 Phaesun solcelle panel PN6M120-380 C, monokrystallinsk, 380 Wp er robuste solceller med 120 halvceller.\u00a0Solmoduler er designet til industrielle og professionelle applikationer. Kan monteres sammen med<a href=\"https:\/\/solcelle.dk\/wordpress\/produkt-kategori\/inverter-omformer\/inverter-til-nettilslutning-inverter-omformer\/\"> invertere til 230V nettilslutning<\/a>. Samleboksen indeholder bypass-dioder. <a href=\"https:\/\/solcelle.dk\/Datablad\/PN6M120-380 C 310456_DB_DE_EN.pdf\">Download datablad<\/a><\/p>\n<p>Teknisk data:<br \/>\n&#8211; Antal solceller: 6 stk.<br \/>\n&#8211; M\u00e5l: 1755 mm x 1038 mm x 35 mm \/ 20 kg<br \/>\n&#8211; Tolerance: 0 \/ + 5 %<br \/>\n&#8211; Effekt: 380 Watt<br \/>\n&#8211; Str\u00f8m ved P maks.: 9,48 A<br \/>\n&#8211; Sp\u00e6nding ved P maks.: 39,0 V<br \/>\n&#8211; Kortslutningsstr\u00f8m: 9,96 A<br \/>\n&#8211; \u00c5ben kredsl\u00f8bssp\u00e6nding: 47,7 V<br \/>\n&#8211; Temperatur: -40 \u00b0C til + 85 \u00b0C<br \/>\n&#8211; Antal celler: 120<\/p>\n","protected":false},"excerpt":{"rendered":"<p>6 stk. x 380 W solceller,<br \/>\nMed kabel 2x 230 mm \/ 4 mm\u00b2<br \/>\nM\u00e5l:1755 x 1038 x 35 mm\/ 20 kg<br \/>\n<span style=\"color: #0000ff;\"><span style=\"color: #000000;\">Kan ikke hentes<\/span><\/span><\/p>\n<p>Levering: 8-10 dage<\/p>\n","protected":false},"featured_media":39808,"template":"","meta":{"_predictive_search_focuskw":"","_ps_exclude_item":""},"product_brand":[],"product_cat":[948,117],"product_tag":[985,582,354],"class_list":{"0":"post-44114","1":"product","2":"type-product","3":"status-publish","4":"has-post-thumbnail","6":"product_cat-store-solceller-solpaneler-200-450w","7":"product_cat-solceller-til-nettilslutning","8":"product_tag-360watt","9":"product_tag-monokrystallinsk","10":"product_tag-nettilslutning","11":"product_shipping_class-forsendelse","12":"pa_condition-new","13":"post","14":"post-with-thumbnail","15":"post-with-thumbnail-large","17":"first","18":"instock","19":"taxable","20":"shipping-taxable","21":"purchasable","22":"product-type-simple"},"aioseo_notices":[],"_links":{"self":[{"href":"https:\/\/solcelle.dk\/wordpress\/wp-json\/wp\/v2\/product\/44114","targetHints":{"allow":["GET"]}}],"collection":[{"href":"https:\/\/solcelle.dk\/wordpress\/wp-json\/wp\/v2\/product"}],"about":[{"href":"https:\/\/solcelle.dk\/wordpress\/wp-json\/wp\/v2\/types\/product"}],"wp:featuredmedia":[{"embeddable":true,"href":"https:\/\/solcelle.dk\/wordpress\/wp-json\/wp\/v2\/media\/39808"}],"wp:attachment":[{"href":"https:\/\/solcelle.dk\/wordpress\/wp-json\/wp\/v2\/media?parent=44114"}],"wp:term":[{"taxonomy":"product_brand","embeddable":true,"href":"https:\/\/solcelle.dk\/wordpress\/wp-json\/wp\/v2\/product_brand?post=44114"},{"taxonomy":"product_cat","embeddable":true,"href":"https:\/\/solcelle.dk\/wordpress\/wp-json\/wp\/v2\/product_cat?post=44114"},{"taxonomy":"product_tag","embeddable":true,"href":"https:\/\/solcelle.dk\/wordpress\/wp-json\/wp\/v2\/product_tag?post=44114"}],"curies":[{"name":"wp","href":"https:\/\/api.w.org\/{rel}","templated":true}]}}