{"id":44248,"date":"2023-10-11T13:11:52","date_gmt":"2023-10-11T12:11:52","guid":{"rendered":"https:\/\/solcelle.dk\/wordpress\/?post_type=product&#038;p=44248"},"modified":"2026-05-02T14:22:02","modified_gmt":"2026-05-02T13:22:02","slug":"inverter-fronius-symo-3-0-3-m-3kw-3-faset-nettilsluttet","status":"publish","type":"product","link":"https:\/\/solcelle.dk\/wordpress\/produkt\/inverter-fronius-symo-3-0-3-m-3kw-3-faset-nettilsluttet\/","title":{"rendered":"Inverter FRONIUS Symo 3.0-3-M,  3kW, 3-faset, nettilsluttet"},"content":{"rendered":"<p>Inverter FRONIUS Symo 3.0-3-M, 3 kW, 3 faset, nettilsluttet er en trefasede inverter til maks. 6000 Watt solceller. Takket v\u00e6re SuperFlex-designet er Fronius Symo det perfekte svar p\u00e5 uregelm\u00e6ssigt formede eller forskellige tagretninger. <a href=\"https:\/\/solcelle.dk\/Datablad\/SE_DS_Fronius_Symo_EN.pdf\">Download datablad<\/a><\/p>\n<p>K\u00f8b, brug <a href=\"https:\/\/solcelle.dk\/wordpress\/produkt-kategori\/solcellermoduler\/store-solceller-solpaneler-200-450w\/\">store solceller til nettilslutning\u00a0<\/a><\/p>\n<p><strong>Input data\u00a0<\/strong><br \/>\n&#8211; Antal MPP trackere: 2 stk.<br \/>\n&#8211; Maks. indgangs str\u00f8m : 16,0 \/ 16,0 A<br \/>\n&#8211; Maks. kortslutnings str\u00f8m:\u00a0 31 \/ 31 A<br \/>\n&#8211; DC indgangs sp\u00e6nding\u00a0:150 &#8211; 1000 V<br \/>\n&#8211; Start sp\u00e6nding : 200 V<br \/>\n&#8211; Nominel indgangs sp\u00e6nding : 595 V<br \/>\n&#8211; MPP sp\u00e6nding : 150 V til 800 V<br \/>\n&#8211; Anvendelig MPP sp\u00e6nding : 150 V til 800 V<br \/>\n&#8211; Antal forbindelser : 2 + 2 indgange<br \/>\n&#8211; Maks.\u00a0 solceller effekt: 6000 Watt<\/p>\n<p><strong>Output data<br \/>\n<\/strong>&#8211; AC nominel udgang : 3000 W<br \/>\n&#8211; Maks. udgangseffekt : 3000 VA<br \/>\n&#8211; AC udgangsstr\u00f8m : 4,3 A<br \/>\n&#8211; Nettilslutning :\u00a0 400 V \/ 230 V,\u00a0 380 V \/ 220 V<br \/>\n&#8211; AC sp\u00e6nding :150\u00a0 V- 280 V<br \/>\n&#8211; Frekvensomr\u00e5de: 45 Hz &#8211; 65 Hz<\/p>\n<p>&nbsp;<\/p>\n","protected":false},"excerpt":{"rendered":"<p>Til nettilsluttede solcelleanl\u00e6g op til 3kW \/2 MPP-trackere<br \/>\nNominel indgangssp\u00e6nding\u00a0 595 V<br \/>\nDimensioner: 431 x 645 x 204 mm<br \/>\nLevering: efter den 1. 02.2024<\/p>\n","protected":false},"featured_media":36270,"template":"","meta":{"_predictive_search_focuskw":"","_ps_exclude_item":""},"product_brand":[],"product_cat":[123,139],"product_tag":[361,339,354,364],"class_list":{"0":"post-44248","1":"product","2":"type-product","3":"status-publish","4":"has-post-thumbnail","6":"product_cat-inverter-op-til-3000wp","7":"product_cat-inverter-til-nettilslutning-inverter-omformer","8":"product_tag-230vac","9":"product_tag-3kw-nettilsluttet","10":"product_tag-nettilslutning","11":"product_tag-nettilsluttet-inverter","12":"product_shipping_class-forsendelse","13":"pa_condition-new","14":"pa_producent-fronius-international-gmbh","15":"post","16":"post-with-thumbnail","17":"post-with-thumbnail-large","19":"first","20":"instock","21":"taxable","22":"shipping-taxable","23":"purchasable","24":"product-type-simple"},"aioseo_notices":[],"_links":{"self":[{"href":"https:\/\/solcelle.dk\/wordpress\/wp-json\/wp\/v2\/product\/44248","targetHints":{"allow":["GET"]}}],"collection":[{"href":"https:\/\/solcelle.dk\/wordpress\/wp-json\/wp\/v2\/product"}],"about":[{"href":"https:\/\/solcelle.dk\/wordpress\/wp-json\/wp\/v2\/types\/product"}],"wp:featuredmedia":[{"embeddable":true,"href":"https:\/\/solcelle.dk\/wordpress\/wp-json\/wp\/v2\/media\/36270"}],"wp:attachment":[{"href":"https:\/\/solcelle.dk\/wordpress\/wp-json\/wp\/v2\/media?parent=44248"}],"wp:term":[{"taxonomy":"product_brand","embeddable":true,"href":"https:\/\/solcelle.dk\/wordpress\/wp-json\/wp\/v2\/product_brand?post=44248"},{"taxonomy":"product_cat","embeddable":true,"href":"https:\/\/solcelle.dk\/wordpress\/wp-json\/wp\/v2\/product_cat?post=44248"},{"taxonomy":"product_tag","embeddable":true,"href":"https:\/\/solcelle.dk\/wordpress\/wp-json\/wp\/v2\/product_tag?post=44248"}],"curies":[{"name":"wp","href":"https:\/\/api.w.org\/{rel}","templated":true}]}}